{"id":868,"date":"2020-05-19T16:34:58","date_gmt":"2020-05-19T16:34:58","guid":{"rendered":"http:\/\/c2112278.ferozo.com\/?page_id=868"},"modified":"2024-05-23T15:29:10","modified_gmt":"2024-05-23T15:29:10","slug":"salud-mental","status":"publish","type":"page","link":"https:\/\/terapia-ocupacional.org.ar\/?page_id=868","title":{"rendered":"Salud Mental"},"content":{"rendered":"\t\t<div data-elementor-type=\"wp-post\" data-elementor-id=\"868\" class=\"elementor elementor-868\">\n\t\t\t\t\t\t<section class=\"elementor-section elementor-top-section elementor-element elementor-element-d8dd9a6 elementor-section-content-top elementor-section-boxed elementor-section-height-default elementor-section-height-default\" data-id=\"d8dd9a6\" data-element_type=\"section\">\n\t\t\t\t\t\t\t<div class=\"elementor-background-overlay\"><\/div>\n\t\t\t\t\t\t\t<div class=\"elementor-container elementor-column-gap-no\">\n\t\t\t\t\t<div class=\"elementor-column elementor-col-100 elementor-top-column elementor-element elementor-element-91de3ef\" data-id=\"91de3ef\" data-element_type=\"column\">\n\t\t\t<div class=\"elementor-widget-wrap elementor-element-populated\">\n\t\t\t\t\t\t<div class=\"elementor-element elementor-element-d2f0a58 elementor-widget elementor-widget-heading\" data-id=\"d2f0a58\" data-element_type=\"widget\" data-widget_type=\"heading.default\">\n\t\t\t\t<div class=\"elementor-widget-container\">\n\t\t\t<h1 class=\"elementor-heading-title elementor-size-default\">Salud mental<\/h1>\t\t<\/div>\n\t\t\t\t<\/div>\n\t\t\t\t\t<\/div>\n\t\t<\/div>\n\t\t\t\t\t<\/div>\n\t\t<\/section>\n\t\t\t\t<section class=\"elementor-section elementor-top-section elementor-element elementor-element-5a86ec7 elementor-section-boxed elementor-section-height-default elementor-section-height-default\" data-id=\"5a86ec7\" data-element_type=\"section\" data-settings=\"{&quot;background_background&quot;:&quot;classic&quot;}\">\n\t\t\t\t\t\t<div class=\"elementor-container elementor-column-gap-default\">\n\t\t\t\t\t<div class=\"elementor-column elementor-col-100 elementor-top-column elementor-element elementor-element-4a11b909\" data-id=\"4a11b909\" data-element_type=\"column\">\n\t\t\t<div class=\"elementor-widget-wrap elementor-element-populated\">\n\t\t\t\t\t\t<section class=\"elementor-section elementor-inner-section elementor-element elementor-element-21a0a4fc elementor-section-boxed elementor-section-height-default elementor-section-height-default\" data-id=\"21a0a4fc\" data-element_type=\"section\">\n\t\t\t\t\t\t<div class=\"elementor-container elementor-column-gap-default\">\n\t\t\t\t\t<div class=\"elementor-column elementor-col-100 elementor-inner-column elementor-element elementor-element-5c2dd776\" data-id=\"5c2dd776\" data-element_type=\"column\" data-settings=\"{&quot;background_background&quot;:&quot;classic&quot;}\">\n\t\t\t<div class=\"elementor-widget-wrap elementor-element-populated\">\n\t\t\t\t\t\t<div class=\"elementor-element elementor-element-26e6873b elementor-widget__width-inherit elementor-widget elementor-widget-wp-widget-bsearch_search_box\" data-id=\"26e6873b\" data-element_type=\"widget\" data-widget_type=\"wp-widget-bsearch_search_box.default\">\n\t\t\t\t<div class=\"elementor-widget-container\">\n\t\t\t\n\t<div class=\"bsearch-form-container\">\n\t\t<form role=\"search\" method=\"get\" class=\"bsearchform\" action=\"https:\/\/terapia-ocupacional.org.ar\/\">\n\t\t\t<div class=\"bsearch-form-search-field\">\n\t\t\t\t<span class=\"screen-reader-text\">Buscar:<\/span>\n\t\t\t\t<input type=\"search\" class=\"bsearch-field search-field\" placeholder=\"Buscar &hellip;\" value=\"\" name=\"s\" \/>\n\t\t\t<\/div>\n\t\t\t\n\t\t\t<input type=\"submit\" class=\"bsearch-submit searchsubmit search-submit\" value=\"Buscar\" \/>\n\t\t<\/form>\n\t<\/div>\n\t\t\t<\/div>\n\t\t\t\t<\/div>\n\t\t\t\t\t<\/div>\n\t\t<\/div>\n\t\t\t\t\t<\/div>\n\t\t<\/section>\n\t\t\t\t\t<\/div>\n\t\t<\/div>\n\t\t\t\t\t<\/div>\n\t\t<\/section>\n\t\t\t\t<section class=\"elementor-section elementor-top-section elementor-element elementor-element-233a3999 elementor-section-content-middle elementor-section-boxed elementor-section-height-default elementor-section-height-default\" data-id=\"233a3999\" data-element_type=\"section\" data-settings=\"{&quot;background_background&quot;:&quot;classic&quot;}\">\n\t\t\t\t\t\t\t<div class=\"elementor-background-overlay\"><\/div>\n\t\t\t\t\t\t\t<div class=\"elementor-container elementor-column-gap-no\">\n\t\t\t\t\t<div class=\"elementor-column elementor-col-100 elementor-top-column elementor-element elementor-element-2496e318\" data-id=\"2496e318\" data-element_type=\"column\">\n\t\t\t<div class=\"elementor-widget-wrap elementor-element-populated\">\n\t\t\t\t\t\t<section class=\"elementor-section elementor-inner-section elementor-element elementor-element-2a4b9f7a elementor-section-boxed elementor-section-height-default elementor-section-height-default\" data-id=\"2a4b9f7a\" data-element_type=\"section\">\n\t\t\t\t\t\t<div class=\"elementor-container elementor-column-gap-default\">\n\t\t\t\t\t<div class=\"elementor-column elementor-col-100 elementor-inner-column elementor-element elementor-element-538a80a5\" data-id=\"538a80a5\" data-element_type=\"column\">\n\t\t\t<div class=\"elementor-widget-wrap elementor-element-populated\">\n\t\t\t\t\t\t<div class=\"elementor-element elementor-element-628a81b5 elementor-widget elementor-widget-text-editor\" data-id=\"628a81b5\" data-element_type=\"widget\" data-widget_type=\"text-editor.default\">\n\t\t\t\t<div class=\"elementor-widget-container\">\n\t\t\t\t\t\t\t<p><strong>INTEGRANTES:\u00a0 <\/strong>Sandra Spampinato (coordinadora), Guadalupe Yuliano, Sol Arg\u00fcelles Goya, Mar\u00eda Sol Aquila, Victoria Masi, Mar\u00eda Victoria D\u00edaz, Julieta Zugasti, Juan Manuel Zorzoli, Irina De Simone, Julieta Roc\u00edo Fern\u00e1ndez , Daniela Testa.<\/p><p><strong>FUNDAMENTACI\u00d3N:<\/strong><\/p><p>Dentro del campo de la salud -aunque de alg\u00fan modo marginal-, la salud mental ha sido considerada dentro de un amplio espectro, que va tanto desde una perspectiva biologisista a una perspectiva de derechos; pasando por las distintas conceptualizaciones te\u00f3ricas que dan un abanico de posibilidades respecto a los tratamientos del enfermo mental.<\/p><p>Las categor\u00edas biom\u00e9dicas utilizadas en salud mental tienen su base en la representaci\u00f3n social de la locura, categor\u00eda social que engloba una gran cantidad de comportamientos considerados desviados de la norma.<\/p><p>El campo de la salud ha sido organizado de acuerdo a una visi\u00f3n positivista, de manera fragmentada, en distintos campos y especialidades e instituciones y profesiones diversas. Dentro de este variado escenario, las problem\u00e1ticas relacionadas con los v\u00ednculos sociales y afectivos, con la organizaci\u00f3n del discurso, los consumos problem\u00e1ticos; en definitiva, todas aquellas formas de ser y de estar en el mundo consideradas disruptivas o fuera de la norma se comprenden y se conducen hacia el campo de la salud mental.<\/p><p>En tanto el proceso salud- enfermedad est\u00e1 determinado por factores biol\u00f3gicos, sociales y econ\u00f3micos, las distintas estrategias para abordar la atenci\u00f3n de la salud mental han estado determinadas, en gran parte, por los modelos de las pol\u00edticas p\u00fablicas imperantes en cada momento hist\u00f3rico.<\/p><p>En la Argentina, el reconocimiento de los derechos humanos de las personas con padecimientos mentales se convirti\u00f3 en el eje fundamental de los marcos jur\u00eddicos, a partir del proceso inaugurado con la sanci\u00f3n de la Ley N\u00b0448 de Salud Mental de la Ciudad de Buenos Aires y continuado por la Ley Nacional de Salud Mental N\u00b0 26.657.<\/p><p>Ambos marcos jur\u00eddicos legitiman un paradigma alternativo al tradicional en torno a los problemas de salud mental de la sociedad y disponen la transformaci\u00f3n del sistema para favorecer la inclusi\u00f3n social y el acceso a los derechos de los usuarios. Proponen, no s\u00f3lo desactivar las pr\u00e1cticas asilares y crear nuevos dispositivos, \u00a0sino tambi\u00e9n un cambio en la manera de entender el padecimiento mental.<\/p><p>Dichas leyes promueven la equidad, la igualdad y el resguardo de los derechos ante las situaciones de desigualdad y desamparo social y definen la salud mental como un proceso &#8220;determinado por componentes hist\u00f3ricos, socioecon\u00f3micos, culturales, biol\u00f3gicos y psicol\u00f3gicos, cuya preservaci\u00f3n y mejoramiento implica una din\u00e1mica de construcci\u00f3n social&#8230;\u201d (art.3).<\/p><p>En sinton\u00eda con los lineamientos de la Organizaci\u00f3n Mundial de la Salud, establecen abordajes interdisciplinarios e intersectoriales que propicien la participaci\u00f3n social, cultural y econ\u00f3mica de las personas con padecimiento mental.<\/p><p>Los procesos de construcci\u00f3n de cuidados en salud constituyen un tema de inter\u00e9s cada m\u00e1s relevante en las ciencias humanas y sociales en general y de la salud colectiva en particular. Las transacciones de elementos materiales y simb\u00f3licos que se ponen en juego en los procesos de salud-enfermedad-atenci\u00f3n-cuidado, entre las familias, el Estado y el mercado, delimitan el\u00a0 problema\u00a0 de los cuidados en diferentes contextos de experiencias y significados socio pol\u00edticos, \u00a0que ponen en tensi\u00f3n los l\u00edmites de la satisfacci\u00f3n en materia de\u00a0 bienestar y de salud.<\/p><p>Desde este enfoque, se considera la intervenci\u00f3n de la terapia ocupacional en el campo de la salud mental desde una perspectiva integral, que puede incluir un amplio abanico de t\u00e9cnicas y de enfoques,\u00a0 conducida por el enfoque de derechos humanos propuesto y dispuesto por la Ley Nacional de Salud Mental.<\/p><p>Comprender los procesos de inclusi\u00f3n \/ exclusi\u00f3n social, los determinantes sociales de la salud, considerar los procesos hist\u00f3ricos de menosprecio social que atraviesan a los individuos y colectivos con sufrimiento ps\u00edquico se vuelve una tarea indispensable.<\/p><p><strong>PROP\u00d3SITO:<\/strong><strong>\u00a0<\/strong><\/p><p>Promover los intereses de la profesi\u00f3n en los diversos escenarios y \u00e1mbitos de inserci\u00f3n en el campo de la Salud Mental.<\/p><p><strong>EJES ARTICULADORES DE LA ACCI\u00d3N:<\/strong><\/p><p>Se han planteado los siguientes ejes\u00a0articuladores para delinear y establecer los objetivos del Cap\u00edtulo, en tanto proponen dimensiones a partir de las cuales organizar las acciones:<\/p><ul><li>Pol\u00edtico.<\/li><li>Organizacional.<\/li><li>Desempe\u00f1o profesional en el campo de la salud mental.<\/li><li>Producci\u00f3n \/promoci\u00f3n del conocimiento.<\/li><\/ul>\t\t\t\t\t\t<\/div>\n\t\t\t\t<\/div>\n\t\t\t\t\t<\/div>\n\t\t<\/div>\n\t\t\t\t\t<\/div>\n\t\t<\/section>\n\t\t\t\t<section class=\"elementor-section elementor-inner-section elementor-element elementor-element-244cbc9a elementor-section-content-middle elementor-section-boxed elementor-section-height-default elementor-section-height-default\" data-id=\"244cbc9a\" data-element_type=\"section\">\n\t\t\t\t\t\t<div class=\"elementor-container elementor-column-gap-no\">\n\t\t\t\t\t<div class=\"elementor-column elementor-col-100 elementor-inner-column elementor-element elementor-element-2e14c3fb\" data-id=\"2e14c3fb\" data-element_type=\"column\" data-settings=\"{&quot;background_background&quot;:&quot;classic&quot;}\">\n\t\t\t<div class=\"elementor-widget-wrap elementor-element-populated\">\n\t\t\t\t\t\t<div class=\"elementor-element elementor-element-0a208a8 elementor-widget elementor-widget-heading\" data-id=\"0a208a8\" data-element_type=\"widget\" data-widget_type=\"heading.default\">\n\t\t\t\t<div class=\"elementor-widget-container\">\n\t\t\t<h4 class=\"elementor-heading-title elementor-size-default\">Objetivos:<\/h4>\t\t<\/div>\n\t\t\t\t<\/div>\n\t\t\t\t<div class=\"elementor-element elementor-element-f3c4d8c elementor-icon-list--layout-traditional elementor-list-item-link-full_width elementor-widget elementor-widget-icon-list\" data-id=\"f3c4d8c\" data-element_type=\"widget\" data-widget_type=\"icon-list.default\">\n\t\t\t\t<div class=\"elementor-widget-container\">\n\t\t\t\t\t<ul class=\"elementor-icon-list-items\">\n\t\t\t\t\t\t\t<li class=\"elementor-icon-list-item\">\n\t\t\t\t\t\t\t\t\t\t\t<span class=\"elementor-icon-list-icon\">\n\t\t\t\t\t\t\t<i aria-hidden=\"true\" class=\"fas fa-check\"><\/i>\t\t\t\t\t\t<\/span>\n\t\t\t\t\t\t\t\t\t\t<span class=\"elementor-icon-list-text\">Participar en espacios institucionales para la discusi\u00f3n e intercambio sobre las implicancias pol\u00edtico \u2013 organizacionales que conlleva la implementaci\u00f3n del nuevo marco jur\u00eddico en salud mental.<\/span>\n\t\t\t\t\t\t\t\t\t<\/li>\n\t\t\t\t\t\t\t\t<li class=\"elementor-icon-list-item\">\n\t\t\t\t\t\t\t\t\t\t\t<span class=\"elementor-icon-list-icon\">\n\t\t\t\t\t\t\t<i aria-hidden=\"true\" class=\"fas fa-check\"><\/i>\t\t\t\t\t\t<\/span>\n\t\t\t\t\t\t\t\t\t\t<span class=\"elementor-icon-list-text\">Conocer la situaci\u00f3n de los terapistas ocupacionales de todo el pa\u00eds que ejercen la profesi\u00f3n en el campo de salud mental.<\/span>\n\t\t\t\t\t\t\t\t\t<\/li>\n\t\t\t\t\t\t\t\t<li class=\"elementor-icon-list-item\">\n\t\t\t\t\t\t\t\t\t\t\t<span class=\"elementor-icon-list-icon\">\n\t\t\t\t\t\t\t<i aria-hidden=\"true\" class=\"fas fa-check\"><\/i>\t\t\t\t\t\t<\/span>\n\t\t\t\t\t\t\t\t\t\t<span class=\"elementor-icon-list-text\">Promover la inclusi\u00f3n de profesionales terapistas ocupacionales en los efectores contemplados por la Ley Nacional de Salud Mental.<\/span>\n\t\t\t\t\t\t\t\t\t<\/li>\n\t\t\t\t\t\t\t\t<li class=\"elementor-icon-list-item\">\n\t\t\t\t\t\t\t\t\t\t\t<span class=\"elementor-icon-list-icon\">\n\t\t\t\t\t\t\t<i aria-hidden=\"true\" class=\"fas fa-check\"><\/i>\t\t\t\t\t\t<\/span>\n\t\t\t\t\t\t\t\t\t\t<span class=\"elementor-icon-list-text\">Favorecer la incorporaci\u00f3n de los terapistas ocupacionales en \u00e1mbitos de gesti\u00f3n de programas en el campo de la salud mental.<\/span>\n\t\t\t\t\t\t\t\t\t<\/li>\n\t\t\t\t\t\t\t\t<li class=\"elementor-icon-list-item\">\n\t\t\t\t\t\t\t\t\t\t\t<span class=\"elementor-icon-list-icon\">\n\t\t\t\t\t\t\t<i aria-hidden=\"true\" class=\"fas fa-check\"><\/i>\t\t\t\t\t\t<\/span>\n\t\t\t\t\t\t\t\t\t\t<span class=\"elementor-icon-list-text\">Promover la actualizaci\u00f3n, circulaci\u00f3n e intercambio conceptual.<\/span>\n\t\t\t\t\t\t\t\t\t<\/li>\n\t\t\t\t\t\t<\/ul>\n\t\t\t\t<\/div>\n\t\t\t\t<\/div>\n\t\t\t\t\t<\/div>\n\t\t<\/div>\n\t\t\t\t<div class=\"elementor-column elementor-col-100 elementor-inner-column elementor-element elementor-element-f3ee71b\" data-id=\"f3ee71b\" data-element_type=\"column\" data-settings=\"{&quot;background_background&quot;:&quot;classic&quot;}\">\n\t\t\t<div class=\"elementor-widget-wrap elementor-element-populated\">\n\t\t\t\t\t\t<div class=\"elementor-element elementor-element-83b81ef elementor-widget elementor-widget-heading\" data-id=\"83b81ef\" data-element_type=\"widget\" data-widget_type=\"heading.default\">\n\t\t\t\t<div class=\"elementor-widget-container\">\n\t\t\t<h4 class=\"elementor-heading-title elementor-size-default\">Im\u00e1genes:<\/h4>\t\t<\/div>\n\t\t\t\t<\/div>\n\t\t\t\t<div class=\"elementor-element elementor-element-ac74b90 elementor-arrows-position-inside elementor-pagination-position-outside elementor-widget elementor-widget-image-carousel\" data-id=\"ac74b90\" data-element_type=\"widget\" data-settings=\"{&quot;slides_to_show&quot;:&quot;2&quot;,&quot;image_spacing_custom&quot;:{&quot;unit&quot;:&quot;px&quot;,&quot;size&quot;:80,&quot;sizes&quot;:[]},&quot;navigation&quot;:&quot;both&quot;,&quot;autoplay&quot;:&quot;yes&quot;,&quot;pause_on_hover&quot;:&quot;yes&quot;,&quot;pause_on_interaction&quot;:&quot;yes&quot;,&quot;autoplay_speed&quot;:5000,&quot;infinite&quot;:&quot;yes&quot;,&quot;speed&quot;:500,&quot;image_spacing_custom_tablet&quot;:{&quot;unit&quot;:&quot;px&quot;,&quot;size&quot;:&quot;&quot;,&quot;sizes&quot;:[]},&quot;image_spacing_custom_mobile&quot;:{&quot;unit&quot;:&quot;px&quot;,&quot;size&quot;:&quot;&quot;,&quot;sizes&quot;:[]}}\" data-widget_type=\"image-carousel.default\">\n\t\t\t\t<div class=\"elementor-widget-container\">\n\t\t\t\t\t<div class=\"elementor-image-carousel-wrapper swiper\" dir=\"ltr\">\n\t\t\t<div class=\"elementor-image-carousel swiper-wrapper\" aria-live=\"off\">\n\t\t\t\t\t\t\t\t<div class=\"swiper-slide\" role=\"group\" aria-roledescription=\"slide\" aria-label=\"1 de 4\"><a data-elementor-open-lightbox=\"yes\" data-elementor-lightbox-slideshow=\"ac74b90\" data-elementor-lightbox-title=\"1SM\" data-e-action-hash=\"#elementor-action%3Aaction%3Dlightbox%26settings%3DeyJpZCI6MTI3NiwidXJsIjoiaHR0cHM6XC9cL3RlcmFwaWEtb2N1cGFjaW9uYWwub3JnLmFyXC93cC1jb250ZW50XC91cGxvYWRzXC8yMDIwXC8wOFwvMVNNLmpwZyIsInNsaWRlc2hvdyI6ImFjNzRiOTAifQ%3D%3D\" href=\"https:\/\/terapia-ocupacional.org.ar\/wp-content\/uploads\/2020\/08\/1SM.jpg\"><figure class=\"swiper-slide-inner\"><img decoding=\"async\" class=\"swiper-slide-image\" src=\"https:\/\/terapia-ocupacional.org.ar\/wp-content\/uploads\/2020\/08\/1SM-768x768.jpg\" alt=\"1SM\" \/><\/figure><\/a><\/div><div class=\"swiper-slide\" role=\"group\" aria-roledescription=\"slide\" aria-label=\"2 de 4\"><a data-elementor-open-lightbox=\"yes\" data-elementor-lightbox-slideshow=\"ac74b90\" data-elementor-lightbox-title=\"1salud mental\" data-e-action-hash=\"#elementor-action%3Aaction%3Dlightbox%26settings%3DeyJpZCI6MTQ0NCwidXJsIjoiaHR0cHM6XC9cL3RlcmFwaWEtb2N1cGFjaW9uYWwub3JnLmFyXC93cC1jb250ZW50XC91cGxvYWRzXC8yMDIwXC8wOVwvMXNhbHVkLW1lbnRhbC5qcGciLCJzbGlkZXNob3ciOiJhYzc0YjkwIn0%3D\" href=\"https:\/\/terapia-ocupacional.org.ar\/wp-content\/uploads\/2020\/09\/1salud-mental.jpg\"><figure class=\"swiper-slide-inner\"><img decoding=\"async\" class=\"swiper-slide-image\" src=\"https:\/\/terapia-ocupacional.org.ar\/wp-content\/uploads\/2020\/09\/1salud-mental-768x576.jpg\" alt=\"1salud mental\" \/><\/figure><\/a><\/div><div class=\"swiper-slide\" role=\"group\" aria-roledescription=\"slide\" aria-label=\"3 de 4\"><a data-elementor-open-lightbox=\"yes\" data-elementor-lightbox-slideshow=\"ac74b90\" data-elementor-lightbox-title=\"2salud mental\" data-e-action-hash=\"#elementor-action%3Aaction%3Dlightbox%26settings%3DeyJpZCI6MTQ0NSwidXJsIjoiaHR0cHM6XC9cL3RlcmFwaWEtb2N1cGFjaW9uYWwub3JnLmFyXC93cC1jb250ZW50XC91cGxvYWRzXC8yMDIwXC8wOVwvMnNhbHVkLW1lbnRhbC5qcGVnIiwic2xpZGVzaG93IjoiYWM3NGI5MCJ9\" href=\"https:\/\/terapia-ocupacional.org.ar\/wp-content\/uploads\/2020\/09\/2salud-mental.jpeg\"><figure class=\"swiper-slide-inner\"><img decoding=\"async\" class=\"swiper-slide-image\" src=\"https:\/\/terapia-ocupacional.org.ar\/wp-content\/uploads\/2020\/09\/2salud-mental-768x410.jpeg\" alt=\"2salud mental\" \/><\/figure><\/a><\/div><div class=\"swiper-slide\" role=\"group\" aria-roledescription=\"slide\" aria-label=\"4 de 4\"><a data-elementor-open-lightbox=\"yes\" data-elementor-lightbox-slideshow=\"ac74b90\" data-elementor-lightbox-title=\"3salud mental\" data-e-action-hash=\"#elementor-action%3Aaction%3Dlightbox%26settings%3DeyJpZCI6MTQ0NiwidXJsIjoiaHR0cHM6XC9cL3RlcmFwaWEtb2N1cGFjaW9uYWwub3JnLmFyXC93cC1jb250ZW50XC91cGxvYWRzXC8yMDIwXC8wOVwvM3NhbHVkLW1lbnRhbC5qcGciLCJzbGlkZXNob3ciOiJhYzc0YjkwIn0%3D\" href=\"https:\/\/terapia-ocupacional.org.ar\/wp-content\/uploads\/2020\/09\/3salud-mental.jpg\"><figure class=\"swiper-slide-inner\"><img decoding=\"async\" class=\"swiper-slide-image\" src=\"https:\/\/terapia-ocupacional.org.ar\/wp-content\/uploads\/2020\/09\/3salud-mental-768x576.jpg\" alt=\"3salud mental\" \/><\/figure><\/a><\/div>\t\t\t<\/div>\n\t\t\t\t\t\t\t\t\t\t\t\t<div class=\"elementor-swiper-button elementor-swiper-button-prev\" role=\"button\" tabindex=\"0\">\n\t\t\t\t\t\t<i aria-hidden=\"true\" class=\"eicon-chevron-left\"><\/i>\t\t\t\t\t<\/div>\n\t\t\t\t\t<div class=\"elementor-swiper-button elementor-swiper-button-next\" role=\"button\" tabindex=\"0\">\n\t\t\t\t\t\t<i aria-hidden=\"true\" class=\"eicon-chevron-right\"><\/i>\t\t\t\t\t<\/div>\n\t\t\t\t\n\t\t\t\t\t\t\t\t\t<div class=\"swiper-pagination\"><\/div>\n\t\t\t\t\t\t\t\t\t<\/div>\n\t\t\t\t<\/div>\n\t\t\t\t<\/div>\n\t\t\t\t\t<\/div>\n\t\t<\/div>\n\t\t\t\t\t<\/div>\n\t\t<\/section>\n\t\t\t\t<section class=\"elementor-section elementor-inner-section elementor-element elementor-element-86f2858 elementor-section-content-middle elementor-section-boxed elementor-section-height-default elementor-section-height-default\" data-id=\"86f2858\" data-element_type=\"section\">\n\t\t\t\t\t\t<div class=\"elementor-container elementor-column-gap-no\">\n\t\t\t\t\t<div class=\"elementor-column elementor-col-100 elementor-inner-column elementor-element elementor-element-3b71a1da\" data-id=\"3b71a1da\" data-element_type=\"column\" data-settings=\"{&quot;background_background&quot;:&quot;classic&quot;}\">\n\t\t\t<div class=\"elementor-widget-wrap elementor-element-populated\">\n\t\t\t\t\t\t<div class=\"elementor-element elementor-element-2e857096 elementor-widget elementor-widget-heading\" data-id=\"2e857096\" data-element_type=\"widget\" data-widget_type=\"heading.default\">\n\t\t\t\t<div class=\"elementor-widget-container\">\n\t\t\t<h2 class=\"elementor-heading-title elementor-size-default\">Informaci\u00f3n<\/h2>\t\t<\/div>\n\t\t\t\t<\/div>\n\t\t\t\t<div class=\"elementor-element elementor-element-73697ec elementor-grid-eael-col-3 elementor-grid-tablet-eael-col-2 elementor-grid-mobile-eael-col-1 elementor-widget elementor-widget-eael-post-grid\" data-id=\"73697ec\" data-element_type=\"widget\" data-settings=\"{&quot;eael_post_grid_columns&quot;:&quot;eael-col-3&quot;,&quot;eael_post_grid_columns_tablet&quot;:&quot;eael-col-2&quot;,&quot;eael_post_grid_columns_mobile&quot;:&quot;eael-col-1&quot;}\" data-widget_type=\"eael-post-grid.default\">\n\t\t\t\t<div class=\"elementor-widget-container\">\n\t\t\t<div id=\"eael-post-grid-73697ec\" class=\"eael-post-grid-container\">\n            <div class=\"eael-post-grid eael-post-appender eael-post-appender-73697ec eael-post-grid-style-two\" data-layout-mode=\"masonry\"><article class=\"eael-grid-post eael-post-grid-column\" data-id=\"1281\">\n        <div class=\"eael-grid-post-holder\">\n            <div class=\"eael-grid-post-holder-inner\"><div class=\"eael-entry-wrapper\"><header class=\"eael-entry-header\"><h5 class=\"eael-entry-title\"><a\n                                    class=\"eael-grid-post-link\"\n                                    href=\"https:\/\/terapia-ocupacional.org.ar\/?p=1281\"\n                                    title=\"SINTESIS DE GESTI\u00d3N CCH 2014-2018\"target=\"_blank\">SINTESIS DE GESTI\u00d3N CCH 2014-2018<\/a><\/h5><\/header><div class=\"eael-entry-content\">\n                                    <div class=\"eael-grid-post-excerpt\"><p>INFORM SM S\u00edntesis-Gesti\u00f3n-CCH-2014-2018Descarga<\/p><a\n                                        href=\"https:\/\/terapia-ocupacional.org.ar\/?p=1281\"\n                                        class=\"eael-post-elements-readmore-btn\"target=\"_blank\">Leer m\u00e1s<\/a><\/div>\n                                <\/div><div class=\"eael-entry-header-after style-two\"><div class=\"eael-entry-meta\"><span class=\"eael-meta-posted-on\"><i class=\"far fa-clock\"><\/i><time datetime=\"agosto 11, 2020\">agosto 11, 2020<\/time><\/span><\/div><\/div><\/div><\/div>\n        <\/div>\n    <\/article><article class=\"eael-grid-post eael-post-grid-column\" data-id=\"1277\">\n        <div class=\"eael-grid-post-holder\">\n            <div class=\"eael-grid-post-holder-inner\"><div class=\"eael-entry-wrapper\"><header class=\"eael-entry-header\"><h5 class=\"eael-entry-title\"><a\n                                    class=\"eael-grid-post-link\"\n                                    href=\"https:\/\/terapia-ocupacional.org.ar\/?p=1277\"\n                                    title=\"Declaraci\u00f3n &#8220;Hacer con Otros&#8221;\"target=\"_blank\">Declaraci\u00f3n &#8220;Hacer con Otros&#8221;<\/a><\/h5><\/header><div class=\"eael-entry-content\">\n                                    <div class=\"eael-grid-post-excerpt\"><p>info SM Declaracion-Hacer-con-Otros-CCHDescarga<\/p><a\n                                        href=\"https:\/\/terapia-ocupacional.org.ar\/?p=1277\"\n                                        class=\"eael-post-elements-readmore-btn\"target=\"_blank\">Leer m\u00e1s<\/a><\/div>\n                                <\/div><div class=\"eael-entry-header-after style-two\"><div class=\"eael-entry-meta\"><span class=\"eael-meta-posted-on\"><i class=\"far fa-clock\"><\/i><time datetime=\"agosto 11, 2020\">agosto 11, 2020<\/time><\/span><\/div><\/div><\/div><\/div>\n        <\/div>\n    <\/article><\/div>\n            <div class=\"clearfix\"><\/div>\n        <\/div>\t\t<\/div>\n\t\t\t\t<\/div>\n\t\t\t\t\t<\/div>\n\t\t<\/div>\n\t\t\t\t\t<\/div>\n\t\t<\/section>\n\t\t\t\t\t<\/div>\n\t\t<\/div>\n\t\t\t\t\t<\/div>\n\t\t<\/section>\n\t\t\t\t<\/div>\n\t\t","protected":false},"excerpt":{"rendered":"<p>Salud mental INTEGRANTES:\u00a0 Sandra Spampinato (coordinadora), Guadalupe Yuliano, Sol Arg\u00fcelles Goya, Mar\u00eda Sol Aquila, Victoria Masi, Mar\u00eda Victoria D\u00edaz, Julieta Zugasti, Juan Manuel Zorzoli, Irina De Simone, Julieta Roc\u00edo Fern\u00e1ndez , Daniela Testa. FUNDAMENTACI\u00d3N: Dentro del campo de la salud -aunque de alg\u00fan modo marginal-, la salud mental ha sido considerada dentro de un amplio &hellip;<\/p>\n<p class=\"read-more\"> <a class=\"\" href=\"https:\/\/terapia-ocupacional.org.ar\/?p=1277\"> <span class=\"screen-reader-text\">Declaraci\u00f3n &#8220;Hacer con Otros&#8221;<\/span> Leer m\u00e1s &raquo;<\/a><\/p>\n","protected":false},"author":18,"featured_media":0,"parent":0,"menu_order":0,"comment_status":"closed","ping_status":"closed","template":"","meta":{"_uag_custom_page_level_css":"","footnotes":""},"uagb_featured_image_src":{"full":false,"thumbnail":false,"medium":false,"medium_large":false,"large":false,"1536x1536":false,"2048x2048":false},"uagb_author_info":{"display_name":"","author_link":"https:\/\/terapia-ocupacional.org.ar\/?author=18"},"uagb_comment_info":0,"uagb_excerpt":"Salud mental INTEGRANTES:\u00a0 Sandra Spampinato (coordinadora), Guadalupe Yuliano, Sol Arg\u00fcelles Goya, Mar\u00eda Sol Aquila, Victoria Masi, Mar\u00eda Victoria D\u00edaz, Julieta Zugasti, Juan Manuel Zorzoli, Irina De Simone, Julieta Roc\u00edo Fern\u00e1ndez , Daniela Testa. FUNDAMENTACI\u00d3N: Dentro del campo de la salud -aunque de alg\u00fan modo marginal-, la salud mental ha sido considerada dentro de un amplio&hellip;","_links":{"self":[{"href":"https:\/\/terapia-ocupacional.org.ar\/index.php?rest_route=\/wp\/v2\/pages\/868"}],"collection":[{"href":"https:\/\/terapia-ocupacional.org.ar\/index.php?rest_route=\/wp\/v2\/pages"}],"about":[{"href":"https:\/\/terapia-ocupacional.org.ar\/index.php?rest_route=\/wp\/v2\/types\/page"}],"author":[{"embeddable":true,"href":"https:\/\/terapia-ocupacional.org.ar\/index.php?rest_route=\/wp\/v2\/users\/18"}],"replies":[{"embeddable":true,"href":"https:\/\/terapia-ocupacional.org.ar\/index.php?rest_route=%2Fwp%2Fv2%2Fcomments&post=868"}],"version-history":[{"count":26,"href":"https:\/\/terapia-ocupacional.org.ar\/index.php?rest_route=\/wp\/v2\/pages\/868\/revisions"}],"predecessor-version":[{"id":2120,"href":"https:\/\/terapia-ocupacional.org.ar\/index.php?rest_route=\/wp\/v2\/pages\/868\/revisions\/2120"}],"wp:attachment":[{"href":"https:\/\/terapia-ocupacional.org.ar\/index.php?rest_route=%2Fwp%2Fv2%2Fmedia&parent=868"}],"curies":[{"name":"wp","href":"https:\/\/api.w.org\/{rel}","templated":true}]}}