{"id":865,"date":"2020-05-19T16:29:24","date_gmt":"2020-05-19T16:29:24","guid":{"rendered":"http:\/\/c2112278.ferozo.com\/?page_id=865"},"modified":"2025-12-15T18:01:55","modified_gmt":"2025-12-15T18:01:55","slug":"gerontologia","status":"publish","type":"page","link":"https:\/\/terapia-ocupacional.org.ar\/?page_id=865","title":{"rendered":"Gerontolog\u00eda"},"content":{"rendered":"\t\t<div data-elementor-type=\"wp-post\" data-elementor-id=\"865\" class=\"elementor elementor-865\">\n\t\t\t\t\t\t<section class=\"elementor-section elementor-top-section elementor-element elementor-element-025f7d2 elementor-section-content-top elementor-section-boxed elementor-section-height-default elementor-section-height-default\" data-id=\"025f7d2\" data-element_type=\"section\">\n\t\t\t\t\t\t\t<div class=\"elementor-background-overlay\"><\/div>\n\t\t\t\t\t\t\t<div class=\"elementor-container elementor-column-gap-no\">\n\t\t\t\t\t<div class=\"elementor-column elementor-col-100 elementor-top-column elementor-element elementor-element-ce30bca\" data-id=\"ce30bca\" data-element_type=\"column\">\n\t\t\t<div class=\"elementor-widget-wrap elementor-element-populated\">\n\t\t\t\t\t\t<div class=\"elementor-element elementor-element-4b956a4 elementor-widget elementor-widget-heading\" data-id=\"4b956a4\" data-element_type=\"widget\" data-widget_type=\"heading.default\">\n\t\t\t\t<div class=\"elementor-widget-container\">\n\t\t\t<h1 class=\"elementor-heading-title elementor-size-default\">Gerontolog\u00eda<\/h1>\t\t<\/div>\n\t\t\t\t<\/div>\n\t\t\t\t\t<\/div>\n\t\t<\/div>\n\t\t\t\t\t<\/div>\n\t\t<\/section>\n\t\t\t\t<section class=\"elementor-section elementor-top-section elementor-element elementor-element-db9bca elementor-section-boxed elementor-section-height-default elementor-section-height-default\" data-id=\"db9bca\" data-element_type=\"section\" data-settings=\"{&quot;background_background&quot;:&quot;classic&quot;}\">\n\t\t\t\t\t\t<div class=\"elementor-container elementor-column-gap-default\">\n\t\t\t\t\t<div class=\"elementor-column elementor-col-100 elementor-top-column elementor-element elementor-element-617fe480\" data-id=\"617fe480\" data-element_type=\"column\">\n\t\t\t<div class=\"elementor-widget-wrap elementor-element-populated\">\n\t\t\t\t\t\t<section class=\"elementor-section elementor-inner-section elementor-element elementor-element-6235d5a2 elementor-section-boxed elementor-section-height-default elementor-section-height-default\" data-id=\"6235d5a2\" data-element_type=\"section\">\n\t\t\t\t\t\t<div class=\"elementor-container elementor-column-gap-default\">\n\t\t\t\t\t<div class=\"elementor-column elementor-col-100 elementor-inner-column elementor-element elementor-element-7ad4f286\" data-id=\"7ad4f286\" data-element_type=\"column\" data-settings=\"{&quot;background_background&quot;:&quot;classic&quot;}\">\n\t\t\t<div class=\"elementor-widget-wrap elementor-element-populated\">\n\t\t\t\t\t\t<div class=\"elementor-element elementor-element-6624ac03 elementor-widget__width-inherit elementor-widget elementor-widget-wp-widget-bsearch_search_box\" data-id=\"6624ac03\" data-element_type=\"widget\" data-widget_type=\"wp-widget-bsearch_search_box.default\">\n\t\t\t\t<div class=\"elementor-widget-container\">\n\t\t\t\n\t<div class=\"bsearch-form-container\">\n\t\t<form role=\"search\" method=\"get\" class=\"bsearchform\" action=\"https:\/\/terapia-ocupacional.org.ar\/\">\n\t\t\t<div class=\"bsearch-form-search-field\">\n\t\t\t\t<span class=\"screen-reader-text\">Buscar:<\/span>\n\t\t\t\t<input type=\"search\" class=\"bsearch-field search-field\" placeholder=\"Buscar &hellip;\" value=\"\" name=\"s\" \/>\n\t\t\t<\/div>\n\t\t\t\n\t\t\t<input type=\"submit\" class=\"bsearch-submit searchsubmit search-submit\" value=\"Buscar\" \/>\n\t\t<\/form>\n\t<\/div>\n\t\t\t<\/div>\n\t\t\t\t<\/div>\n\t\t\t\t\t<\/div>\n\t\t<\/div>\n\t\t\t\t\t<\/div>\n\t\t<\/section>\n\t\t\t\t\t<\/div>\n\t\t<\/div>\n\t\t\t\t\t<\/div>\n\t\t<\/section>\n\t\t\t\t<section class=\"elementor-section elementor-top-section elementor-element elementor-element-233a3999 elementor-section-content-middle elementor-section-boxed elementor-section-height-default elementor-section-height-default\" data-id=\"233a3999\" data-element_type=\"section\" data-settings=\"{&quot;background_background&quot;:&quot;classic&quot;}\">\n\t\t\t\t\t\t\t<div class=\"elementor-background-overlay\"><\/div>\n\t\t\t\t\t\t\t<div class=\"elementor-container elementor-column-gap-no\">\n\t\t\t\t\t<div class=\"elementor-column elementor-col-100 elementor-top-column elementor-element elementor-element-2496e318\" data-id=\"2496e318\" data-element_type=\"column\">\n\t\t\t<div class=\"elementor-widget-wrap elementor-element-populated\">\n\t\t\t\t\t\t<section class=\"elementor-section elementor-inner-section elementor-element elementor-element-2a4b9f7a elementor-section-boxed elementor-section-height-default elementor-section-height-default\" data-id=\"2a4b9f7a\" data-element_type=\"section\">\n\t\t\t\t\t\t<div class=\"elementor-container elementor-column-gap-default\">\n\t\t\t\t\t<div class=\"elementor-column elementor-col-100 elementor-inner-column elementor-element elementor-element-538a80a5\" data-id=\"538a80a5\" data-element_type=\"column\">\n\t\t\t<div class=\"elementor-widget-wrap elementor-element-populated\">\n\t\t\t\t\t\t<div class=\"elementor-element elementor-element-628a81b5 elementor-widget elementor-widget-text-editor\" data-id=\"628a81b5\" data-element_type=\"widget\" data-widget_type=\"text-editor.default\">\n\t\t\t\t<div class=\"elementor-widget-container\">\n\t\t\t\t\t\t\t<p><strong>Integrantes del Cap\u00edtulo<\/strong><\/p>\n<p>Coordinan:&nbsp;Lics. TO&nbsp;<span style=\"font-size: 15px; font-style: normal; font-weight: 400;\">Sandra Claria y&nbsp; Natalia Javelier<\/span><span style=\"font-size: 15px;\">.&nbsp; Participan: &nbsp;Lics. TOs. Monica Schwartz, Maria P\u00eda Saur\u00e9, Jimena Garriga, Sabrina Tiseira, Diana Garc\u00eda, Mara Maslavski,&nbsp;<\/span><span style=\"font-size: 15px; font-style: normal; font-weight: 400;\">Diana Muras,<\/span><span style=\"font-size: 15px;\">&nbsp;Cecilia P\u00e9rez Ruffa, Mar\u00eda Laura Finauri &nbsp;y Mar\u00eda Elena Torres.<\/span><\/p>\n<p>Desde 2014 el Cap\u00edtulo de Gerontolog\u00eda se propone crear un marco de&nbsp;intercambio humanizado y t\u00e9cnico, que nos estimule a un compartir&nbsp;propositivo, invitando a sumarse a todo actor interesado.<\/p>\n<p><strong>Qu\u00e9 hacemos?<\/strong><\/p>\n<ul>\n<li>Conversatorios dirigidos a estudiantes de diferentes Universidades con&nbsp;el prop\u00f3sito de difundir el trabajo de Terapia Ocupacional en el \u00e1mbito&nbsp;Gerontol\u00f3gico&nbsp;<\/li>\n<li>Presentaciones en Jornadas y Congresos relacionados con la tem\u00e1tica&nbsp;de Adultos Mayores<\/li>\n<li>Encuentros entre colegas interesados en el campo Gerontol\u00f3gico<\/li>\n<li>Participaciones en publicaciones &nbsp;colectivas.<\/li>\n<li>Durante el 2020 e<span style=\"font-size: 16px;\">n tiempos de Pandemia el Cap\u00edtulo de Gerontolog\u00eda ofrece clases&nbsp;<\/span><span style=\"font-size: 16px;\">virtuales a distintas Universidades.<\/span><\/li>\n<\/ul>\t\t\t\t\t\t<\/div>\n\t\t\t\t<\/div>\n\t\t\t\t\t<\/div>\n\t\t<\/div>\n\t\t\t\t\t<\/div>\n\t\t<\/section>\n\t\t\t\t<section class=\"elementor-section elementor-inner-section elementor-element elementor-element-244cbc9a elementor-section-content-middle elementor-section-boxed elementor-section-height-default elementor-section-height-default\" data-id=\"244cbc9a\" data-element_type=\"section\">\n\t\t\t\t\t\t<div class=\"elementor-container elementor-column-gap-no\">\n\t\t\t\t\t<div class=\"elementor-column elementor-col-50 elementor-inner-column elementor-element elementor-element-2e14c3fb\" data-id=\"2e14c3fb\" data-element_type=\"column\" data-settings=\"{&quot;background_background&quot;:&quot;classic&quot;}\">\n\t\t\t<div class=\"elementor-widget-wrap elementor-element-populated\">\n\t\t\t\t\t\t<div class=\"elementor-element elementor-element-0a208a8 elementor-widget elementor-widget-heading\" data-id=\"0a208a8\" data-element_type=\"widget\" data-widget_type=\"heading.default\">\n\t\t\t\t<div class=\"elementor-widget-container\">\n\t\t\t<h4 class=\"elementor-heading-title elementor-size-default\">Objetivos:<\/h4>\t\t<\/div>\n\t\t\t\t<\/div>\n\t\t\t\t<div class=\"elementor-element elementor-element-f3c4d8c elementor-icon-list--layout-traditional elementor-list-item-link-full_width elementor-widget elementor-widget-icon-list\" data-id=\"f3c4d8c\" data-element_type=\"widget\" data-widget_type=\"icon-list.default\">\n\t\t\t\t<div class=\"elementor-widget-container\">\n\t\t\t\t\t<ul class=\"elementor-icon-list-items\">\n\t\t\t\t\t\t\t<li class=\"elementor-icon-list-item\">\n\t\t\t\t\t\t\t\t\t\t\t<span class=\"elementor-icon-list-icon\">\n\t\t\t\t\t\t\t<i aria-hidden=\"true\" class=\"fas fa-check\"><\/i>\t\t\t\t\t\t<\/span>\n\t\t\t\t\t\t\t\t\t\t<span class=\"elementor-icon-list-text\">Conocer y relevar a los profesionales que se desempe\u00f1an en el \u00e1rea dentro del \u00e1mbito p\u00fablico y privado para generar gradualmente una base de datos.<\/span>\n\t\t\t\t\t\t\t\t\t<\/li>\n\t\t\t\t\t\t\t\t<li class=\"elementor-icon-list-item\">\n\t\t\t\t\t\t\t\t\t\t\t<span class=\"elementor-icon-list-icon\">\n\t\t\t\t\t\t\t<i aria-hidden=\"true\" class=\"fas fa-check\"><\/i>\t\t\t\t\t\t<\/span>\n\t\t\t\t\t\t\t\t\t\t<span class=\"elementor-icon-list-text\">Generar espacios de encuentro y reflexi\u00f3n sobre la pr\u00e1ctica cotidiana<\/span>\n\t\t\t\t\t\t\t\t\t<\/li>\n\t\t\t\t\t\t\t\t<li class=\"elementor-icon-list-item\">\n\t\t\t\t\t\t\t\t\t\t\t<span class=\"elementor-icon-list-icon\">\n\t\t\t\t\t\t\t<i aria-hidden=\"true\" class=\"fas fa-check\"><\/i>\t\t\t\t\t\t<\/span>\n\t\t\t\t\t\t\t\t\t\t<span class=\"elementor-icon-list-text\">Iniciar el  registro  de datos, sobre recursos pertinentes al \u00e1rea para su difusi\u00f3n y utilizaci\u00f3n.<\/span>\n\t\t\t\t\t\t\t\t\t<\/li>\n\t\t\t\t\t\t\t\t<li class=\"elementor-icon-list-item\">\n\t\t\t\t\t\t\t\t\t\t\t<span class=\"elementor-icon-list-icon\">\n\t\t\t\t\t\t\t<i aria-hidden=\"true\" class=\"fas fa-check\"><\/i>\t\t\t\t\t\t<\/span>\n\t\t\t\t\t\t\t\t\t\t<span class=\"elementor-icon-list-text\">Revisar la pr\u00e1ctica profesional en los dispositivos existentes.<\/span>\n\t\t\t\t\t\t\t\t\t<\/li>\n\t\t\t\t\t\t\t\t<li class=\"elementor-icon-list-item\">\n\t\t\t\t\t\t\t\t\t\t\t<span class=\"elementor-icon-list-icon\">\n\t\t\t\t\t\t\t<i aria-hidden=\"true\" class=\"fas fa-check\"><\/i>\t\t\t\t\t\t<\/span>\n\t\t\t\t\t\t\t\t\t\t<span class=\"elementor-icon-list-text\"> Conocer  diferentes marcos te\u00f3ricos,  dentro de la practica en el \u00e1rea<\/span>\n\t\t\t\t\t\t\t\t\t<\/li>\n\t\t\t\t\t\t\t\t<li class=\"elementor-icon-list-item\">\n\t\t\t\t\t\t\t\t\t\t\t<span class=\"elementor-icon-list-icon\">\n\t\t\t\t\t\t\t<i aria-hidden=\"true\" class=\"fas fa-check\"><\/i>\t\t\t\t\t\t<\/span>\n\t\t\t\t\t\t\t\t\t\t<span class=\"elementor-icon-list-text\">Conocer y difundir el desarrollo de pol\u00edticas p\u00fablicas relacionadas con la gerontolog\u00eda.<\/span>\n\t\t\t\t\t\t\t\t\t<\/li>\n\t\t\t\t\t\t\t\t<li class=\"elementor-icon-list-item\">\n\t\t\t\t\t\t\t\t\t\t\t<span class=\"elementor-icon-list-icon\">\n\t\t\t\t\t\t\t<i aria-hidden=\"true\" class=\"fas fa-check\"><\/i>\t\t\t\t\t\t<\/span>\n\t\t\t\t\t\t\t\t\t\t<span class=\"elementor-icon-list-text\">Promover la difusi\u00f3n de nuestra  disciplina en diferentes \u00e1mbitos de trabajo gerontol\u00f3gico.<\/span>\n\t\t\t\t\t\t\t\t\t<\/li>\n\t\t\t\t\t\t<\/ul>\n\t\t\t\t<\/div>\n\t\t\t\t<\/div>\n\t\t\t\t\t<\/div>\n\t\t<\/div>\n\t\t\t\t<div class=\"elementor-column elementor-col-50 elementor-inner-column elementor-element elementor-element-a8ce793\" data-id=\"a8ce793\" data-element_type=\"column\" data-settings=\"{&quot;background_background&quot;:&quot;classic&quot;}\">\n\t\t\t<div class=\"elementor-widget-wrap elementor-element-populated\">\n\t\t\t\t\t\t<div class=\"elementor-element elementor-element-f81a3a0 elementor-widget elementor-widget-heading\" data-id=\"f81a3a0\" data-element_type=\"widget\" data-widget_type=\"heading.default\">\n\t\t\t\t<div class=\"elementor-widget-container\">\n\t\t\t<h4 class=\"elementor-heading-title elementor-size-default\">Im\u00e1genes<\/h4>\t\t<\/div>\n\t\t\t\t<\/div>\n\t\t\t\t<div class=\"elementor-element elementor-element-467fb92 elementor-arrows-position-inside elementor-pagination-position-outside elementor-widget elementor-widget-image-carousel\" data-id=\"467fb92\" data-element_type=\"widget\" data-settings=\"{&quot;slides_to_show&quot;:&quot;1&quot;,&quot;navigation&quot;:&quot;both&quot;,&quot;autoplay&quot;:&quot;yes&quot;,&quot;pause_on_hover&quot;:&quot;yes&quot;,&quot;pause_on_interaction&quot;:&quot;yes&quot;,&quot;autoplay_speed&quot;:5000,&quot;infinite&quot;:&quot;yes&quot;,&quot;effect&quot;:&quot;slide&quot;,&quot;speed&quot;:500}\" data-widget_type=\"image-carousel.default\">\n\t\t\t\t<div class=\"elementor-widget-container\">\n\t\t\t\t\t<div class=\"elementor-image-carousel-wrapper swiper\" dir=\"ltr\">\n\t\t\t<div class=\"elementor-image-carousel swiper-wrapper\" aria-live=\"off\">\n\t\t\t\t\t\t\t\t<div class=\"swiper-slide\" role=\"group\" aria-roledescription=\"slide\" aria-label=\"1 de 2\"><figure class=\"swiper-slide-inner\"><img decoding=\"async\" class=\"swiper-slide-image\" src=\"https:\/\/terapia-ocupacional.org.ar\/wp-content\/uploads\/2020\/08\/info-geronto-768x644.jpg\" alt=\"info geronto\" \/><\/figure><\/div><div class=\"swiper-slide\" role=\"group\" aria-roledescription=\"slide\" aria-label=\"2 de 2\"><figure class=\"swiper-slide-inner\"><img decoding=\"async\" class=\"swiper-slide-image\" src=\"https:\/\/terapia-ocupacional.org.ar\/wp-content\/uploads\/2020\/08\/info-geronto-1-768x614.jpg\" alt=\"info geronto 1\" \/><\/figure><\/div>\t\t\t<\/div>\n\t\t\t\t\t\t\t\t\t\t\t\t<div class=\"elementor-swiper-button elementor-swiper-button-prev\" role=\"button\" tabindex=\"0\">\n\t\t\t\t\t\t<i aria-hidden=\"true\" class=\"eicon-chevron-left\"><\/i>\t\t\t\t\t<\/div>\n\t\t\t\t\t<div class=\"elementor-swiper-button elementor-swiper-button-next\" role=\"button\" tabindex=\"0\">\n\t\t\t\t\t\t<i aria-hidden=\"true\" class=\"eicon-chevron-right\"><\/i>\t\t\t\t\t<\/div>\n\t\t\t\t\n\t\t\t\t\t\t\t\t\t<div class=\"swiper-pagination\"><\/div>\n\t\t\t\t\t\t\t\t\t<\/div>\n\t\t\t\t<\/div>\n\t\t\t\t<\/div>\n\t\t\t\t\t<\/div>\n\t\t<\/div>\n\t\t\t\t\t<\/div>\n\t\t<\/section>\n\t\t\t\t<section class=\"elementor-section elementor-inner-section elementor-element elementor-element-17c5136 elementor-section-content-middle elementor-section-boxed elementor-section-height-default elementor-section-height-default\" data-id=\"17c5136\" data-element_type=\"section\">\n\t\t\t\t\t\t<div class=\"elementor-container elementor-column-gap-no\">\n\t\t\t\t\t<div class=\"elementor-column elementor-col-100 elementor-inner-column elementor-element elementor-element-e7b011e\" data-id=\"e7b011e\" data-element_type=\"column\" data-settings=\"{&quot;background_background&quot;:&quot;classic&quot;}\">\n\t\t\t<div class=\"elementor-widget-wrap elementor-element-populated\">\n\t\t\t\t\t\t<div class=\"elementor-element elementor-element-37c33dfd elementor-widget elementor-widget-heading\" data-id=\"37c33dfd\" data-element_type=\"widget\" data-widget_type=\"heading.default\">\n\t\t\t\t<div class=\"elementor-widget-container\">\n\t\t\t<h2 class=\"elementor-heading-title elementor-size-default\">Informaci\u00f3n<\/h2>\t\t<\/div>\n\t\t\t\t<\/div>\n\t\t\t\t<div class=\"elementor-element elementor-element-46b3ae1a elementor-grid-eael-col-3 elementor-grid-tablet-eael-col-2 elementor-grid-mobile-eael-col-1 elementor-widget elementor-widget-eael-post-grid\" data-id=\"46b3ae1a\" data-element_type=\"widget\" data-settings=\"{&quot;eael_post_grid_columns&quot;:&quot;eael-col-3&quot;,&quot;eael_post_grid_columns_tablet&quot;:&quot;eael-col-2&quot;,&quot;eael_post_grid_columns_mobile&quot;:&quot;eael-col-1&quot;}\" data-widget_type=\"eael-post-grid.default\">\n\t\t\t\t<div class=\"elementor-widget-container\">\n\t\t\t<div id=\"eael-post-grid-46b3ae1a\" class=\"eael-post-grid-container\">\n            <div class=\"eael-post-grid eael-post-appender eael-post-appender-46b3ae1a eael-post-grid-style-two\" data-layout-mode=\"masonry\"><article class=\"eael-grid-post eael-post-grid-column\" data-id=\"1397\">\n        <div class=\"eael-grid-post-holder\">\n            <div class=\"eael-grid-post-holder-inner\"><div class=\"eael-entry-media\"><div class=\"eael-entry-overlay none\"><i class=\"fas fa-long-arrow-alt-right\" aria-hidden=\"true\"><\/i><a href=\"https:\/\/terapia-ocupacional.org.ar\/?p=1397\"><\/a><\/div><div class=\"eael-entry-thumbnail \">\n                                <img fetchpriority=\"high\" decoding=\"async\" width=\"300\" height=\"251\" src=\"https:\/\/terapia-ocupacional.org.ar\/wp-content\/uploads\/2020\/08\/info-geronto-300x251.jpg\" class=\"attachment-medium size-medium wp-image-1270\" alt=\"\" srcset=\"https:\/\/terapia-ocupacional.org.ar\/wp-content\/uploads\/2020\/08\/info-geronto-300x251.jpg 300w, https:\/\/terapia-ocupacional.org.ar\/wp-content\/uploads\/2020\/08\/info-geronto-768x644.jpg 768w, https:\/\/terapia-ocupacional.org.ar\/wp-content\/uploads\/2020\/08\/info-geronto.jpg 940w\" sizes=\"(max-width: 300px) 100vw, 300px\" \/>\n                              <\/div>\n                      <\/div><div class=\"eael-entry-wrapper\"><header class=\"eael-entry-header\"><h5 class=\"eael-entry-title\"><a\n                                    class=\"eael-grid-post-link\"\n                                    href=\"https:\/\/terapia-ocupacional.org.ar\/?p=1397\"\n                                    title=\"Gerontolog\u00eda\"target=\"_blank\">Gerontolog\u00eda<\/a><\/h5><\/header><div class=\"eael-entry-content\">\n                                    <div class=\"eael-grid-post-excerpt\"><p><\/p><a\n                                        href=\"https:\/\/terapia-ocupacional.org.ar\/?p=1397\"\n                                        class=\"eael-post-elements-readmore-btn\"target=\"_blank\">Leer m\u00e1s<\/a><\/div>\n                                <\/div><div class=\"eael-entry-header-after style-two\"><div class=\"eael-entry-meta\"><span class=\"eael-meta-posted-on\"><i class=\"far fa-clock\"><\/i><time datetime=\"septiembre 13, 2020\">septiembre 13, 2020<\/time><\/span><\/div><\/div><\/div><\/div>\n        <\/div>\n    <\/article><article class=\"eael-grid-post eael-post-grid-column\" data-id=\"1272\">\n        <div class=\"eael-grid-post-holder\">\n            <div class=\"eael-grid-post-holder-inner\"><div class=\"eael-entry-wrapper\"><header class=\"eael-entry-header\"><h5 class=\"eael-entry-title\"><a\n                                    class=\"eael-grid-post-link\"\n                                    href=\"https:\/\/terapia-ocupacional.org.ar\/?p=1272\"\n                                    title=\"Informe Primer Encuentro\"target=\"_blank\">Informe Primer Encuentro<\/a><\/h5><\/header><div class=\"eael-entry-content\">\n                                    <div class=\"eael-grid-post-excerpt\"><p>Sintesis-1\u00ba-encuentro-Gerontolog\u00edaDescarga<\/p><a\n                                        href=\"https:\/\/terapia-ocupacional.org.ar\/?p=1272\"\n                                        class=\"eael-post-elements-readmore-btn\"target=\"_blank\">Leer m\u00e1s<\/a><\/div>\n                                <\/div><div class=\"eael-entry-header-after style-two\"><div class=\"eael-entry-meta\"><span class=\"eael-meta-posted-on\"><i class=\"far fa-clock\"><\/i><time datetime=\"agosto 10, 2020\">agosto 10, 2020<\/time><\/span><\/div><\/div><\/div><\/div>\n        <\/div>\n    <\/article><\/div>\n            <div class=\"clearfix\"><\/div>\n        <\/div>\t\t<\/div>\n\t\t\t\t<\/div>\n\t\t\t\t\t<\/div>\n\t\t<\/div>\n\t\t\t\t\t<\/div>\n\t\t<\/section>\n\t\t\t\t\t<\/div>\n\t\t<\/div>\n\t\t\t\t\t<\/div>\n\t\t<\/section>\n\t\t\t\t<section class=\"elementor-section elementor-inner-section elementor-element elementor-element-2cc2fdb1 elementor-section-content-middle elementor-section-boxed elementor-section-height-default elementor-section-height-default\" data-id=\"2cc2fdb1\" data-element_type=\"section\">\n\t\t\t\t\t\t<div class=\"elementor-container elementor-column-gap-no\">\n\t\t\t\t\t\t<\/div>\n\t\t<\/section>\n\t\t\t\t<\/div>\n\t\t","protected":false},"excerpt":{"rendered":"<p>Gerontolog\u00eda Integrantes del Cap\u00edtulo Coordinan:&nbsp;Lics. TO&nbsp;Sandra Claria y&nbsp; Natalia Javelier.&nbsp; Participan: &nbsp;Lics. TOs. Monica Schwartz, Maria P\u00eda Saur\u00e9, Jimena Garriga, Sabrina Tiseira, Diana Garc\u00eda, Mara Maslavski,&nbsp;Diana Muras,&nbsp;Cecilia P\u00e9rez Ruffa, Mar\u00eda Laura Finauri &nbsp;y Mar\u00eda Elena Torres. Desde 2014 el Cap\u00edtulo de Gerontolog\u00eda se propone crear un marco de&nbsp;intercambio humanizado y t\u00e9cnico, que nos estimule a &hellip;<\/p>\n<p class=\"read-more\"> <a class=\"\" href=\"https:\/\/terapia-ocupacional.org.ar\/?p=1272\"> <span class=\"screen-reader-text\">Informe Primer Encuentro<\/span> Leer m\u00e1s &raquo;<\/a><\/p>\n","protected":false},"author":18,"featured_media":0,"parent":0,"menu_order":0,"comment_status":"closed","ping_status":"closed","template":"","meta":{"_uag_custom_page_level_css":"","footnotes":""},"uagb_featured_image_src":{"full":false,"thumbnail":false,"medium":false,"medium_large":false,"large":false,"1536x1536":false,"2048x2048":false},"uagb_author_info":{"display_name":"","author_link":"https:\/\/terapia-ocupacional.org.ar\/?author=18"},"uagb_comment_info":0,"uagb_excerpt":"Gerontolog\u00eda Integrantes del Cap\u00edtulo Coordinan:&nbsp;Lics. TO&nbsp;Sandra Claria y&nbsp; Natalia Javelier.&nbsp; Participan: &nbsp;Lics. TOs. Monica Schwartz, Maria P\u00eda Saur\u00e9, Jimena Garriga, Sabrina Tiseira, Diana Garc\u00eda, Mara Maslavski,&nbsp;Diana Muras,&nbsp;Cecilia P\u00e9rez Ruffa, Mar\u00eda Laura Finauri &nbsp;y Mar\u00eda Elena Torres. Desde 2014 el Cap\u00edtulo de Gerontolog\u00eda se propone crear un marco de&nbsp;intercambio humanizado y t\u00e9cnico, que nos estimule a&hellip;","_links":{"self":[{"href":"https:\/\/terapia-ocupacional.org.ar\/index.php?rest_route=\/wp\/v2\/pages\/865"}],"collection":[{"href":"https:\/\/terapia-ocupacional.org.ar\/index.php?rest_route=\/wp\/v2\/pages"}],"about":[{"href":"https:\/\/terapia-ocupacional.org.ar\/index.php?rest_route=\/wp\/v2\/types\/page"}],"author":[{"embeddable":true,"href":"https:\/\/terapia-ocupacional.org.ar\/index.php?rest_route=\/wp\/v2\/users\/18"}],"replies":[{"embeddable":true,"href":"https:\/\/terapia-ocupacional.org.ar\/index.php?rest_route=%2Fwp%2Fv2%2Fcomments&post=865"}],"version-history":[{"count":21,"href":"https:\/\/terapia-ocupacional.org.ar\/index.php?rest_route=\/wp\/v2\/pages\/865\/revisions"}],"predecessor-version":[{"id":2766,"href":"https:\/\/terapia-ocupacional.org.ar\/index.php?rest_route=\/wp\/v2\/pages\/865\/revisions\/2766"}],"wp:attachment":[{"href":"https:\/\/terapia-ocupacional.org.ar\/index.php?rest_route=%2Fwp%2Fv2%2Fmedia&parent=865"}],"curies":[{"name":"wp","href":"https:\/\/api.w.org\/{rel}","templated":true}]}}