{"id":813,"date":"2020-05-19T13:04:54","date_gmt":"2020-05-19T13:04:54","guid":{"rendered":"http:\/\/c2112278.ferozo.com\/?page_id=813"},"modified":"2020-05-20T02:46:53","modified_gmt":"2020-05-20T02:46:53","slug":"efemerides-del-dia-del-to-en-latinoamericana","status":"publish","type":"page","link":"https:\/\/terapia-ocupacional.org.ar\/?page_id=813","title":{"rendered":"Efem\u00e9rides del D\u00eda del TO en Latinoamericana"},"content":{"rendered":"\t\t<div data-elementor-type=\"wp-post\" data-elementor-id=\"813\" class=\"elementor elementor-813\">\n\t\t\t\t\t\t<section class=\"elementor-section elementor-top-section elementor-element elementor-element-6e99129 elementor-section-boxed elementor-section-height-default elementor-section-height-default\" data-id=\"6e99129\" data-element_type=\"section\" data-settings=\"{&quot;background_background&quot;:&quot;classic&quot;}\">\n\t\t\t\t\t\t\t<div class=\"elementor-background-overlay\"><\/div>\n\t\t\t\t\t\t\t<div class=\"elementor-container elementor-column-gap-no\">\n\t\t\t\t\t<div class=\"elementor-column elementor-col-100 elementor-top-column elementor-element elementor-element-4416359\" data-id=\"4416359\" data-element_type=\"column\">\n\t\t\t<div class=\"elementor-widget-wrap elementor-element-populated\">\n\t\t\t\t\t\t<div class=\"elementor-element elementor-element-18999a8 elementor-widget elementor-widget-heading\" data-id=\"18999a8\" data-element_type=\"widget\" data-widget_type=\"heading.default\">\n\t\t\t\t<div class=\"elementor-widget-container\">\n\t\t\t<h5 class=\"elementor-heading-title elementor-size-default\">AATO<\/h5>\t\t<\/div>\n\t\t\t\t<\/div>\n\t\t\t\t<div class=\"elementor-element elementor-element-754968b elementor-widget elementor-widget-heading\" data-id=\"754968b\" data-element_type=\"widget\" data-widget_type=\"heading.default\">\n\t\t\t\t<div class=\"elementor-widget-container\">\n\t\t\t<h1 class=\"elementor-heading-title elementor-size-default\">Efem\u00e9rides TO<\/h1>\t\t<\/div>\n\t\t\t\t<\/div>\n\t\t\t\t\t<\/div>\n\t\t<\/div>\n\t\t\t\t\t<\/div>\n\t\t<\/section>\n\t\t\t\t<section class=\"elementor-section elementor-top-section elementor-element elementor-element-6247d6ff elementor-section-content-middle elementor-section-boxed elementor-section-height-default elementor-section-height-default\" data-id=\"6247d6ff\" data-element_type=\"section\" data-settings=\"{&quot;background_background&quot;:&quot;classic&quot;}\">\n\t\t\t\t\t\t\t<div class=\"elementor-background-overlay\"><\/div>\n\t\t\t\t\t\t\t<div class=\"elementor-container elementor-column-gap-no\">\n\t\t\t\t\t<div class=\"elementor-column elementor-col-100 elementor-top-column elementor-element elementor-element-2d2f3c5c\" data-id=\"2d2f3c5c\" data-element_type=\"column\">\n\t\t\t<div class=\"elementor-widget-wrap elementor-element-populated\">\n\t\t\t\t\t\t<section class=\"elementor-section elementor-inner-section elementor-element elementor-element-6015ac8 elementor-section-boxed elementor-section-height-default elementor-section-height-default\" data-id=\"6015ac8\" data-element_type=\"section\">\n\t\t\t\t\t\t<div class=\"elementor-container elementor-column-gap-default\">\n\t\t\t\t\t<div class=\"elementor-column elementor-col-100 elementor-inner-column elementor-element elementor-element-4a720efc\" data-id=\"4a720efc\" data-element_type=\"column\">\n\t\t\t<div class=\"elementor-widget-wrap elementor-element-populated\">\n\t\t\t\t\t\t<div class=\"elementor-element elementor-element-4456e7ed elementor-widget elementor-widget-heading\" data-id=\"4456e7ed\" data-element_type=\"widget\" data-widget_type=\"heading.default\">\n\t\t\t\t<div class=\"elementor-widget-container\">\n\t\t\t<h6 class=\"elementor-heading-title elementor-size-default\">AATO<\/h6>\t\t<\/div>\n\t\t\t\t<\/div>\n\t\t\t\t<div class=\"elementor-element elementor-element-47d84fb1 elementor-widget elementor-widget-heading\" data-id=\"47d84fb1\" data-element_type=\"widget\" data-widget_type=\"heading.default\">\n\t\t\t\t<div class=\"elementor-widget-container\">\n\t\t\t<h2 class=\"elementor-heading-title elementor-size-default\">Efem\u00e9rides del D\u00eda del TO en Latinoamericana<\/h2>\t\t<\/div>\n\t\t\t\t<\/div>\n\t\t\t\t\t<\/div>\n\t\t<\/div>\n\t\t\t\t\t<\/div>\n\t\t<\/section>\n\t\t\t\t<section class=\"elementor-section elementor-inner-section elementor-element elementor-element-4df704e6 elementor-section-content-middle elementor-section-boxed elementor-section-height-default elementor-section-height-default\" data-id=\"4df704e6\" data-element_type=\"section\">\n\t\t\t\t\t\t<div class=\"elementor-container elementor-column-gap-no\">\n\t\t\t\t\t<div class=\"elementor-column elementor-col-100 elementor-inner-column elementor-element elementor-element-707d9288\" data-id=\"707d9288\" data-element_type=\"column\" data-settings=\"{&quot;background_background&quot;:&quot;classic&quot;}\">\n\t\t\t<div class=\"elementor-widget-wrap elementor-element-populated\">\n\t\t\t\t\t\t<div class=\"elementor-element elementor-element-305ecb5 elementor-widget elementor-widget-heading\" data-id=\"305ecb5\" data-element_type=\"widget\" data-widget_type=\"heading.default\">\n\t\t\t\t<div class=\"elementor-widget-container\">\n\t\t\t<h3 class=\"elementor-heading-title elementor-size-default\">Argentina<\/h3>\t\t<\/div>\n\t\t\t\t<\/div>\n\t\t\t\t<div class=\"elementor-element elementor-element-4d065b72 elementor-widget elementor-widget-text-editor\" data-id=\"4d065b72\" data-element_type=\"widget\" data-widget_type=\"text-editor.default\">\n\t\t\t\t<div class=\"elementor-widget-container\">\n\t\t\t\t\t\t\t<p>En Argentina el D\u00eda del Terapista Ocupacional se celebra el\u00a0<b>10 de Septiembre<\/b>,\u00a0\u00a0 fecha en la que se realiz\u00f3 la apertura del 1\u00ba Congreso Argentino de Terapia Ocupacional en la ciudad de La Rioja (Provincia de La Rioja), se instituy\u00f3 en el a\u00f1o 1985 con el advenimiento de la democracia.<\/p><p>A partir de ese a\u00f1o, en un principio cada dos a\u00f1os y luego\u00a0 cada cuatro a\u00f1os se realizan \u00a0los Congresos Argentinos de Terapia Ocupacional en sedes rotativas por provincias o regiones.<\/p><p>Informaci\u00f3n brindada por: Comisi\u00f3n Directiva AATO-2011<\/p><p>\u00a0<\/p>\t\t\t\t\t\t<\/div>\n\t\t\t\t<\/div>\n\t\t\t\t\t<\/div>\n\t\t<\/div>\n\t\t\t\t\t<\/div>\n\t\t<\/section>\n\t\t\t\t<section class=\"elementor-section elementor-inner-section elementor-element elementor-element-2d8f65b elementor-section-content-middle elementor-section-boxed elementor-section-height-default elementor-section-height-default\" data-id=\"2d8f65b\" data-element_type=\"section\">\n\t\t\t\t\t\t<div class=\"elementor-container elementor-column-gap-no\">\n\t\t\t\t\t<div class=\"elementor-column elementor-col-100 elementor-inner-column elementor-element elementor-element-fd147f7\" data-id=\"fd147f7\" data-element_type=\"column\" data-settings=\"{&quot;background_background&quot;:&quot;classic&quot;}\">\n\t\t\t<div class=\"elementor-widget-wrap elementor-element-populated\">\n\t\t\t\t\t\t<div class=\"elementor-element elementor-element-b2ffa03 elementor-widget elementor-widget-heading\" data-id=\"b2ffa03\" data-element_type=\"widget\" data-widget_type=\"heading.default\">\n\t\t\t\t<div class=\"elementor-widget-container\">\n\t\t\t<h3 class=\"elementor-heading-title elementor-size-default\">Brasil<\/h3>\t\t<\/div>\n\t\t\t\t<\/div>\n\t\t\t\t<div class=\"elementor-element elementor-element-7285aed elementor-widget elementor-widget-text-editor\" data-id=\"7285aed\" data-element_type=\"widget\" data-widget_type=\"text-editor.default\">\n\t\t\t\t<div class=\"elementor-widget-container\">\n\t\t\t\t\t\t\t<p>En el Brasil el D\u00eda del Terapeuta Ocupacional se conmemora el d\u00eda\u00a0<b>13 de octubre<\/b>\u00a0por\u00a0 haber sido el d\u00eda en\u00a0 que fue publicado el \u00a0Decreto- Ley que cre\u00f3 la profesi\u00f3n oficialmente en el\u00a0 pa\u00eds, como profesi\u00f3n de nivel superior. Este documento es el \u00a0Decreto-Ley\u00a0 \u00a0938 del \u00a013 de octubre e 1969.<\/p><p>Informaci\u00f3n brindada por: Presidente ABRATO Naum Mesquita<\/p>\t\t\t\t\t\t<\/div>\n\t\t\t\t<\/div>\n\t\t\t\t\t<\/div>\n\t\t<\/div>\n\t\t\t\t\t<\/div>\n\t\t<\/section>\n\t\t\t\t<section class=\"elementor-section elementor-inner-section elementor-element elementor-element-7cd615c elementor-section-content-middle elementor-section-boxed elementor-section-height-default elementor-section-height-default\" data-id=\"7cd615c\" data-element_type=\"section\">\n\t\t\t\t\t\t<div class=\"elementor-container elementor-column-gap-no\">\n\t\t\t\t\t<div class=\"elementor-column elementor-col-100 elementor-inner-column elementor-element elementor-element-cb3073b\" data-id=\"cb3073b\" data-element_type=\"column\" data-settings=\"{&quot;background_background&quot;:&quot;classic&quot;}\">\n\t\t\t<div class=\"elementor-widget-wrap elementor-element-populated\">\n\t\t\t\t\t\t<div class=\"elementor-element elementor-element-3046457 elementor-widget elementor-widget-heading\" data-id=\"3046457\" data-element_type=\"widget\" data-widget_type=\"heading.default\">\n\t\t\t\t<div class=\"elementor-widget-container\">\n\t\t\t<h3 class=\"elementor-heading-title elementor-size-default\">Colombia<\/h3>\t\t<\/div>\n\t\t\t\t<\/div>\n\t\t\t\t<div class=\"elementor-element elementor-element-9f9277b elementor-widget elementor-widget-text-editor\" data-id=\"9f9277b\" data-element_type=\"widget\" data-widget_type=\"text-editor.default\">\n\t\t\t\t<div class=\"elementor-widget-container\">\n\t\t\t\t\t\t\t<p>La celebraci\u00f3n del D\u00eda del Terapeuta Ocupacional\u00a0 se realiza el\u00a0<b>17 de noviembre<\/b>. Ese d\u00eda se conmemora la fecha de la primera graduaci\u00f3n de Terapeutas Ocupacionales\u00a0en Colombia, \u00a0titulados\u00a0en la Universidad Nacional de Colombia en el a\u00f1o 1968. Esta\u00a0\u00a0fecha se aprob\u00f3 en la Asamblea realizada el 30 de Junio de \u00a01978 para conmemorar los 10 a\u00f1os de egresados.<\/p><p>Para\u00a0 este d\u00eda generalmente se\u00a0organiza un evento acad\u00e9mico, cient\u00edfico y social con participaci\u00f3n de profesionales, docentes y estudiantes de las diferentes Universidades<\/p><p>Informaci\u00f3n brindada por: Presidenta del CCTO A\u00edda Navas<\/p>\t\t\t\t\t\t<\/div>\n\t\t\t\t<\/div>\n\t\t\t\t\t<\/div>\n\t\t<\/div>\n\t\t\t\t\t<\/div>\n\t\t<\/section>\n\t\t\t\t<section class=\"elementor-section elementor-inner-section elementor-element elementor-element-4b0632e elementor-section-content-middle elementor-section-boxed elementor-section-height-default elementor-section-height-default\" data-id=\"4b0632e\" data-element_type=\"section\">\n\t\t\t\t\t\t<div class=\"elementor-container elementor-column-gap-no\">\n\t\t\t\t\t<div class=\"elementor-column elementor-col-100 elementor-inner-column elementor-element elementor-element-301ac0a\" data-id=\"301ac0a\" data-element_type=\"column\" data-settings=\"{&quot;background_background&quot;:&quot;classic&quot;}\">\n\t\t\t<div class=\"elementor-widget-wrap elementor-element-populated\">\n\t\t\t\t\t\t<div class=\"elementor-element elementor-element-7444d7f elementor-widget elementor-widget-heading\" data-id=\"7444d7f\" data-element_type=\"widget\" data-widget_type=\"heading.default\">\n\t\t\t\t<div class=\"elementor-widget-container\">\n\t\t\t<h3 class=\"elementor-heading-title elementor-size-default\">Chile<\/h3>\t\t<\/div>\n\t\t\t\t<\/div>\n\t\t\t\t<div class=\"elementor-element elementor-element-46a2c74 elementor-widget elementor-widget-text-editor\" data-id=\"46a2c74\" data-element_type=\"widget\" data-widget_type=\"text-editor.default\">\n\t\t\t\t<div class=\"elementor-widget-container\">\n\t\t\t\t\t\t\t<p>El D\u00eda Nacional del Terapeuta Ocupacional en Chile se celebra el d\u00eda\u00a0<b>5 de abril<\/b>\u00a0de cada a\u00f1o. Esta fecha se relaciona con la formaci\u00f3n de la Asociaci\u00f3n de Terapeutas Ocupacionales de Chile (actual Colegio de Terapeutas Ocupacionales de Chile A.G.), que\u00a0 sesion\u00f3 por primera vez en el a\u00f1o 1969.<\/p><p>Desde aquel entonces, nos reunimos como gremio una vez al a\u00f1o, \u201ccelebramos y premiamos las generaciones que cumplen a\u00f1os de egresados y a los colegas que se han destacado en el quehacer de nuestra profesi\u00f3n.\u201d<\/p><p>Informaci\u00f3n brindada por: Presidente (i) Rodrigo Cubillos Bravo Colegio de Terapeutas Ocupacionales de Chile A.G.<\/p>\t\t\t\t\t\t<\/div>\n\t\t\t\t<\/div>\n\t\t\t\t\t<\/div>\n\t\t<\/div>\n\t\t\t\t\t<\/div>\n\t\t<\/section>\n\t\t\t\t<section class=\"elementor-section elementor-inner-section elementor-element elementor-element-3d294bb elementor-section-content-middle elementor-section-boxed elementor-section-height-default elementor-section-height-default\" data-id=\"3d294bb\" data-element_type=\"section\">\n\t\t\t\t\t\t<div class=\"elementor-container elementor-column-gap-no\">\n\t\t\t\t\t<div class=\"elementor-column elementor-col-100 elementor-inner-column elementor-element elementor-element-9156226\" data-id=\"9156226\" data-element_type=\"column\" data-settings=\"{&quot;background_background&quot;:&quot;classic&quot;}\">\n\t\t\t<div class=\"elementor-widget-wrap elementor-element-populated\">\n\t\t\t\t\t\t<div class=\"elementor-element elementor-element-358d57f elementor-widget elementor-widget-heading\" data-id=\"358d57f\" data-element_type=\"widget\" data-widget_type=\"heading.default\">\n\t\t\t\t<div class=\"elementor-widget-container\">\n\t\t\t<h3 class=\"elementor-heading-title elementor-size-default\">Panam\u00e1<\/h3>\t\t<\/div>\n\t\t\t\t<\/div>\n\t\t\t\t<div class=\"elementor-element elementor-element-6fa4c84 elementor-widget elementor-widget-text-editor\" data-id=\"6fa4c84\" data-element_type=\"widget\" data-widget_type=\"text-editor.default\">\n\t\t\t\t<div class=\"elementor-widget-container\">\n\t\t\t\t\t\t\t<p>El D\u00eda Nacional del Terapeuta Ocupacional en Panam\u00e1 se celebra el d\u00eda\u00a0<b>5 de septiembre\u00a0<\/b>de cada a\u00f1o.\u00a0Informaci\u00f3n brindada por: Lic. Isaac Guerrero (director Carrera Licenciatura en Terapia Ocupacional Universidad Especializada de las Am\u00e9ricas. UDELAS)<\/p>\t\t\t\t\t\t<\/div>\n\t\t\t\t<\/div>\n\t\t\t\t\t<\/div>\n\t\t<\/div>\n\t\t\t\t\t<\/div>\n\t\t<\/section>\n\t\t\t\t<section class=\"elementor-section elementor-inner-section elementor-element elementor-element-5432812 elementor-section-content-middle elementor-section-boxed elementor-section-height-default elementor-section-height-default\" data-id=\"5432812\" data-element_type=\"section\">\n\t\t\t\t\t\t<div class=\"elementor-container elementor-column-gap-no\">\n\t\t\t\t\t<div class=\"elementor-column elementor-col-100 elementor-inner-column elementor-element elementor-element-8a7b8a3\" data-id=\"8a7b8a3\" data-element_type=\"column\" data-settings=\"{&quot;background_background&quot;:&quot;classic&quot;}\">\n\t\t\t<div class=\"elementor-widget-wrap elementor-element-populated\">\n\t\t\t\t\t\t<div class=\"elementor-element elementor-element-0165489 elementor-widget elementor-widget-heading\" data-id=\"0165489\" data-element_type=\"widget\" data-widget_type=\"heading.default\">\n\t\t\t\t<div class=\"elementor-widget-container\">\n\t\t\t<h3 class=\"elementor-heading-title elementor-size-default\">Paraguay<\/h3>\t\t<\/div>\n\t\t\t\t<\/div>\n\t\t\t\t<div class=\"elementor-element elementor-element-6336cf1 elementor-widget elementor-widget-text-editor\" data-id=\"6336cf1\" data-element_type=\"widget\" data-widget_type=\"text-editor.default\">\n\t\t\t\t<div class=\"elementor-widget-container\">\n\t\t\t\t\t\t\t<p>El D\u00eda Nacional del Terapeuta Ocupacional en Paraguay se celebra el d\u00eda\u00a0<strong>27<\/strong><b>\u00a0de octubre<\/b>\u00a0en consonancia con el D\u00eda Mundial del Terapeuta Ocupacional. \u00a0Informaci\u00f3n brindada por: Lic. Ana \u00a0Barahona Acevedo\u00a0(Presidenta de la Asociaci\u00f3n Paraguaya de Terapia Ocupacional)<\/p>\t\t\t\t\t\t<\/div>\n\t\t\t\t<\/div>\n\t\t\t\t\t<\/div>\n\t\t<\/div>\n\t\t\t\t\t<\/div>\n\t\t<\/section>\n\t\t\t\t<section class=\"elementor-section elementor-inner-section elementor-element elementor-element-2535bd7 elementor-section-content-middle elementor-section-boxed elementor-section-height-default elementor-section-height-default\" data-id=\"2535bd7\" data-element_type=\"section\">\n\t\t\t\t\t\t<div class=\"elementor-container elementor-column-gap-no\">\n\t\t\t\t\t<div class=\"elementor-column elementor-col-100 elementor-inner-column elementor-element elementor-element-19292a8\" data-id=\"19292a8\" data-element_type=\"column\" data-settings=\"{&quot;background_background&quot;:&quot;classic&quot;}\">\n\t\t\t<div class=\"elementor-widget-wrap elementor-element-populated\">\n\t\t\t\t\t\t<div class=\"elementor-element elementor-element-cbe5cf0 elementor-widget elementor-widget-heading\" data-id=\"cbe5cf0\" data-element_type=\"widget\" data-widget_type=\"heading.default\">\n\t\t\t\t<div class=\"elementor-widget-container\">\n\t\t\t<h3 class=\"elementor-heading-title elementor-size-default\">Venezuela<\/h3>\t\t<\/div>\n\t\t\t\t<\/div>\n\t\t\t\t<div class=\"elementor-element elementor-element-f8ef6ba elementor-widget elementor-widget-text-editor\" data-id=\"f8ef6ba\" data-element_type=\"widget\" data-widget_type=\"text-editor.default\">\n\t\t\t\t<div class=\"elementor-widget-container\">\n\t\t\t\t\t\t\t<p>El D\u00eda Nacional del Terapeuta Ocupacional en Venezuela se festeja el\u00a0<b>14 de enero<\/b>, porque en ese d\u00eda en el a\u00f1o \u00a0de 1966 se \u00a0registr\u00f3 la Asociaci\u00f3n Venezolana de Terapeutas Ocupacionales.<\/p><p>Informaci\u00f3n brindada por: Carmen Zita de Forn (Delegada de la FVTO ante la WFOT y Socia Honoraria AATO) y Antonieta Rivas de Puche (Delegada de la FVTO ante la CLATO)<\/p>\t\t\t\t\t\t<\/div>\n\t\t\t\t<\/div>\n\t\t\t\t\t<\/div>\n\t\t<\/div>\n\t\t\t\t\t<\/div>\n\t\t<\/section>\n\t\t\t\t\t<\/div>\n\t\t<\/div>\n\t\t\t\t\t<\/div>\n\t\t<\/section>\n\t\t\t\t<\/div>\n\t\t","protected":false},"excerpt":{"rendered":"<p>AATO Efem\u00e9rides TO AATO Efem\u00e9rides del D\u00eda del TO en Latinoamericana Argentina En Argentina el D\u00eda del Terapista Ocupacional se celebra el\u00a010 de Septiembre,\u00a0\u00a0 fecha en la que se realiz\u00f3 la apertura del 1\u00ba Congreso Argentino de Terapia Ocupacional en la ciudad de La Rioja (Provincia de La Rioja), se instituy\u00f3 en el a\u00f1o 1985 &hellip;<\/p>\n<p class=\"read-more\"> <a class=\"\" href=\"https:\/\/terapia-ocupacional.org.ar\/?page_id=813\"> <span class=\"screen-reader-text\">Efem\u00e9rides del D\u00eda del TO en Latinoamericana<\/span> Leer m\u00e1s &raquo;<\/a><\/p>\n","protected":false},"author":18,"featured_media":0,"parent":0,"menu_order":0,"comment_status":"closed","ping_status":"closed","template":"","meta":{"_uag_custom_page_level_css":"","footnotes":""},"uagb_featured_image_src":{"full":false,"thumbnail":false,"medium":false,"medium_large":false,"large":false,"1536x1536":false,"2048x2048":false},"uagb_author_info":{"display_name":"","author_link":"https:\/\/terapia-ocupacional.org.ar\/?author=18"},"uagb_comment_info":0,"uagb_excerpt":"AATO Efem\u00e9rides TO AATO Efem\u00e9rides del D\u00eda del TO en Latinoamericana Argentina En Argentina el D\u00eda del Terapista Ocupacional se celebra el\u00a010 de Septiembre,\u00a0\u00a0 fecha en la que se realiz\u00f3 la apertura del 1\u00ba Congreso Argentino de Terapia Ocupacional en la ciudad de La Rioja (Provincia de La Rioja), se instituy\u00f3 en el a\u00f1o 1985&hellip;","_links":{"self":[{"href":"https:\/\/terapia-ocupacional.org.ar\/index.php?rest_route=\/wp\/v2\/pages\/813"}],"collection":[{"href":"https:\/\/terapia-ocupacional.org.ar\/index.php?rest_route=\/wp\/v2\/pages"}],"about":[{"href":"https:\/\/terapia-ocupacional.org.ar\/index.php?rest_route=\/wp\/v2\/types\/page"}],"author":[{"embeddable":true,"href":"https:\/\/terapia-ocupacional.org.ar\/index.php?rest_route=\/wp\/v2\/users\/18"}],"replies":[{"embeddable":true,"href":"https:\/\/terapia-ocupacional.org.ar\/index.php?rest_route=%2Fwp%2Fv2%2Fcomments&post=813"}],"version-history":[{"count":3,"href":"https:\/\/terapia-ocupacional.org.ar\/index.php?rest_route=\/wp\/v2\/pages\/813\/revisions"}],"predecessor-version":[{"id":954,"href":"https:\/\/terapia-ocupacional.org.ar\/index.php?rest_route=\/wp\/v2\/pages\/813\/revisions\/954"}],"wp:attachment":[{"href":"https:\/\/terapia-ocupacional.org.ar\/index.php?rest_route=%2Fwp%2Fv2%2Fmedia&parent=813"}],"curies":[{"name":"wp","href":"https:\/\/api.w.org\/{rel}","templated":true}]}}