{"id":789,"date":"2020-05-19T00:18:37","date_gmt":"2020-05-19T00:18:37","guid":{"rendered":"http:\/\/c2112278.ferozo.com\/?page_id=789"},"modified":"2024-05-17T20:21:56","modified_gmt":"2024-05-17T20:21:56","slug":"historia","status":"publish","type":"page","link":"https:\/\/terapia-ocupacional.org.ar\/?page_id=789","title":{"rendered":"Historia"},"content":{"rendered":"\t\t<div data-elementor-type=\"wp-post\" data-elementor-id=\"789\" class=\"elementor elementor-789\">\n\t\t\t\t\t\t<section class=\"elementor-section elementor-top-section elementor-element elementor-element-37638bd elementor-section-content-top elementor-section-boxed elementor-section-height-default elementor-section-height-default\" data-id=\"37638bd\" data-element_type=\"section\">\n\t\t\t\t\t\t\t<div class=\"elementor-background-overlay\"><\/div>\n\t\t\t\t\t\t\t<div class=\"elementor-container elementor-column-gap-no\">\n\t\t\t\t\t<div class=\"elementor-column elementor-col-100 elementor-top-column elementor-element elementor-element-677636d\" data-id=\"677636d\" data-element_type=\"column\">\n\t\t\t<div class=\"elementor-widget-wrap elementor-element-populated\">\n\t\t\t\t\t\t<div class=\"elementor-element elementor-element-64552b2 elementor-widget elementor-widget-heading\" data-id=\"64552b2\" data-element_type=\"widget\" data-widget_type=\"heading.default\">\n\t\t\t\t<div class=\"elementor-widget-container\">\n\t\t\t<h1 class=\"elementor-heading-title elementor-size-default\">Historia<\/h1>\t\t<\/div>\n\t\t\t\t<\/div>\n\t\t\t\t\t<\/div>\n\t\t<\/div>\n\t\t\t\t\t<\/div>\n\t\t<\/section>\n\t\t\t\t<section class=\"elementor-section elementor-top-section elementor-element elementor-element-7686ecc7 elementor-section-boxed elementor-section-height-default elementor-section-height-default\" data-id=\"7686ecc7\" data-element_type=\"section\" data-settings=\"{&quot;background_background&quot;:&quot;classic&quot;}\">\n\t\t\t\t\t\t<div class=\"elementor-container elementor-column-gap-default\">\n\t\t\t\t\t<div class=\"elementor-column elementor-col-100 elementor-top-column elementor-element elementor-element-1c4e93ca\" data-id=\"1c4e93ca\" data-element_type=\"column\">\n\t\t\t<div class=\"elementor-widget-wrap elementor-element-populated\">\n\t\t\t\t\t\t<section class=\"elementor-section elementor-inner-section elementor-element elementor-element-3c80eafc elementor-section-boxed elementor-section-height-default elementor-section-height-default\" data-id=\"3c80eafc\" data-element_type=\"section\">\n\t\t\t\t\t\t<div class=\"elementor-container elementor-column-gap-default\">\n\t\t\t\t\t<div class=\"elementor-column elementor-col-100 elementor-inner-column elementor-element elementor-element-2bf5b93d\" data-id=\"2bf5b93d\" data-element_type=\"column\" data-settings=\"{&quot;background_background&quot;:&quot;classic&quot;}\">\n\t\t\t<div class=\"elementor-widget-wrap elementor-element-populated\">\n\t\t\t\t\t\t<div class=\"elementor-element elementor-element-348df6ec elementor-widget__width-inherit elementor-widget elementor-widget-wp-widget-bsearch_search_box\" data-id=\"348df6ec\" data-element_type=\"widget\" data-widget_type=\"wp-widget-bsearch_search_box.default\">\n\t\t\t\t<div class=\"elementor-widget-container\">\n\t\t\t\n\t<div class=\"bsearch-form-container\">\n\t\t<form role=\"search\" method=\"get\" class=\"bsearchform\" action=\"https:\/\/terapia-ocupacional.org.ar\/\">\n\t\t\t<div class=\"bsearch-form-search-field\">\n\t\t\t\t<span class=\"screen-reader-text\">Buscar:<\/span>\n\t\t\t\t<input type=\"search\" class=\"bsearch-field search-field\" placeholder=\"Buscar &hellip;\" value=\"\" name=\"s\" \/>\n\t\t\t<\/div>\n\t\t\t\n\t\t\t<input type=\"submit\" class=\"bsearch-submit searchsubmit search-submit\" value=\"Buscar\" \/>\n\t\t<\/form>\n\t<\/div>\n\t\t\t<\/div>\n\t\t\t\t<\/div>\n\t\t\t\t\t<\/div>\n\t\t<\/div>\n\t\t\t\t\t<\/div>\n\t\t<\/section>\n\t\t\t\t\t<\/div>\n\t\t<\/div>\n\t\t\t\t\t<\/div>\n\t\t<\/section>\n\t\t\t\t<section class=\"elementor-section elementor-top-section elementor-element elementor-element-233a3999 elementor-section-content-middle elementor-section-boxed elementor-section-height-default elementor-section-height-default\" data-id=\"233a3999\" data-element_type=\"section\" data-settings=\"{&quot;background_background&quot;:&quot;classic&quot;}\">\n\t\t\t\t\t\t\t<div class=\"elementor-background-overlay\"><\/div>\n\t\t\t\t\t\t\t<div class=\"elementor-container elementor-column-gap-no\">\n\t\t\t\t\t<div class=\"elementor-column elementor-col-100 elementor-top-column elementor-element elementor-element-2496e318\" data-id=\"2496e318\" data-element_type=\"column\">\n\t\t\t<div class=\"elementor-widget-wrap elementor-element-populated\">\n\t\t\t\t\t\t<section class=\"elementor-section elementor-inner-section elementor-element elementor-element-2a4b9f7a elementor-section-boxed elementor-section-height-default elementor-section-height-default\" data-id=\"2a4b9f7a\" data-element_type=\"section\">\n\t\t\t\t\t\t<div class=\"elementor-container elementor-column-gap-default\">\n\t\t\t\t\t<div class=\"elementor-column elementor-col-100 elementor-inner-column elementor-element elementor-element-538a80a5\" data-id=\"538a80a5\" data-element_type=\"column\">\n\t\t\t<div class=\"elementor-widget-wrap elementor-element-populated\">\n\t\t\t\t\t\t<div class=\"elementor-element elementor-element-c1411e4 elementor-widget elementor-widget-heading\" data-id=\"c1411e4\" data-element_type=\"widget\" data-widget_type=\"heading.default\">\n\t\t\t\t<div class=\"elementor-widget-container\">\n\t\t\t<h6 class=\"elementor-heading-title elementor-size-default\">Historia<\/h6>\t\t<\/div>\n\t\t\t\t<\/div>\n\t\t\t\t<div class=\"elementor-element elementor-element-376aa048 elementor-widget elementor-widget-heading\" data-id=\"376aa048\" data-element_type=\"widget\" data-widget_type=\"heading.default\">\n\t\t\t\t<div class=\"elementor-widget-container\">\n\t\t\t<h2 class=\"elementor-heading-title elementor-size-default\">Acta de constituci\u00f3n<\/h2>\t\t<\/div>\n\t\t\t\t<\/div>\n\t\t\t\t<div class=\"elementor-element elementor-element-628a81b5 elementor-widget elementor-widget-text-editor\" data-id=\"628a81b5\" data-element_type=\"widget\" data-widget_type=\"text-editor.default\">\n\t\t\t\t<div class=\"elementor-widget-container\">\n\t\t\t\t\t\t\t<p>\u201c\u2026Buenos Aires, a los 16 d\u00edas del mes de Agosto de 1962, se re\u00fanen en la ciudad Capital de la Rep\u00fablica las Terapistas Ocupacionales egresadas de la Escuela de Terapia Ocupacional dependiente de la Comisi\u00f3n Nacional de Rehabilitaci\u00f3n del Lisiado, y que poseen el certificado de Estudios otorgado por dicha entidad, y las estudiantes de esa carrera en la misma instituci\u00f3n, con el objeto de constituir una asociaci\u00f3n de car\u00e1cter profesional que las agrupe, as\u00ed como las sucesivas promociones de egresadas y alumnas.<\/p><p>Con el fin mencionado se procede a confeccionar y aprobar el estatuto de la Asociaci\u00f3n Argentina de Terapistas Ocupacionales (1), denominaci\u00f3n que se adopta por mayor\u00eda. As\u00ed mismo se procede a la elecci\u00f3n de una Comisi\u00f3n Directiva\u2026\u201d\u00a0 (Extracto del Acta Fundacional de la AATO).<\/p><p>En 1963 las primeras integrantes de la AATO colaboraron en la redacci\u00f3n del Decreto 3309\/63 que reconoce a la Terapia Ocupacional como profesi\u00f3n de Salud.<\/p><p>En 1967 un grupo de socias colaboraron en la redacci\u00f3n del Cap\u00edtulo VI, art\u00edculos 62 al 65 de la Ley Nacional 17.132\/67 (sobre el ejercicio de la profesi\u00f3n en el \u00e1mbito nacional).<\/p><p>La Inspecci\u00f3n General de Justicia otorg\u00f3 la Personer\u00eda Jur\u00eddica el 30\/08\/68 mediante Resoluci\u00f3n 2209.<\/p>\t\t\t\t\t\t<\/div>\n\t\t\t\t<\/div>\n\t\t\t\t\t<\/div>\n\t\t<\/div>\n\t\t\t\t\t<\/div>\n\t\t<\/section>\n\t\t\t\t<section class=\"elementor-section elementor-inner-section elementor-element elementor-element-56bb27ca elementor-section-content-middle elementor-section-boxed elementor-section-height-default elementor-section-height-default\" data-id=\"56bb27ca\" data-element_type=\"section\">\n\t\t\t\t\t\t<div class=\"elementor-container elementor-column-gap-no\">\n\t\t\t\t\t<div class=\"elementor-column elementor-col-25 elementor-inner-column elementor-element elementor-element-4d3953fd\" data-id=\"4d3953fd\" data-element_type=\"column\" data-settings=\"{&quot;background_background&quot;:&quot;classic&quot;}\">\n\t\t\t<div class=\"elementor-widget-wrap elementor-element-populated\">\n\t\t\t\t\t\t<div class=\"elementor-element elementor-element-222fa60e elementor-widget elementor-widget-text-editor\" data-id=\"222fa60e\" data-element_type=\"widget\" data-widget_type=\"text-editor.default\">\n\t\t\t\t<div class=\"elementor-widget-container\">\n\t\t\t\t\t\t\t<p><b>Presidente<\/b><br \/>Carmen J.M. Forn<\/p><p><b>Vice-Presidente<\/b><br \/>Marta Suter<\/p>\t\t\t\t\t\t<\/div>\n\t\t\t\t<\/div>\n\t\t\t\t\t<\/div>\n\t\t<\/div>\n\t\t\t\t<div class=\"elementor-column elementor-col-25 elementor-inner-column elementor-element elementor-element-1edb97f9\" data-id=\"1edb97f9\" data-element_type=\"column\" data-settings=\"{&quot;background_background&quot;:&quot;classic&quot;}\">\n\t\t\t<div class=\"elementor-widget-wrap elementor-element-populated\">\n\t\t\t\t\t\t<div class=\"elementor-element elementor-element-26756ef4 elementor-widget elementor-widget-text-editor\" data-id=\"26756ef4\" data-element_type=\"widget\" data-widget_type=\"text-editor.default\">\n\t\t\t\t<div class=\"elementor-widget-container\">\n\t\t\t\t\t\t\t<p><b>Secretario<\/b><br \/>Marta E. Fortain<\/p><p><b>Tesorero<\/b><br \/>Helvia E. Llambi<\/p>\t\t\t\t\t\t<\/div>\n\t\t\t\t<\/div>\n\t\t\t\t\t<\/div>\n\t\t<\/div>\n\t\t\t\t<div class=\"elementor-column elementor-col-25 elementor-inner-column elementor-element elementor-element-843b5d0\" data-id=\"843b5d0\" data-element_type=\"column\" data-settings=\"{&quot;background_background&quot;:&quot;classic&quot;}\">\n\t\t\t<div class=\"elementor-widget-wrap elementor-element-populated\">\n\t\t\t\t\t\t<div class=\"elementor-element elementor-element-9876ff9 elementor-widget elementor-widget-text-editor\" data-id=\"9876ff9\" data-element_type=\"widget\" data-widget_type=\"text-editor.default\">\n\t\t\t\t<div class=\"elementor-widget-container\">\n\t\t\t\t\t\t\t<p><b>Vocales Titulares<\/b><br \/>Victoria Toscano<br \/>Juana M. Wise<br \/>N\u00e9llida H. Etcheverry Zombolo<\/p>\t\t\t\t\t\t<\/div>\n\t\t\t\t<\/div>\n\t\t\t\t\t<\/div>\n\t\t<\/div>\n\t\t\t\t<div class=\"elementor-column elementor-col-25 elementor-inner-column elementor-element elementor-element-0dea77a\" data-id=\"0dea77a\" data-element_type=\"column\" data-settings=\"{&quot;background_background&quot;:&quot;classic&quot;}\">\n\t\t\t<div class=\"elementor-widget-wrap elementor-element-populated\">\n\t\t\t\t\t\t<div class=\"elementor-element elementor-element-bae72c1 elementor-widget elementor-widget-text-editor\" data-id=\"bae72c1\" data-element_type=\"widget\" data-widget_type=\"text-editor.default\">\n\t\t\t\t<div class=\"elementor-widget-container\">\n\t\t\t\t\t\t\t<p><b>Vocales Suplentes<\/b><br \/>Denise Lenton<br \/>Susana Garc\u00eda<br \/>Mar\u00eda Luisa Bedrossian<\/p>\t\t\t\t\t\t<\/div>\n\t\t\t\t<\/div>\n\t\t\t\t\t<\/div>\n\t\t<\/div>\n\t\t\t\t\t<\/div>\n\t\t<\/section>\n\t\t\t\t\t<\/div>\n\t\t<\/div>\n\t\t\t\t\t<\/div>\n\t\t<\/section>\n\t\t\t\t<\/div>\n\t\t","protected":false},"excerpt":{"rendered":"<p>Historia Historia Acta de constituci\u00f3n \u201c\u2026Buenos Aires, a los 16 d\u00edas del mes de Agosto de 1962, se re\u00fanen en la ciudad Capital de la Rep\u00fablica las Terapistas Ocupacionales egresadas de la Escuela de Terapia Ocupacional dependiente de la Comisi\u00f3n Nacional de Rehabilitaci\u00f3n del Lisiado, y que poseen el certificado de Estudios otorgado por dicha &hellip;<\/p>\n<p class=\"read-more\"> <a class=\"\" href=\"https:\/\/terapia-ocupacional.org.ar\/?page_id=789\"> <span class=\"screen-reader-text\">Historia<\/span> Leer m\u00e1s &raquo;<\/a><\/p>\n","protected":false},"author":18,"featured_media":0,"parent":0,"menu_order":0,"comment_status":"closed","ping_status":"closed","template":"","meta":{"_uag_custom_page_level_css":"","footnotes":""},"uagb_featured_image_src":{"full":false,"thumbnail":false,"medium":false,"medium_large":false,"large":false,"1536x1536":false,"2048x2048":false},"uagb_author_info":{"display_name":"","author_link":"https:\/\/terapia-ocupacional.org.ar\/?author=18"},"uagb_comment_info":0,"uagb_excerpt":"Historia Historia Acta de constituci\u00f3n \u201c\u2026Buenos Aires, a los 16 d\u00edas del mes de Agosto de 1962, se re\u00fanen en la ciudad Capital de la Rep\u00fablica las Terapistas Ocupacionales egresadas de la Escuela de Terapia Ocupacional dependiente de la Comisi\u00f3n Nacional de Rehabilitaci\u00f3n del Lisiado, y que poseen el certificado de Estudios otorgado por dicha&hellip;","_links":{"self":[{"href":"https:\/\/terapia-ocupacional.org.ar\/index.php?rest_route=\/wp\/v2\/pages\/789"}],"collection":[{"href":"https:\/\/terapia-ocupacional.org.ar\/index.php?rest_route=\/wp\/v2\/pages"}],"about":[{"href":"https:\/\/terapia-ocupacional.org.ar\/index.php?rest_route=\/wp\/v2\/types\/page"}],"author":[{"embeddable":true,"href":"https:\/\/terapia-ocupacional.org.ar\/index.php?rest_route=\/wp\/v2\/users\/18"}],"replies":[{"embeddable":true,"href":"https:\/\/terapia-ocupacional.org.ar\/index.php?rest_route=%2Fwp%2Fv2%2Fcomments&post=789"}],"version-history":[{"count":15,"href":"https:\/\/terapia-ocupacional.org.ar\/index.php?rest_route=\/wp\/v2\/pages\/789\/revisions"}],"predecessor-version":[{"id":2034,"href":"https:\/\/terapia-ocupacional.org.ar\/index.php?rest_route=\/wp\/v2\/pages\/789\/revisions\/2034"}],"wp:attachment":[{"href":"https:\/\/terapia-ocupacional.org.ar\/index.php?rest_route=%2Fwp%2Fv2%2Fmedia&parent=789"}],"curies":[{"name":"wp","href":"https:\/\/api.w.org\/{rel}","templated":true}]}}