{"id":769,"date":"2020-05-19T00:05:46","date_gmt":"2020-05-19T00:05:46","guid":{"rendered":"http:\/\/c2112278.ferozo.com\/?page_id=769"},"modified":"2024-05-17T20:21:34","modified_gmt":"2024-05-17T20:21:34","slug":"terapia-ocupacional","status":"publish","type":"page","link":"https:\/\/terapia-ocupacional.org.ar\/?page_id=769","title":{"rendered":"Terapia Ocupacional"},"content":{"rendered":"\t\t<div data-elementor-type=\"wp-post\" data-elementor-id=\"769\" class=\"elementor elementor-769\">\n\t\t\t\t\t\t<section class=\"elementor-section elementor-top-section elementor-element elementor-element-990eafa elementor-section-content-top elementor-section-boxed elementor-section-height-default elementor-section-height-default\" data-id=\"990eafa\" data-element_type=\"section\">\n\t\t\t\t\t\t\t<div class=\"elementor-background-overlay\"><\/div>\n\t\t\t\t\t\t\t<div class=\"elementor-container elementor-column-gap-no\">\n\t\t\t\t\t<div class=\"elementor-column elementor-col-100 elementor-top-column elementor-element elementor-element-016e2e5\" data-id=\"016e2e5\" data-element_type=\"column\">\n\t\t\t<div class=\"elementor-widget-wrap elementor-element-populated\">\n\t\t\t\t\t\t<div class=\"elementor-element elementor-element-9453ff4 elementor-widget elementor-widget-heading\" data-id=\"9453ff4\" data-element_type=\"widget\" data-widget_type=\"heading.default\">\n\t\t\t\t<div class=\"elementor-widget-container\">\n\t\t\t<h1 class=\"elementor-heading-title elementor-size-default\">Terapia Ocupacional<\/h1>\t\t<\/div>\n\t\t\t\t<\/div>\n\t\t\t\t\t<\/div>\n\t\t<\/div>\n\t\t\t\t\t<\/div>\n\t\t<\/section>\n\t\t\t\t<section class=\"elementor-section elementor-top-section elementor-element elementor-element-541d64e7 elementor-section-boxed elementor-section-height-default elementor-section-height-default\" data-id=\"541d64e7\" data-element_type=\"section\" data-settings=\"{&quot;background_background&quot;:&quot;classic&quot;}\">\n\t\t\t\t\t\t<div class=\"elementor-container elementor-column-gap-default\">\n\t\t\t\t\t<div class=\"elementor-column elementor-col-100 elementor-top-column elementor-element elementor-element-6a8fa931\" data-id=\"6a8fa931\" data-element_type=\"column\">\n\t\t\t<div class=\"elementor-widget-wrap elementor-element-populated\">\n\t\t\t\t\t\t<section class=\"elementor-section elementor-inner-section elementor-element elementor-element-46d6bee6 elementor-section-boxed elementor-section-height-default elementor-section-height-default\" data-id=\"46d6bee6\" data-element_type=\"section\">\n\t\t\t\t\t\t<div class=\"elementor-container elementor-column-gap-default\">\n\t\t\t\t\t<div class=\"elementor-column elementor-col-100 elementor-inner-column elementor-element elementor-element-4764daea\" data-id=\"4764daea\" data-element_type=\"column\" data-settings=\"{&quot;background_background&quot;:&quot;classic&quot;}\">\n\t\t\t<div class=\"elementor-widget-wrap elementor-element-populated\">\n\t\t\t\t\t\t<div class=\"elementor-element elementor-element-7afc9ff9 elementor-widget__width-inherit elementor-widget elementor-widget-wp-widget-bsearch_search_box\" data-id=\"7afc9ff9\" data-element_type=\"widget\" data-widget_type=\"wp-widget-bsearch_search_box.default\">\n\t\t\t\t<div class=\"elementor-widget-container\">\n\t\t\t\n\t<div class=\"bsearch-form-container\">\n\t\t<form role=\"search\" method=\"get\" class=\"bsearchform\" action=\"https:\/\/terapia-ocupacional.org.ar\/\">\n\t\t\t<div class=\"bsearch-form-search-field\">\n\t\t\t\t<span class=\"screen-reader-text\">Buscar:<\/span>\n\t\t\t\t<input type=\"search\" class=\"bsearch-field search-field\" placeholder=\"Buscar &hellip;\" value=\"\" name=\"s\" \/>\n\t\t\t<\/div>\n\t\t\t\n\t\t\t<input type=\"submit\" class=\"bsearch-submit searchsubmit search-submit\" value=\"Buscar\" \/>\n\t\t<\/form>\n\t<\/div>\n\t\t\t<\/div>\n\t\t\t\t<\/div>\n\t\t\t\t\t<\/div>\n\t\t<\/div>\n\t\t\t\t\t<\/div>\n\t\t<\/section>\n\t\t\t\t\t<\/div>\n\t\t<\/div>\n\t\t\t\t\t<\/div>\n\t\t<\/section>\n\t\t\t\t<section class=\"elementor-section elementor-top-section elementor-element elementor-element-476410a0 elementor-section-content-middle elementor-section-boxed elementor-section-height-default elementor-section-height-default\" data-id=\"476410a0\" data-element_type=\"section\" data-settings=\"{&quot;background_background&quot;:&quot;classic&quot;}\">\n\t\t\t\t\t\t\t<div class=\"elementor-background-overlay\"><\/div>\n\t\t\t\t\t\t\t<div class=\"elementor-container elementor-column-gap-no\">\n\t\t\t\t\t<div class=\"elementor-column elementor-col-100 elementor-top-column elementor-element elementor-element-5dd15eca\" data-id=\"5dd15eca\" data-element_type=\"column\">\n\t\t\t<div class=\"elementor-widget-wrap elementor-element-populated\">\n\t\t\t\t\t\t<section class=\"elementor-section elementor-inner-section elementor-element elementor-element-176a42b6 elementor-section-boxed elementor-section-height-default elementor-section-height-default\" data-id=\"176a42b6\" data-element_type=\"section\">\n\t\t\t\t\t\t<div class=\"elementor-container elementor-column-gap-default\">\n\t\t\t\t\t<div class=\"elementor-column elementor-col-100 elementor-inner-column elementor-element elementor-element-4486f948\" data-id=\"4486f948\" data-element_type=\"column\">\n\t\t\t<div class=\"elementor-widget-wrap elementor-element-populated\">\n\t\t\t\t\t\t<div class=\"elementor-element elementor-element-7d0f5074 elementor-widget elementor-widget-heading\" data-id=\"7d0f5074\" data-element_type=\"widget\" data-widget_type=\"heading.default\">\n\t\t\t\t<div class=\"elementor-widget-container\">\n\t\t\t<h2 class=\"elementor-heading-title elementor-size-default\">\u00bfQu\u00e9 es la terapia ocupacional?<\/h2>\t\t<\/div>\n\t\t\t\t<\/div>\n\t\t\t\t\t<\/div>\n\t\t<\/div>\n\t\t\t\t\t<\/div>\n\t\t<\/section>\n\t\t\t\t<section class=\"elementor-section elementor-inner-section elementor-element elementor-element-78d00f80 elementor-section-content-middle elementor-section-boxed elementor-section-height-default elementor-section-height-default\" data-id=\"78d00f80\" data-element_type=\"section\">\n\t\t\t\t\t\t<div class=\"elementor-container elementor-column-gap-no\">\n\t\t\t\t\t<div class=\"elementor-column elementor-col-100 elementor-inner-column elementor-element elementor-element-265ddc3a\" data-id=\"265ddc3a\" data-element_type=\"column\" data-settings=\"{&quot;background_background&quot;:&quot;classic&quot;}\">\n\t\t\t<div class=\"elementor-widget-wrap elementor-element-populated\">\n\t\t\t\t\t\t<div class=\"elementor-element elementor-element-288462cb elementor-widget elementor-widget-text-editor\" data-id=\"288462cb\" data-element_type=\"widget\" data-widget_type=\"text-editor.default\">\n\t\t\t\t<div class=\"elementor-widget-container\">\n\t\t\t\t\t\t\t<p>La Terapia Ocupacional (T.O) es una profesi\u00f3n cuyo objeto de intervenci\u00f3n es la OCUPACI\u00d3N humana. Las y los Terapistas Ocupacionales intervienen en \u00e1mbitos sanitarios, educativos, laborales, judiciales y socio-comunitarios.<\/p><p>Sus profesionales brindan servicios a personas de diferentes grupos etarios cuyas OCUPACIONES se vean afectadas por situaciones de estr\u00e9s, enfermedad, discapacidad u otro motivo afectando el desempe\u00f1o ocupacional, su calidad de vida, y por consiguiente su salud integral.<\/p><p>Las personas, grupos o comunidades afectadas en el desempe\u00f1o cotidiano de sus actividades, requieren de la intervenci\u00f3n y atenci\u00f3n especializada de profesionales de Terapia Ocupacional a fin de desarrollar destrezas, habilidades y capacidades que les posibiliten superar las barreras que impiden su desempe\u00f1ar actividades en su vida cotidiana.<\/p><p>El instrumento de intervenci\u00f3n de la Terapia Ocupacional son las ocupaciones y actividades que realizan todos los seres humanos a lo largo de sus vidas desde que nacen hasta el final de la misma. \u00c9stas implican tanto aquellas que aprendemos y nos son trasmitidas a trav\u00e9s de las relaciones vinculares y de la cultura como: las actividades b\u00e1sicas de la vida diaria (higiene, arreglo personal, etc.), actividades instrumentales de la vida diaria (manejo del dinero, transporte, etc.), ocio, juego, trabajo, educaci\u00f3n, participaci\u00f3n social y tiempo libre.<\/p><p>Los servicios provistos por profesionales terapistas ocupacionales incluyen: consultas, evaluaci\u00f3n, educaci\u00f3n, promoci\u00f3n de la salud desde una perspectiva integral, la intervenci\u00f3n directa, la adaptaci\u00f3n y\/o adecuaci\u00f3n del entorno (hogar, trabajo, escuela etc.), la prescripci\u00f3n de equipamiento adaptado (ortesis, ayudas t\u00e9cnicas, etc) y el acompa\u00f1amiento de la familia, el usuario y los cuidadores desde el nacimiento hasta la muerte digna en el sistema sanitario y social.<\/p>\t\t\t\t\t\t<\/div>\n\t\t\t\t<\/div>\n\t\t\t\t\t<\/div>\n\t\t<\/div>\n\t\t\t\t\t<\/div>\n\t\t<\/section>\n\t\t\t\t\t<\/div>\n\t\t<\/div>\n\t\t\t\t\t<\/div>\n\t\t<\/section>\n\t\t\t\t<\/div>\n\t\t","protected":false},"excerpt":{"rendered":"<p>Terapia Ocupacional \u00bfQu\u00e9 es la terapia ocupacional? La Terapia Ocupacional (T.O) es una profesi\u00f3n cuyo objeto de intervenci\u00f3n es la OCUPACI\u00d3N humana. Las y los Terapistas Ocupacionales intervienen en \u00e1mbitos sanitarios, educativos, laborales, judiciales y socio-comunitarios. Sus profesionales brindan servicios a personas de diferentes grupos etarios cuyas OCUPACIONES se vean afectadas por situaciones de estr\u00e9s, &hellip;<\/p>\n<p class=\"read-more\"> <a class=\"\" href=\"https:\/\/terapia-ocupacional.org.ar\/?page_id=769\"> <span class=\"screen-reader-text\">Terapia Ocupacional<\/span> Leer m\u00e1s &raquo;<\/a><\/p>\n","protected":false},"author":18,"featured_media":0,"parent":0,"menu_order":0,"comment_status":"closed","ping_status":"closed","template":"","meta":{"_uag_custom_page_level_css":"","footnotes":""},"uagb_featured_image_src":{"full":false,"thumbnail":false,"medium":false,"medium_large":false,"large":false,"1536x1536":false,"2048x2048":false},"uagb_author_info":{"display_name":"","author_link":"https:\/\/terapia-ocupacional.org.ar\/?author=18"},"uagb_comment_info":0,"uagb_excerpt":"Terapia Ocupacional \u00bfQu\u00e9 es la terapia ocupacional? La Terapia Ocupacional (T.O) es una profesi\u00f3n cuyo objeto de intervenci\u00f3n es la OCUPACI\u00d3N humana. Las y los Terapistas Ocupacionales intervienen en \u00e1mbitos sanitarios, educativos, laborales, judiciales y socio-comunitarios. Sus profesionales brindan servicios a personas de diferentes grupos etarios cuyas OCUPACIONES se vean afectadas por situaciones de estr\u00e9s,&hellip;","_links":{"self":[{"href":"https:\/\/terapia-ocupacional.org.ar\/index.php?rest_route=\/wp\/v2\/pages\/769"}],"collection":[{"href":"https:\/\/terapia-ocupacional.org.ar\/index.php?rest_route=\/wp\/v2\/pages"}],"about":[{"href":"https:\/\/terapia-ocupacional.org.ar\/index.php?rest_route=\/wp\/v2\/types\/page"}],"author":[{"embeddable":true,"href":"https:\/\/terapia-ocupacional.org.ar\/index.php?rest_route=\/wp\/v2\/users\/18"}],"replies":[{"embeddable":true,"href":"https:\/\/terapia-ocupacional.org.ar\/index.php?rest_route=%2Fwp%2Fv2%2Fcomments&post=769"}],"version-history":[{"count":13,"href":"https:\/\/terapia-ocupacional.org.ar\/index.php?rest_route=\/wp\/v2\/pages\/769\/revisions"}],"predecessor-version":[{"id":2031,"href":"https:\/\/terapia-ocupacional.org.ar\/index.php?rest_route=\/wp\/v2\/pages\/769\/revisions\/2031"}],"wp:attachment":[{"href":"https:\/\/terapia-ocupacional.org.ar\/index.php?rest_route=%2Fwp%2Fv2%2Fmedia&parent=769"}],"curies":[{"name":"wp","href":"https:\/\/api.w.org\/{rel}","templated":true}]}}