{"id":749,"date":"2020-05-11T01:42:18","date_gmt":"2020-05-11T01:42:18","guid":{"rendered":"http:\/\/c2112278.ferozo.com\/?page_id=749"},"modified":"2024-05-17T20:21:15","modified_gmt":"2024-05-17T20:21:15","slug":"quienes-somos","status":"publish","type":"page","link":"https:\/\/terapia-ocupacional.org.ar\/?page_id=749","title":{"rendered":"Quienes Somos"},"content":{"rendered":"\t\t<div data-elementor-type=\"wp-post\" data-elementor-id=\"749\" class=\"elementor elementor-749\">\n\t\t\t\t\t\t<section class=\"elementor-section elementor-top-section elementor-element elementor-element-e7d0ff2 elementor-section-content-top elementor-section-boxed elementor-section-height-default elementor-section-height-default\" data-id=\"e7d0ff2\" data-element_type=\"section\">\n\t\t\t\t\t\t\t<div class=\"elementor-background-overlay\"><\/div>\n\t\t\t\t\t\t\t<div class=\"elementor-container elementor-column-gap-no\">\n\t\t\t\t\t<div class=\"elementor-column elementor-col-100 elementor-top-column elementor-element elementor-element-1c27a4c\" data-id=\"1c27a4c\" data-element_type=\"column\">\n\t\t\t<div class=\"elementor-widget-wrap elementor-element-populated\">\n\t\t\t\t\t\t<div class=\"elementor-element elementor-element-bf02653 elementor-widget elementor-widget-heading\" data-id=\"bf02653\" data-element_type=\"widget\" data-widget_type=\"heading.default\">\n\t\t\t\t<div class=\"elementor-widget-container\">\n\t\t\t<h1 class=\"elementor-heading-title elementor-size-default\">\u00bfQui\u00e9nes somos?<\/h1>\t\t<\/div>\n\t\t\t\t<\/div>\n\t\t\t\t\t<\/div>\n\t\t<\/div>\n\t\t\t\t\t<\/div>\n\t\t<\/section>\n\t\t\t\t<section class=\"elementor-section elementor-top-section elementor-element elementor-element-2b5587b9 elementor-section-boxed elementor-section-height-default elementor-section-height-default\" data-id=\"2b5587b9\" data-element_type=\"section\" data-settings=\"{&quot;background_background&quot;:&quot;classic&quot;}\">\n\t\t\t\t\t\t<div class=\"elementor-container elementor-column-gap-default\">\n\t\t\t\t\t<div class=\"elementor-column elementor-col-100 elementor-top-column elementor-element elementor-element-1f4d8176\" data-id=\"1f4d8176\" data-element_type=\"column\">\n\t\t\t<div class=\"elementor-widget-wrap elementor-element-populated\">\n\t\t\t\t\t\t<section class=\"elementor-section elementor-inner-section elementor-element elementor-element-1ba64aa4 elementor-section-boxed elementor-section-height-default elementor-section-height-default\" data-id=\"1ba64aa4\" data-element_type=\"section\">\n\t\t\t\t\t\t<div class=\"elementor-container elementor-column-gap-default\">\n\t\t\t\t\t<div class=\"elementor-column elementor-col-100 elementor-inner-column elementor-element elementor-element-ce420c9\" data-id=\"ce420c9\" data-element_type=\"column\" data-settings=\"{&quot;background_background&quot;:&quot;classic&quot;}\">\n\t\t\t<div class=\"elementor-widget-wrap elementor-element-populated\">\n\t\t\t\t\t\t<div class=\"elementor-element elementor-element-45d7c93f elementor-widget__width-inherit elementor-widget elementor-widget-wp-widget-bsearch_search_box\" data-id=\"45d7c93f\" data-element_type=\"widget\" data-widget_type=\"wp-widget-bsearch_search_box.default\">\n\t\t\t\t<div class=\"elementor-widget-container\">\n\t\t\t\n\t<div class=\"bsearch-form-container\">\n\t\t<form role=\"search\" method=\"get\" class=\"bsearchform\" action=\"https:\/\/terapia-ocupacional.org.ar\/\">\n\t\t\t<div class=\"bsearch-form-search-field\">\n\t\t\t\t<span class=\"screen-reader-text\">Buscar:<\/span>\n\t\t\t\t<input type=\"search\" class=\"bsearch-field search-field\" placeholder=\"Buscar &hellip;\" value=\"\" name=\"s\" \/>\n\t\t\t<\/div>\n\t\t\t\n\t\t\t<input type=\"submit\" class=\"bsearch-submit searchsubmit search-submit\" value=\"Buscar\" \/>\n\t\t<\/form>\n\t<\/div>\n\t\t\t<\/div>\n\t\t\t\t<\/div>\n\t\t\t\t\t<\/div>\n\t\t<\/div>\n\t\t\t\t\t<\/div>\n\t\t<\/section>\n\t\t\t\t\t<\/div>\n\t\t<\/div>\n\t\t\t\t\t<\/div>\n\t\t<\/section>\n\t\t\t\t<section class=\"elementor-section elementor-top-section elementor-element elementor-element-6785f070 elementor-section-content-middle elementor-section-boxed elementor-section-height-default elementor-section-height-default\" data-id=\"6785f070\" data-element_type=\"section\">\n\t\t\t\t\t\t<div class=\"elementor-container elementor-column-gap-no\">\n\t\t\t\t\t<div class=\"elementor-column elementor-col-50 elementor-top-column elementor-element elementor-element-236a079\" data-id=\"236a079\" data-element_type=\"column\">\n\t\t\t<div class=\"elementor-widget-wrap elementor-element-populated\">\n\t\t\t\t\t\t<div class=\"elementor-element elementor-element-5aabbfce elementor-widget elementor-widget-text-editor\" data-id=\"5aabbfce\" data-element_type=\"widget\" data-widget_type=\"text-editor.default\">\n\t\t\t\t<div class=\"elementor-widget-container\">\n\t\t\t\t\t\t\t<p>Somos un colectivo profesional que representa y defiende los intereses de los y las Terapistas Ocupacionales y estudiantes miembros.<\/p><p>La Asociaci\u00f3n Argentina de Terapistas Ocupacionales (AATO) nuclea a todos los profesionales de Terapia Ocupacional con t\u00edtulo profesional debidamente reconocido por la autoridad competente como a aquellos profesionales extranjeros cuyas carreras est\u00e1n reconocidas por la Federaci\u00f3n Mundial de Terapistas Ocupacionales (WFOT, por sus siglas en ingl\u00e9s) y a estudiantes de las carreras de Terapia Ocupacional de las universidades de gesti\u00f3n estatal y privada debidamente reconocidas, habilitadas y validadas por el Ministerio de Educaci\u00f3n de la Naci\u00f3n.<\/p><p>La AATO es miembro de la Federaci\u00f3n Mundial de Terapistas Ocupacionales y ofrece a sus socios la representaci\u00f3n y membres\u00eda directa de la federaci\u00f3n. A trav\u00e9s de la WFOT, la AATO participa de los proyectos de organizaciones como la OMS, ONU y UNESCO.<\/p><p>Adem\u00e1s, es miembro y representante por la Argentina ante la Confederaci\u00f3n Latinoamericana de Terapia Ocupacional (CLATO).<\/p>\t\t\t\t\t\t<\/div>\n\t\t\t\t<\/div>\n\t\t\t\t\t<\/div>\n\t\t<\/div>\n\t\t\t\t<div class=\"elementor-column elementor-col-50 elementor-top-column elementor-element elementor-element-2c9a3eef\" data-id=\"2c9a3eef\" data-element_type=\"column\" data-settings=\"{&quot;background_background&quot;:&quot;classic&quot;}\">\n\t\t\t<div class=\"elementor-widget-wrap elementor-element-populated\">\n\t\t\t\t\t\t<div class=\"elementor-element elementor-element-c462dec elementor-widget elementor-widget-video\" data-id=\"c462dec\" data-element_type=\"widget\" data-settings=\"{&quot;youtube_url&quot;:&quot;https:\\\/\\\/youtu.be\\\/MpGyHxHXmIQ&quot;,&quot;autoplay&quot;:&quot;yes&quot;,&quot;play_on_mobile&quot;:&quot;yes&quot;,&quot;mute&quot;:&quot;yes&quot;,&quot;yt_privacy&quot;:&quot;yes&quot;,&quot;video_type&quot;:&quot;youtube&quot;,&quot;controls&quot;:&quot;yes&quot;}\" data-widget_type=\"video.default\">\n\t\t\t\t<div class=\"elementor-widget-container\">\n\t\t\t\t\t<div class=\"elementor-wrapper elementor-open-inline\">\n\t\t\t<div class=\"elementor-video\"><\/div>\t\t<\/div>\n\t\t\t\t<\/div>\n\t\t\t\t<\/div>\n\t\t\t\t\t<\/div>\n\t\t<\/div>\n\t\t\t\t\t<\/div>\n\t\t<\/section>\n\t\t\t\t<section class=\"elementor-section elementor-top-section elementor-element elementor-element-6247d6ff elementor-section-content-middle elementor-section-boxed elementor-section-height-default elementor-section-height-default\" data-id=\"6247d6ff\" data-element_type=\"section\" data-settings=\"{&quot;background_background&quot;:&quot;classic&quot;}\">\n\t\t\t\t\t\t\t<div class=\"elementor-background-overlay\"><\/div>\n\t\t\t\t\t\t\t<div class=\"elementor-container elementor-column-gap-no\">\n\t\t\t\t\t<div class=\"elementor-column elementor-col-100 elementor-top-column elementor-element elementor-element-2d2f3c5c\" data-id=\"2d2f3c5c\" data-element_type=\"column\">\n\t\t\t<div class=\"elementor-widget-wrap elementor-element-populated\">\n\t\t\t\t\t\t<section class=\"elementor-section elementor-inner-section elementor-element elementor-element-6015ac8 elementor-section-boxed elementor-section-height-default elementor-section-height-default\" data-id=\"6015ac8\" data-element_type=\"section\">\n\t\t\t\t\t\t<div class=\"elementor-container elementor-column-gap-default\">\n\t\t\t\t\t<div class=\"elementor-column elementor-col-100 elementor-inner-column elementor-element elementor-element-4a720efc\" data-id=\"4a720efc\" data-element_type=\"column\">\n\t\t\t<div class=\"elementor-widget-wrap elementor-element-populated\">\n\t\t\t\t\t\t<div class=\"elementor-element elementor-element-47d84fb1 elementor-widget elementor-widget-heading\" data-id=\"47d84fb1\" data-element_type=\"widget\" data-widget_type=\"heading.default\">\n\t\t\t\t<div class=\"elementor-widget-container\">\n\t\t\t<h2 class=\"elementor-heading-title elementor-size-default\">Nuestro prop\u00f3sito<\/h2>\t\t<\/div>\n\t\t\t\t<\/div>\n\t\t\t\t\t<\/div>\n\t\t<\/div>\n\t\t\t\t\t<\/div>\n\t\t<\/section>\n\t\t\t\t<section class=\"elementor-section elementor-inner-section elementor-element elementor-element-4df704e6 elementor-section-content-middle elementor-section-boxed elementor-section-height-default elementor-section-height-default\" data-id=\"4df704e6\" data-element_type=\"section\">\n\t\t\t\t\t\t<div class=\"elementor-container elementor-column-gap-no\">\n\t\t\t\t\t<div class=\"elementor-column elementor-col-100 elementor-inner-column elementor-element elementor-element-707d9288\" data-id=\"707d9288\" data-element_type=\"column\" data-settings=\"{&quot;background_background&quot;:&quot;classic&quot;}\">\n\t\t\t<div class=\"elementor-widget-wrap elementor-element-populated\">\n\t\t\t\t\t\t<div class=\"elementor-element elementor-element-4d065b72 elementor-widget elementor-widget-text-editor\" data-id=\"4d065b72\" data-element_type=\"widget\" data-widget_type=\"text-editor.default\">\n\t\t\t\t<div class=\"elementor-widget-container\">\n\t\t\t\t\t\t\t<p>Nuestro prop\u00f3sito es construir una red que vincule al colectivo de los\/las Terapistas Ocupacionales de todas las regiones de nuestro pa\u00eds y de otros pa\u00edses, para ampliar, desarrollar y consolidar la difusi\u00f3n de nuestra profesi\u00f3n, como as\u00ed tambi\u00e9n intercambiar informaci\u00f3n, conocimientos, experiencias, reforzar identidades y establecer consensos<\/p><p><strong>Acciones:<\/strong><\/p><ul><li>Fomentamos la consolidaci\u00f3n y difusi\u00f3n de nuestra profesi\u00f3n como as\u00ed tambi\u00e9n promovemos espacios de intercambio de informaci\u00f3n, conocimientos y experiencias tendientes a reforzar la identidad de la Terapia Ocupacional.<\/li><li><span style=\"font-size: 16px;\">Establecemos redes entre los diferentes nucleamientos profesionales (Colegios, Asociaciones, Agrupaciones, etc.) que enarbolan principios comunes a nuestro prop\u00f3sito fundacional.<\/span><\/li><li><span style=\"font-size: 16px;\">Promovemos el ejercicio profesional de Terapia Ocupacional de acuerdo con las Leyes Nacionales y\/o Provinciales u Ordenanzas Municipales vigentes<\/span><\/li><li><span style=\"font-size: 16px;\">Promovemos y gestamos actividades cient\u00edficas y de investigaci\u00f3n en Terapia Ocupacional tales como congresos, conferencias, jornadas, etc.<\/span><\/li><li><span style=\"font-size: 16px;\">Velamos por la \u00e9tica profesional de los Terapistas Ocupacionales, Terapeutas Ocupacionales y Licenciados en Terapia Ocupacional.<\/span><\/li><li><span style=\"font-size: 16px;\">Intervenimos en la defensa de los intereses profesionales ante autoridades nacionales, provinciales, municipales y asociaciones de bien p\u00fablico.<\/span><\/li><li><span style=\"font-size: 16px;\">Generamos y sostenemos la Revista Argentina de Terapia Ocupacional, medio de difusi\u00f3n y comunicaci\u00f3n de las producciones cient\u00edficas y otros aportes de nuestra profesi\u00f3n a la comunidad de terapeutas ocupacionales del pa\u00eds, la regi\u00f3n y el mundo.<\/span><\/li><\/ul><p>\u00a0<\/p>\t\t\t\t\t\t<\/div>\n\t\t\t\t<\/div>\n\t\t\t\t\t<\/div>\n\t\t<\/div>\n\t\t\t\t\t<\/div>\n\t\t<\/section>\n\t\t\t\t\t<\/div>\n\t\t<\/div>\n\t\t\t\t\t<\/div>\n\t\t<\/section>\n\t\t\t\t<\/div>\n\t\t","protected":false},"excerpt":{"rendered":"<p>\u00bfQui\u00e9nes somos? Somos un colectivo profesional que representa y defiende los intereses de los y las Terapistas Ocupacionales y estudiantes miembros. La Asociaci\u00f3n Argentina de Terapistas Ocupacionales (AATO) nuclea a todos los profesionales de Terapia Ocupacional con t\u00edtulo profesional debidamente reconocido por la autoridad competente como a aquellos profesionales extranjeros cuyas carreras est\u00e1n reconocidas por &hellip;<\/p>\n<p class=\"read-more\"> <a class=\"\" href=\"https:\/\/terapia-ocupacional.org.ar\/?page_id=749\"> <span class=\"screen-reader-text\">Quienes Somos<\/span> Leer m\u00e1s &raquo;<\/a><\/p>\n","protected":false},"author":18,"featured_media":0,"parent":0,"menu_order":0,"comment_status":"closed","ping_status":"closed","template":"","meta":{"_uag_custom_page_level_css":"","footnotes":""},"uagb_featured_image_src":{"full":false,"thumbnail":false,"medium":false,"medium_large":false,"large":false,"1536x1536":false,"2048x2048":false},"uagb_author_info":{"display_name":"","author_link":"https:\/\/terapia-ocupacional.org.ar\/?author=18"},"uagb_comment_info":0,"uagb_excerpt":"\u00bfQui\u00e9nes somos? Somos un colectivo profesional que representa y defiende los intereses de los y las Terapistas Ocupacionales y estudiantes miembros. La Asociaci\u00f3n Argentina de Terapistas Ocupacionales (AATO) nuclea a todos los profesionales de Terapia Ocupacional con t\u00edtulo profesional debidamente reconocido por la autoridad competente como a aquellos profesionales extranjeros cuyas carreras est\u00e1n reconocidas por&hellip;","_links":{"self":[{"href":"https:\/\/terapia-ocupacional.org.ar\/index.php?rest_route=\/wp\/v2\/pages\/749"}],"collection":[{"href":"https:\/\/terapia-ocupacional.org.ar\/index.php?rest_route=\/wp\/v2\/pages"}],"about":[{"href":"https:\/\/terapia-ocupacional.org.ar\/index.php?rest_route=\/wp\/v2\/types\/page"}],"author":[{"embeddable":true,"href":"https:\/\/terapia-ocupacional.org.ar\/index.php?rest_route=\/wp\/v2\/users\/18"}],"replies":[{"embeddable":true,"href":"https:\/\/terapia-ocupacional.org.ar\/index.php?rest_route=%2Fwp%2Fv2%2Fcomments&post=749"}],"version-history":[{"count":18,"href":"https:\/\/terapia-ocupacional.org.ar\/index.php?rest_route=\/wp\/v2\/pages\/749\/revisions"}],"predecessor-version":[{"id":2028,"href":"https:\/\/terapia-ocupacional.org.ar\/index.php?rest_route=\/wp\/v2\/pages\/749\/revisions\/2028"}],"wp:attachment":[{"href":"https:\/\/terapia-ocupacional.org.ar\/index.php?rest_route=%2Fwp%2Fv2%2Fmedia&parent=749"}],"curies":[{"name":"wp","href":"https:\/\/api.w.org\/{rel}","templated":true}]}}