{"id":6,"date":"2018-08-27T12:15:15","date_gmt":"2018-08-27T12:15:15","guid":{"rendered":"https:\/\/websitedemos.net\/alex19\/?page_id=6"},"modified":"2024-09-12T18:26:33","modified_gmt":"2024-09-12T18:26:33","slug":"home","status":"publish","type":"page","link":"https:\/\/terapia-ocupacional.org.ar\/","title":{"rendered":"Inicio"},"content":{"rendered":"\t\t<div data-elementor-type=\"wp-page\" data-elementor-id=\"6\" class=\"elementor elementor-6\">\n\t\t\t\t\t\t<section class=\"elementor-section elementor-top-section elementor-element elementor-element-73ec48d elementor-section-stretched elementor-section-full_width elementor-section-height-default elementor-section-height-default\" data-id=\"73ec48d\" data-element_type=\"section\" data-settings=\"{&quot;stretch_section&quot;:&quot;section-stretched&quot;,&quot;background_background&quot;:&quot;gradient&quot;}\">\n\t\t\t\t\t\t<div class=\"elementor-container elementor-column-gap-no\">\n\t\t\t\t\t<div class=\"elementor-column elementor-col-100 elementor-top-column elementor-element elementor-element-159d44d\" data-id=\"159d44d\" data-element_type=\"column\">\n\t\t\t<div class=\"elementor-widget-wrap\">\n\t\t\t\t\t\t\t<\/div>\n\t\t<\/div>\n\t\t\t\t\t<\/div>\n\t\t<\/section>\n\t\t\t\t<section class=\"elementor-section elementor-top-section elementor-element elementor-element-7adb7f4 elementor-section-boxed elementor-section-height-default elementor-section-height-default\" data-id=\"7adb7f4\" data-element_type=\"section\" data-settings=\"{&quot;background_background&quot;:&quot;classic&quot;}\">\n\t\t\t\t\t\t<div class=\"elementor-container elementor-column-gap-default\">\n\t\t\t\t\t<div class=\"elementor-column elementor-col-100 elementor-top-column elementor-element elementor-element-6d1ddcc\" data-id=\"6d1ddcc\" data-element_type=\"column\">\n\t\t\t<div class=\"elementor-widget-wrap elementor-element-populated\">\n\t\t\t\t\t\t<section class=\"elementor-section elementor-inner-section elementor-element elementor-element-4c9856a elementor-section-boxed elementor-section-height-default elementor-section-height-default\" data-id=\"4c9856a\" data-element_type=\"section\" data-settings=\"{&quot;background_background&quot;:&quot;classic&quot;}\">\n\t\t\t\t\t\t<div class=\"elementor-container elementor-column-gap-no\">\n\t\t\t\t\t<div class=\"elementor-column elementor-col-50 elementor-inner-column elementor-element elementor-element-0c21f17\" data-id=\"0c21f17\" data-element_type=\"column\">\n\t\t\t<div class=\"elementor-widget-wrap elementor-element-populated\">\n\t\t\t\t\t\t<div class=\"elementor-element elementor-element-14a314a elementor-view-default elementor-widget elementor-widget-icon\" data-id=\"14a314a\" data-element_type=\"widget\" data-widget_type=\"icon.default\">\n\t\t\t\t<div class=\"elementor-widget-container\">\n\t\t\t\t\t<div class=\"elementor-icon-wrapper\">\n\t\t\t<div class=\"elementor-icon\">\n\t\t\t<i aria-hidden=\"true\" class=\"fas fa-quote-left\"><\/i>\t\t\t<\/div>\n\t\t<\/div>\n\t\t\t\t<\/div>\n\t\t\t\t<\/div>\n\t\t\t\t\t<\/div>\n\t\t<\/div>\n\t\t\t\t<div class=\"elementor-column elementor-col-50 elementor-inner-column elementor-element elementor-element-c1605fb\" data-id=\"c1605fb\" data-element_type=\"column\">\n\t\t\t<div class=\"elementor-widget-wrap elementor-element-populated\">\n\t\t\t\t\t\t<div class=\"elementor-element elementor-element-0f063db elementor-widget elementor-widget-heading\" data-id=\"0f063db\" data-element_type=\"widget\" data-widget_type=\"heading.default\">\n\t\t\t\t<div class=\"elementor-widget-container\">\n\t\t\t<h3 class=\"elementor-heading-title elementor-size-medium\">La Terapia Ocupacional es una profesi\u00f3n que brinda respuesta a personas, grupos y\/o comunidades que presentan dificultades permanentes o transitorias para desarrollar las ocupaciones inherentes a su proyecto de vida.<\/h3>\t\t<\/div>\n\t\t\t\t<\/div>\n\t\t\t\t<div class=\"elementor-element elementor-element-721d657 elementor-widget elementor-widget-heading\" data-id=\"721d657\" data-element_type=\"widget\" data-widget_type=\"heading.default\">\n\t\t\t\t<div class=\"elementor-widget-container\">\n\t\t\t<h4 class=\"elementor-heading-title elementor-size-small\">Comisi\u00f3n Directiva AATO<br>Gesti\u00f3n 2023-2026<\/h4>\t\t<\/div>\n\t\t\t\t<\/div>\n\t\t\t\t\t<\/div>\n\t\t<\/div>\n\t\t\t\t\t<\/div>\n\t\t<\/section>\n\t\t\t\t<section class=\"elementor-section elementor-inner-section elementor-element elementor-element-c5a5cce elementor-section-boxed elementor-section-height-default elementor-section-height-default\" data-id=\"c5a5cce\" data-element_type=\"section\">\n\t\t\t\t\t\t<div class=\"elementor-container elementor-column-gap-default\">\n\t\t\t\t\t<div class=\"elementor-column elementor-col-100 elementor-inner-column elementor-element elementor-element-5a0c904\" data-id=\"5a0c904\" data-element_type=\"column\" data-settings=\"{&quot;background_background&quot;:&quot;classic&quot;}\">\n\t\t\t<div class=\"elementor-widget-wrap elementor-element-populated\">\n\t\t\t\t\t\t<div class=\"elementor-element elementor-element-cf6681f elementor-widget__width-inherit elementor-widget elementor-widget-wp-widget-bsearch_search_box\" data-id=\"cf6681f\" data-element_type=\"widget\" data-widget_type=\"wp-widget-bsearch_search_box.default\">\n\t\t\t\t<div class=\"elementor-widget-container\">\n\t\t\t\n\t<div class=\"bsearch-form-container\">\n\t\t<form role=\"search\" method=\"get\" class=\"bsearchform\" action=\"https:\/\/terapia-ocupacional.org.ar\/\">\n\t\t\t<div class=\"bsearch-form-search-field\">\n\t\t\t\t<span class=\"screen-reader-text\">Buscar:<\/span>\n\t\t\t\t<input type=\"search\" class=\"bsearch-field search-field\" placeholder=\"Buscar &hellip;\" value=\"\" name=\"s\" \/>\n\t\t\t<\/div>\n\t\t\t\n\t\t\t<input type=\"submit\" class=\"bsearch-submit searchsubmit search-submit\" value=\"Buscar\" \/>\n\t\t<\/form>\n\t<\/div>\n\t\t\t<\/div>\n\t\t\t\t<\/div>\n\t\t\t\t\t<\/div>\n\t\t<\/div>\n\t\t\t\t\t<\/div>\n\t\t<\/section>\n\t\t\t\t\t<\/div>\n\t\t<\/div>\n\t\t\t\t\t<\/div>\n\t\t<\/section>\n\t\t\t\t<section class=\"elementor-section elementor-top-section elementor-element elementor-element-742be55a elementor-section-content-middle elementor-section-boxed elementor-section-height-default elementor-section-height-default\" data-id=\"742be55a\" data-element_type=\"section\" data-settings=\"{&quot;background_background&quot;:&quot;classic&quot;,&quot;shape_divider_top&quot;:&quot;opacity-tilt&quot;}\">\n\t\t\t\t\t\t\t<div class=\"elementor-background-overlay\"><\/div>\n\t\t\t\t\t\t<div class=\"elementor-shape elementor-shape-top\" data-negative=\"false\">\n\t\t\t<svg xmlns=\"http:\/\/www.w3.org\/2000\/svg\" viewBox=\"0 0 2600 131.1\" preserveAspectRatio=\"none\">\n\t<path class=\"elementor-shape-fill\" d=\"M0 0L2600 0 2600 69.1 0 0z\"\/>\n\t<path class=\"elementor-shape-fill\" style=\"opacity:0.5\" d=\"M0 0L2600 0 2600 69.1 0 69.1z\"\/>\n\t<path class=\"elementor-shape-fill\" style=\"opacity:0.25\" d=\"M2600 0L0 0 0 130.1 2600 69.1z\"\/>\n<\/svg>\t\t<\/div>\n\t\t\t\t\t<div class=\"elementor-container elementor-column-gap-no\">\n\t\t\t\t\t<div class=\"elementor-column elementor-col-100 elementor-top-column elementor-element elementor-element-4538ca52\" data-id=\"4538ca52\" data-element_type=\"column\">\n\t\t\t<div class=\"elementor-widget-wrap elementor-element-populated\">\n\t\t\t\t\t\t<div class=\"elementor-element elementor-element-1af8982b elementor-widget elementor-widget-heading\" data-id=\"1af8982b\" data-element_type=\"widget\" data-widget_type=\"heading.default\">\n\t\t\t\t<div class=\"elementor-widget-container\">\n\t\t\t<h2 class=\"elementor-heading-title elementor-size-default\">\u00bfQuienes Somos?<\/h2>\t\t<\/div>\n\t\t\t\t<\/div>\n\t\t\t\t<section class=\"elementor-section elementor-inner-section elementor-element elementor-element-37d4d8b1 elementor-section-content-middle elementor-section-boxed elementor-section-height-default elementor-section-height-default\" data-id=\"37d4d8b1\" data-element_type=\"section\">\n\t\t\t\t\t\t<div class=\"elementor-container elementor-column-gap-no\">\n\t\t\t\t\t<div class=\"elementor-column elementor-col-33 elementor-inner-column elementor-element elementor-element-4ffe5d79\" data-id=\"4ffe5d79\" data-element_type=\"column\">\n\t\t\t<div class=\"elementor-widget-wrap elementor-element-populated\">\n\t\t\t\t\t\t<div class=\"elementor-element elementor-element-27329fc7 elementor-widget elementor-widget-image\" data-id=\"27329fc7\" data-element_type=\"widget\" data-widget_type=\"image.default\">\n\t\t\t\t<div class=\"elementor-widget-container\">\n\t\t\t\t\t\t\t\t\t\t\t\t\t<img fetchpriority=\"high\" decoding=\"async\" width=\"768\" height=\"576\" src=\"https:\/\/terapia-ocupacional.org.ar\/wp-content\/uploads\/2020\/08\/1inicio-quienes-somos.jpg\" class=\"attachment-full size-full wp-image-1209\" alt=\"\" srcset=\"https:\/\/terapia-ocupacional.org.ar\/wp-content\/uploads\/2020\/08\/1inicio-quienes-somos.jpg 768w, https:\/\/terapia-ocupacional.org.ar\/wp-content\/uploads\/2020\/08\/1inicio-quienes-somos-300x225.jpg 300w\" sizes=\"(max-width: 768px) 100vw, 768px\" \/>\t\t\t\t\t\t\t\t\t\t\t\t\t<\/div>\n\t\t\t\t<\/div>\n\t\t\t\t\t<\/div>\n\t\t<\/div>\n\t\t\t\t<div class=\"elementor-column elementor-col-66 elementor-inner-column elementor-element elementor-element-23e5419d\" data-id=\"23e5419d\" data-element_type=\"column\">\n\t\t\t<div class=\"elementor-widget-wrap elementor-element-populated\">\n\t\t\t\t\t\t<div class=\"elementor-element elementor-element-c031bcf elementor-widget elementor-widget-heading\" data-id=\"c031bcf\" data-element_type=\"widget\" data-widget_type=\"heading.default\">\n\t\t\t\t<div class=\"elementor-widget-container\">\n\t\t\t<h6 class=\"elementor-heading-title elementor-size-default\">#1<\/h6>\t\t<\/div>\n\t\t\t\t<\/div>\n\t\t\t\t<div class=\"elementor-element elementor-element-1ab9101b elementor-widget elementor-widget-heading\" data-id=\"1ab9101b\" data-element_type=\"widget\" data-widget_type=\"heading.default\">\n\t\t\t\t<div class=\"elementor-widget-container\">\n\t\t\t<h3 class=\"elementor-heading-title elementor-size-default\">Asociaci\u00f3n Argentina Terapistas Ocupacionales<\/h3>\t\t<\/div>\n\t\t\t\t<\/div>\n\t\t\t\t<div class=\"elementor-element elementor-element-10ee9486 elementor-widget elementor-widget-text-editor\" data-id=\"10ee9486\" data-element_type=\"widget\" data-widget_type=\"text-editor.default\">\n\t\t\t\t<div class=\"elementor-widget-container\">\n\t\t\t\t\t\t\t<p>La Asociaci\u00f3n Argentina de Terapistas Ocupacionales (AATO) nuclea a todos los profesionales de Terapia Ocupacional con t\u00edtulo profesional debidamente reconocido.<\/p><p>Nuestra misi\u00f3n es construir una red que vincule al colectivo de los Terapistas Ocupacionales de todas las regiones de nuestro pa\u00eds y de otros pa\u00edses,\u00a0 para ampliar, desarrollar y consolidar la difusi\u00f3n de nuestra profesi\u00f3n<\/p>\t\t\t\t\t\t<\/div>\n\t\t\t\t<\/div>\n\t\t\t\t\t<\/div>\n\t\t<\/div>\n\t\t\t\t\t<\/div>\n\t\t<\/section>\n\t\t\t\t<section class=\"elementor-section elementor-inner-section elementor-element elementor-element-b4ba9da elementor-section-content-middle elementor-reverse-mobile elementor-section-boxed elementor-section-height-default elementor-section-height-default\" data-id=\"b4ba9da\" data-element_type=\"section\">\n\t\t\t\t\t\t<div class=\"elementor-container elementor-column-gap-no\">\n\t\t\t\t\t<div class=\"elementor-column elementor-col-50 elementor-inner-column elementor-element elementor-element-3657830\" data-id=\"3657830\" data-element_type=\"column\">\n\t\t\t<div class=\"elementor-widget-wrap elementor-element-populated\">\n\t\t\t\t\t\t<div class=\"elementor-element elementor-element-7677a84 elementor-widget elementor-widget-heading\" data-id=\"7677a84\" data-element_type=\"widget\" data-widget_type=\"heading.default\">\n\t\t\t\t<div class=\"elementor-widget-container\">\n\t\t\t<h6 class=\"elementor-heading-title elementor-size-default\">#2<\/h6>\t\t<\/div>\n\t\t\t\t<\/div>\n\t\t\t\t<div class=\"elementor-element elementor-element-44d9687d elementor-widget elementor-widget-heading\" data-id=\"44d9687d\" data-element_type=\"widget\" data-widget_type=\"heading.default\">\n\t\t\t\t<div class=\"elementor-widget-container\">\n\t\t\t<h3 class=\"elementor-heading-title elementor-size-default\">\u00bfQu\u00e9 es la Terapia Ocupacional?<\/h3>\t\t<\/div>\n\t\t\t\t<\/div>\n\t\t\t\t<div class=\"elementor-element elementor-element-d2cabef elementor-widget elementor-widget-text-editor\" data-id=\"d2cabef\" data-element_type=\"widget\" data-widget_type=\"text-editor.default\">\n\t\t\t\t<div class=\"elementor-widget-container\">\n\t\t\t\t\t\t\t<p>Terapia Ocupacional\u00a0(T.O) es una profesi\u00f3n que interviene en los \u00e1mbitos sanitario, educativo, laboral, judicial y social-comunitario. Sus profesionales brindan servicios a personas de diferentes grupos etarios que al presentar situaciones de estr\u00e9s, enfermedad, discapacidad y\/o disfunciones ven afectado su desempe\u00f1o ocupacional, su calidad de vida, y por consiguiente su salud integral.<\/p>\t\t\t\t\t\t<\/div>\n\t\t\t\t<\/div>\n\t\t\t\t\t<\/div>\n\t\t<\/div>\n\t\t\t\t<div class=\"elementor-column elementor-col-50 elementor-inner-column elementor-element elementor-element-6f843cf\" data-id=\"6f843cf\" data-element_type=\"column\">\n\t\t\t<div class=\"elementor-widget-wrap elementor-element-populated\">\n\t\t\t\t\t\t<div class=\"elementor-element elementor-element-4a3562fe elementor-widget elementor-widget-image\" data-id=\"4a3562fe\" data-element_type=\"widget\" data-widget_type=\"image.default\">\n\t\t\t\t<div class=\"elementor-widget-container\">\n\t\t\t\t\t\t\t\t\t\t\t\t\t<img decoding=\"async\" width=\"1032\" height=\"774\" src=\"https:\/\/terapia-ocupacional.org.ar\/wp-content\/uploads\/2020\/08\/inicio-que-es-terap-ocup.jpeg\" class=\"attachment-full size-full wp-image-1214\" alt=\"\" srcset=\"https:\/\/terapia-ocupacional.org.ar\/wp-content\/uploads\/2020\/08\/inicio-que-es-terap-ocup.jpeg 1032w, https:\/\/terapia-ocupacional.org.ar\/wp-content\/uploads\/2020\/08\/inicio-que-es-terap-ocup-300x225.jpeg 300w, https:\/\/terapia-ocupacional.org.ar\/wp-content\/uploads\/2020\/08\/inicio-que-es-terap-ocup-1024x768.jpeg 1024w, https:\/\/terapia-ocupacional.org.ar\/wp-content\/uploads\/2020\/08\/inicio-que-es-terap-ocup-768x576.jpeg 768w\" sizes=\"(max-width: 1032px) 100vw, 1032px\" \/>\t\t\t\t\t\t\t\t\t\t\t\t\t<\/div>\n\t\t\t\t<\/div>\n\t\t\t\t\t<\/div>\n\t\t<\/div>\n\t\t\t\t\t<\/div>\n\t\t<\/section>\n\t\t\t\t<section class=\"elementor-section elementor-inner-section elementor-element elementor-element-e813c4c elementor-section-content-middle elementor-section-boxed elementor-section-height-default elementor-section-height-default\" data-id=\"e813c4c\" data-element_type=\"section\">\n\t\t\t\t\t\t<div class=\"elementor-container elementor-column-gap-no\">\n\t\t\t\t\t<div class=\"elementor-column elementor-col-33 elementor-inner-column elementor-element elementor-element-e691f18\" data-id=\"e691f18\" data-element_type=\"column\">\n\t\t\t<div class=\"elementor-widget-wrap elementor-element-populated\">\n\t\t\t\t\t\t<div class=\"elementor-element elementor-element-df6ca7c elementor-widget elementor-widget-image\" data-id=\"df6ca7c\" data-element_type=\"widget\" data-widget_type=\"image.default\">\n\t\t\t\t<div class=\"elementor-widget-container\">\n\t\t\t\t\t\t\t\t\t\t\t\t\t<img decoding=\"async\" width=\"1693\" height=\"2267\" src=\"https:\/\/terapia-ocupacional.org.ar\/wp-content\/uploads\/2020\/08\/inicio-como-asociarse.jpg\" class=\"attachment-full size-full wp-image-1211\" alt=\"\" srcset=\"https:\/\/terapia-ocupacional.org.ar\/wp-content\/uploads\/2020\/08\/inicio-como-asociarse.jpg 1693w, https:\/\/terapia-ocupacional.org.ar\/wp-content\/uploads\/2020\/08\/inicio-como-asociarse-224x300.jpg 224w, https:\/\/terapia-ocupacional.org.ar\/wp-content\/uploads\/2020\/08\/inicio-como-asociarse-765x1024.jpg 765w, https:\/\/terapia-ocupacional.org.ar\/wp-content\/uploads\/2020\/08\/inicio-como-asociarse-768x1028.jpg 768w, https:\/\/terapia-ocupacional.org.ar\/wp-content\/uploads\/2020\/08\/inicio-como-asociarse-1147x1536.jpg 1147w, https:\/\/terapia-ocupacional.org.ar\/wp-content\/uploads\/2020\/08\/inicio-como-asociarse-1529x2048.jpg 1529w\" sizes=\"(max-width: 1693px) 100vw, 1693px\" \/>\t\t\t\t\t\t\t\t\t\t\t\t\t<\/div>\n\t\t\t\t<\/div>\n\t\t\t\t\t<\/div>\n\t\t<\/div>\n\t\t\t\t<div class=\"elementor-column elementor-col-66 elementor-inner-column elementor-element elementor-element-558fb00\" data-id=\"558fb00\" data-element_type=\"column\">\n\t\t\t<div class=\"elementor-widget-wrap elementor-element-populated\">\n\t\t\t\t\t\t<div class=\"elementor-element elementor-element-e9a6e21 elementor-widget elementor-widget-heading\" data-id=\"e9a6e21\" data-element_type=\"widget\" data-widget_type=\"heading.default\">\n\t\t\t\t<div class=\"elementor-widget-container\">\n\t\t\t<h6 class=\"elementor-heading-title elementor-size-default\">#3<\/h6>\t\t<\/div>\n\t\t\t\t<\/div>\n\t\t\t\t<div class=\"elementor-element elementor-element-4518e89 elementor-widget elementor-widget-heading\" data-id=\"4518e89\" data-element_type=\"widget\" data-widget_type=\"heading.default\">\n\t\t\t\t<div class=\"elementor-widget-container\">\n\t\t\t<h3 class=\"elementor-heading-title elementor-size-default\">\u00bfC\u00f3mo asociarse?<\/h3>\t\t<\/div>\n\t\t\t\t<\/div>\n\t\t\t\t<div class=\"elementor-element elementor-element-b82b33e elementor-widget elementor-widget-text-editor\" data-id=\"b82b33e\" data-element_type=\"widget\" data-widget_type=\"text-editor.default\">\n\t\t\t\t<div class=\"elementor-widget-container\">\n\t\t\t\t\t\t\t<p>Asociarse es muy sencillo!! Solo tenes que seguir dos simples pasos. &nbsp;No pierdas tiempo y acced\u00e9 a todos los beneficios que la Asociaci\u00f3n Argentina de Terapistas Ocupacionales tiene para ofrecerte. Ent\u00e9rate mas haciendo click en el bot\u00f3n de aqu\u00ed abajo.<\/p>\t\t\t\t\t\t<\/div>\n\t\t\t\t<\/div>\n\t\t\t\t<div class=\"elementor-element elementor-element-8883db9 elementor-align-left elementor-mobile-align-center elementor-widget elementor-widget-button\" data-id=\"8883db9\" data-element_type=\"widget\" data-widget_type=\"button.default\">\n\t\t\t\t<div class=\"elementor-widget-container\">\n\t\t\t\t\t<div class=\"elementor-button-wrapper\">\n\t\t\t<a class=\"elementor-button elementor-button-link elementor-size-md\" href=\"https:\/\/terapia-ocupacional.org.ar\/?page_id=823\">\n\t\t\t\t\t\t<span class=\"elementor-button-content-wrapper\">\n\t\t\t\t\t\t<span class=\"elementor-button-text\">Asociarme<\/span>\n\t\t<\/span>\n\t\t\t\t\t<\/a>\n\t\t<\/div>\n\t\t\t\t<\/div>\n\t\t\t\t<\/div>\n\t\t\t\t\t<\/div>\n\t\t<\/div>\n\t\t\t\t\t<\/div>\n\t\t<\/section>\n\t\t\t\t\t<\/div>\n\t\t<\/div>\n\t\t\t\t\t<\/div>\n\t\t<\/section>\n\t\t\t\t<section class=\"elementor-section elementor-top-section elementor-element elementor-element-94ade8c elementor-reverse-tablet elementor-reverse-mobile elementor-section-height-min-height elementor-section-content-top elementor-section-boxed elementor-section-height-default elementor-section-items-middle\" data-id=\"94ade8c\" data-element_type=\"section\">\n\t\t\t\t\t\t\t<div class=\"elementor-background-overlay\"><\/div>\n\t\t\t\t\t\t\t<div class=\"elementor-container elementor-column-gap-no\">\n\t\t\t\t\t<div class=\"elementor-column elementor-col-33 elementor-top-column elementor-element elementor-element-2b34eda elementor-hidden-tablet\" data-id=\"2b34eda\" data-element_type=\"column\" data-settings=\"{&quot;background_background&quot;:&quot;classic&quot;}\">\n\t\t\t<div class=\"elementor-widget-wrap elementor-element-populated\">\n\t\t\t\t\t<div class=\"elementor-background-overlay\"><\/div>\n\t\t\t\t\t\t<div class=\"elementor-element elementor-element-926ceb0 elementor-widget elementor-widget-image\" data-id=\"926ceb0\" data-element_type=\"widget\" data-widget_type=\"image.default\">\n\t\t\t\t<div class=\"elementor-widget-container\">\n\t\t\t\t\t\t\t\t\t\t\t\t\t<img decoding=\"async\" src=\"https:\/\/terapia-ocupacional.org.ar\/wp-content\/uploads\/2020\/05\/mail1.svg\" class=\"attachment-full size-full wp-image-727\" alt=\"\" \/>\t\t\t\t\t\t\t\t\t\t\t\t\t<\/div>\n\t\t\t\t<\/div>\n\t\t\t\t\t<\/div>\n\t\t<\/div>\n\t\t\t\t<div class=\"elementor-column elementor-col-66 elementor-top-column elementor-element elementor-element-93501ef\" data-id=\"93501ef\" data-element_type=\"column\" data-settings=\"{&quot;background_background&quot;:&quot;classic&quot;}\">\n\t\t\t<div class=\"elementor-widget-wrap elementor-element-populated\">\n\t\t\t\t\t\t<div class=\"elementor-element elementor-element-d961777 elementor-widget elementor-widget-heading\" data-id=\"d961777\" data-element_type=\"widget\" data-widget_type=\"heading.default\">\n\t\t\t\t<div class=\"elementor-widget-container\">\n\t\t\t<h5 class=\"elementor-heading-title elementor-size-default\">\u00bfTenes dudas?<\/h5>\t\t<\/div>\n\t\t\t\t<\/div>\n\t\t\t\t<div class=\"elementor-element elementor-element-c2771d0 elementor-widget elementor-widget-heading\" data-id=\"c2771d0\" data-element_type=\"widget\" data-widget_type=\"heading.default\">\n\t\t\t\t<div class=\"elementor-widget-container\">\n\t\t\t<h2 class=\"elementor-heading-title elementor-size-default\">Dejanos tu contacto<\/h2>\t\t<\/div>\n\t\t\t\t<\/div>\n\t\t\t\t<div class=\"elementor-element elementor-element-98173f7 elementor-widget elementor-widget-shortcode\" data-id=\"98173f7\" data-element_type=\"widget\" data-widget_type=\"shortcode.default\">\n\t\t\t\t<div class=\"elementor-widget-container\">\n\t\t\t\t\t<div class=\"elementor-shortcode\"><div class=\"wpforms-container \" id=\"wpforms-621\"><form id=\"wpforms-form-621\" class=\"wpforms-validate wpforms-form\" data-formid=\"621\" method=\"post\" enctype=\"multipart\/form-data\" action=\"\/index.php?rest_route=%2Fwp%2Fv2%2Fpages%2F6\" data-token=\"12cf81a40b14528920460a39abda4017\"><noscript class=\"wpforms-error-noscript\">Por favor, activa JavaScript en tu navegador para completar este formulario.<\/noscript><div class=\"wpforms-field-container\"><div id=\"wpforms-621-field_0-container\" class=\"wpforms-field wpforms-field-name\" data-field-id=\"0\"><label class=\"wpforms-field-label\" for=\"wpforms-621-field_0\">Nombre <span class=\"wpforms-required-label\">*<\/span><\/label><input type=\"text\" id=\"wpforms-621-field_0\" class=\"wpforms-field-large wpforms-field-required\" name=\"wpforms[fields][0]\" required><\/div><div id=\"wpforms-621-field_1-container\" class=\"wpforms-field wpforms-field-email\" data-field-id=\"1\"><label class=\"wpforms-field-label\" for=\"wpforms-621-field_1\">Mail <span class=\"wpforms-required-label\">*<\/span><\/label><input type=\"email\" id=\"wpforms-621-field_1\" class=\"wpforms-field-large wpforms-field-required\" name=\"wpforms[fields][1]\" spellcheck=\"false\" required><\/div><div id=\"wpforms-621-field_11-container\" class=\"wpforms-field wpforms-field-textarea\" data-field-id=\"11\"><label class=\"wpforms-field-label\" for=\"wpforms-621-field_11\">Consulta <span class=\"wpforms-required-label\">*<\/span><\/label><textarea id=\"wpforms-621-field_11\" class=\"wpforms-field-medium wpforms-field-required\" name=\"wpforms[fields][11]\" required><\/textarea><div class=\"wpforms-field-description\">D\u00e9janos tu consulta aqui<\/div><\/div><\/div><!-- .wpforms-field-container --><div class=\"wpforms-field wpforms-field-hp\"><label for=\"wpforms-621-field-hp\" class=\"wpforms-field-label\">Name<\/label><input type=\"text\" name=\"wpforms[hp]\" id=\"wpforms-621-field-hp\" class=\"wpforms-field-medium\"><\/div><div class=\"wpforms-submit-container\" ><input type=\"hidden\" name=\"wpforms[id]\" value=\"621\"><input type=\"hidden\" name=\"wpforms[author]\" value=\"0\"><button type=\"submit\" name=\"wpforms[submit]\" id=\"wpforms-submit-621\" class=\"wpforms-submit\" data-alt-text=\"Enviando...\" data-submit-text=\"Enviar\" aria-live=\"assertive\" value=\"wpforms-submit\">Enviar<\/button><\/div><\/form><\/div>  <!-- .wpforms-container -->\t<\/div>\n\t\t\t\t<\/div>\n\t\t\t\t<\/div>\n\t\t\t\t\t<\/div>\n\t\t<\/div>\n\t\t\t\t\t<\/div>\n\t\t<\/section>\n\t\t\t\t<\/div>\n\t\t","protected":false},"excerpt":{"rendered":"<p>La Terapia Ocupacional es una profesi\u00f3n que brinda respuesta a personas, grupos y\/o comunidades que presentan dificultades permanentes o transitorias para desarrollar las ocupaciones inherentes a su proyecto de vida. Comisi\u00f3n Directiva AATOGesti\u00f3n 2023-2026 \u00bfQuienes Somos? #1 Asociaci\u00f3n Argentina Terapistas Ocupacionales La Asociaci\u00f3n Argentina de Terapistas Ocupacionales (AATO) nuclea a todos los profesionales de Terapia &hellip;<\/p>\n<p class=\"read-more\"> <a class=\"\" href=\"https:\/\/terapia-ocupacional.org.ar\/\"> <span class=\"screen-reader-text\">Inicio<\/span> Leer m\u00e1s &raquo;<\/a><\/p>\n","protected":false},"author":18,"featured_media":0,"parent":0,"menu_order":0,"comment_status":"closed","ping_status":"closed","template":"","meta":{"_uag_custom_page_level_css":"","footnotes":""},"uagb_featured_image_src":{"full":false,"thumbnail":false,"medium":false,"medium_large":false,"large":false,"1536x1536":false,"2048x2048":false},"uagb_author_info":{"display_name":"","author_link":"https:\/\/terapia-ocupacional.org.ar\/?author=18"},"uagb_comment_info":0,"uagb_excerpt":"La Terapia Ocupacional es una profesi\u00f3n que brinda respuesta a personas, grupos y\/o comunidades que presentan dificultades permanentes o transitorias para desarrollar las ocupaciones inherentes a su proyecto de vida. Comisi\u00f3n Directiva AATOGesti\u00f3n 2023-2026 \u00bfQuienes Somos? #1 Asociaci\u00f3n Argentina Terapistas Ocupacionales La Asociaci\u00f3n Argentina de Terapistas Ocupacionales (AATO) nuclea a todos los profesionales de Terapia&hellip;","_links":{"self":[{"href":"https:\/\/terapia-ocupacional.org.ar\/index.php?rest_route=\/wp\/v2\/pages\/6"}],"collection":[{"href":"https:\/\/terapia-ocupacional.org.ar\/index.php?rest_route=\/wp\/v2\/pages"}],"about":[{"href":"https:\/\/terapia-ocupacional.org.ar\/index.php?rest_route=\/wp\/v2\/types\/page"}],"author":[{"embeddable":true,"href":"https:\/\/terapia-ocupacional.org.ar\/index.php?rest_route=\/wp\/v2\/users\/18"}],"replies":[{"embeddable":true,"href":"https:\/\/terapia-ocupacional.org.ar\/index.php?rest_route=%2Fwp%2Fv2%2Fcomments&post=6"}],"version-history":[{"count":85,"href":"https:\/\/terapia-ocupacional.org.ar\/index.php?rest_route=\/wp\/v2\/pages\/6\/revisions"}],"predecessor-version":[{"id":2689,"href":"https:\/\/terapia-ocupacional.org.ar\/index.php?rest_route=\/wp\/v2\/pages\/6\/revisions\/2689"}],"wp:attachment":[{"href":"https:\/\/terapia-ocupacional.org.ar\/index.php?rest_route=%2Fwp%2Fv2%2Fmedia&parent=6"}],"curies":[{"name":"wp","href":"https:\/\/api.w.org\/{rel}","templated":true}]}}