{"id":1595,"date":"2024-04-18T13:46:18","date_gmt":"2024-04-18T13:46:18","guid":{"rendered":"https:\/\/terapia-ocupacional.org.ar\/?page_id=1595"},"modified":"2024-05-23T15:37:21","modified_gmt":"2024-05-23T15:37:21","slug":"to-en-ambito-laboral","status":"publish","type":"page","link":"https:\/\/terapia-ocupacional.org.ar\/?page_id=1595","title":{"rendered":"TO en \u00e1mbito laboral"},"content":{"rendered":"\t\t<div data-elementor-type=\"wp-post\" data-elementor-id=\"1595\" class=\"elementor elementor-1595\">\n\t\t\t\t\t\t<section class=\"elementor-section elementor-top-section elementor-element elementor-element-655cb78 elementor-section-content-top elementor-section-boxed elementor-section-height-default elementor-section-height-default\" data-id=\"655cb78\" data-element_type=\"section\">\n\t\t\t\t\t\t\t<div class=\"elementor-background-overlay\"><\/div>\n\t\t\t\t\t\t\t<div class=\"elementor-container elementor-column-gap-no\">\n\t\t\t\t\t<div class=\"elementor-column elementor-col-100 elementor-top-column elementor-element elementor-element-8ee446a\" data-id=\"8ee446a\" data-element_type=\"column\">\n\t\t\t<div class=\"elementor-widget-wrap elementor-element-populated\">\n\t\t\t\t\t\t<div class=\"elementor-element elementor-element-a2a0b3a elementor-widget elementor-widget-heading\" data-id=\"a2a0b3a\" data-element_type=\"widget\" data-widget_type=\"heading.default\">\n\t\t\t\t<div class=\"elementor-widget-container\">\n\t\t\t<h1 class=\"elementor-heading-title elementor-size-default\">TO En \u00c1mbito Laboral<\/h1>\t\t<\/div>\n\t\t\t\t<\/div>\n\t\t\t\t\t<\/div>\n\t\t<\/div>\n\t\t\t\t\t<\/div>\n\t\t<\/section>\n\t\t\t\t<section class=\"elementor-section elementor-top-section elementor-element elementor-element-7641c7cf elementor-section-boxed elementor-section-height-default elementor-section-height-default\" data-id=\"7641c7cf\" data-element_type=\"section\" data-settings=\"{&quot;background_background&quot;:&quot;classic&quot;}\">\n\t\t\t\t\t\t<div class=\"elementor-container elementor-column-gap-default\">\n\t\t\t\t\t<div class=\"elementor-column elementor-col-100 elementor-top-column elementor-element elementor-element-643518eb\" data-id=\"643518eb\" data-element_type=\"column\">\n\t\t\t<div class=\"elementor-widget-wrap elementor-element-populated\">\n\t\t\t\t\t\t<section class=\"elementor-section elementor-inner-section elementor-element elementor-element-74ecdeb3 elementor-section-boxed elementor-section-height-default elementor-section-height-default\" data-id=\"74ecdeb3\" data-element_type=\"section\">\n\t\t\t\t\t\t<div class=\"elementor-container elementor-column-gap-default\">\n\t\t\t\t\t<div class=\"elementor-column elementor-col-100 elementor-inner-column elementor-element elementor-element-24a279b9\" data-id=\"24a279b9\" data-element_type=\"column\" data-settings=\"{&quot;background_background&quot;:&quot;classic&quot;}\">\n\t\t\t<div class=\"elementor-widget-wrap elementor-element-populated\">\n\t\t\t\t\t\t<div class=\"elementor-element elementor-element-c8b3c24 elementor-widget__width-inherit elementor-widget elementor-widget-wp-widget-bsearch_search_box\" data-id=\"c8b3c24\" data-element_type=\"widget\" data-widget_type=\"wp-widget-bsearch_search_box.default\">\n\t\t\t\t<div class=\"elementor-widget-container\">\n\t\t\t\n\t<div class=\"bsearch-form-container\">\n\t\t<form role=\"search\" method=\"get\" class=\"bsearchform\" action=\"https:\/\/terapia-ocupacional.org.ar\/\">\n\t\t\t<div class=\"bsearch-form-search-field\">\n\t\t\t\t<span class=\"screen-reader-text\">Buscar:<\/span>\n\t\t\t\t<input type=\"search\" class=\"bsearch-field search-field\" placeholder=\"Buscar &hellip;\" value=\"\" name=\"s\" \/>\n\t\t\t<\/div>\n\t\t\t\n\t\t\t<input type=\"submit\" class=\"bsearch-submit searchsubmit search-submit\" value=\"Buscar\" \/>\n\t\t<\/form>\n\t<\/div>\n\t\t\t<\/div>\n\t\t\t\t<\/div>\n\t\t\t\t\t<\/div>\n\t\t<\/div>\n\t\t\t\t\t<\/div>\n\t\t<\/section>\n\t\t\t\t\t<\/div>\n\t\t<\/div>\n\t\t\t\t\t<\/div>\n\t\t<\/section>\n\t\t\t\t<section class=\"elementor-section elementor-top-section elementor-element elementor-element-233a3999 elementor-section-content-middle elementor-section-boxed elementor-section-height-default elementor-section-height-default\" data-id=\"233a3999\" data-element_type=\"section\" data-settings=\"{&quot;background_background&quot;:&quot;classic&quot;}\">\n\t\t\t\t\t\t\t<div class=\"elementor-background-overlay\"><\/div>\n\t\t\t\t\t\t\t<div class=\"elementor-container elementor-column-gap-no\">\n\t\t\t\t\t<div class=\"elementor-column elementor-col-100 elementor-top-column elementor-element elementor-element-2496e318\" data-id=\"2496e318\" data-element_type=\"column\">\n\t\t\t<div class=\"elementor-widget-wrap elementor-element-populated\">\n\t\t\t\t\t\t<section class=\"elementor-section elementor-inner-section elementor-element elementor-element-2a4b9f7a elementor-section-boxed elementor-section-height-default elementor-section-height-default\" data-id=\"2a4b9f7a\" data-element_type=\"section\">\n\t\t\t\t\t\t<div class=\"elementor-container elementor-column-gap-default\">\n\t\t\t\t\t<div class=\"elementor-column elementor-col-100 elementor-inner-column elementor-element elementor-element-538a80a5\" data-id=\"538a80a5\" data-element_type=\"column\">\n\t\t\t<div class=\"elementor-widget-wrap elementor-element-populated\">\n\t\t\t\t\t\t<div class=\"elementor-element elementor-element-628a81b5 elementor-widget elementor-widget-text-editor\" data-id=\"628a81b5\" data-element_type=\"widget\" data-widget_type=\"text-editor.default\">\n\t\t\t\t<div class=\"elementor-widget-container\">\n\t\t\t\t\t\t\t<p><strong>Integrantes: <span style=\"font-weight: 400;\">Coordinadoras: Celeste Sarrautte y Agostina Ciampa. Integrantes:<\/span><\/strong><span style=\"font-weight: 400;\">\u00a0\u00a0<\/span><span style=\"font-weight: 400;\">Brenda Vieyra, <\/span><span style=\"font-size: 16px; font-weight: 400;\">Agostina Ciampa, <\/span><span style=\"font-weight: 400;\">Silvina Solari, <\/span><span style=\"font-size: 16px; font-weight: 400;\">Natalia Soledad \u00c1lvarez, <\/span><span style=\"font-size: 16px; font-weight: 400;\">Liliana Sbriller, <\/span><span style=\"font-size: 16px; font-weight: 400;\">Mar\u00eda Alejandra Ferrero, <\/span><span style=\"font-size: 16px; font-weight: 400;\">Mar\u00eda Esperanza Barcos, <\/span><span style=\"font-weight: 400;\">Mariana Buitron, <\/span><span style=\"font-size: 16px; font-weight: 400;\">Julia Vicari, <\/span><span style=\"font-size: 16px; font-weight: 400;\">Rosana Adinolfi, <\/span><span style=\"font-weight: 400;\">Eliana Walker, <\/span><span style=\"font-weight: 400;\">Mariana Navarro, <\/span><span style=\"font-size: 16px; font-weight: 400;\">Constanza Poveda, <\/span><span style=\"font-size: 16px; font-weight: 400;\">Victoria Araujo, <\/span><span style=\"font-weight: 400;\">Lorena Alegre,\u00a0 <\/span><span style=\"font-weight: 400;\">Cora Testa, <\/span><span style=\"font-size: 16px; font-weight: 400;\">Celeste Sarrautte, <\/span><span style=\"font-weight: 400;\">Silvia Uzqueda, <\/span><span style=\"font-weight: 400;\">Laura Hauresz.<\/span><\/p><p><strong>Fundamentacion<\/strong><\/p><p><span style=\"font-weight: 400;\">Desde la creaci\u00f3n de la profesi\u00f3n, las y los terapistas ocupacionales han estado contribuyendo al desarrollo y la promoci\u00f3n de ocupaciones productivas significativas y saludables de las personas en particular y las sociedades en general.<\/span><\/p><p><span style=\"font-weight: 400;\">\u00a0L<\/span><span style=\"font-weight: 400;\">a Ley 27.051, sobre el Ejercicio de la Profesi\u00f3n de Terapeutas Ocupacionales, Terapistas Ocupacionales y Licenciados en Terapia Ocupacional, establece dentro de los alcances de la profesi\u00f3n la participaci\u00f3n en:<\/span><\/p><ul><li><span style=\"font-weight: 400;\"> \u201cLa elaboraci\u00f3n, implementaci\u00f3n y evaluaci\u00f3n de planes, programas y proyectos de desarrollo comunitario que impliquen la instrumentaci\u00f3n de actividades y ocupaciones como recursos de integraci\u00f3n personal, educacional, social y laboral\u201d, y<\/span><\/li><li><span style=\"font-weight: 400;\"> \u201cEvaluar la capacidad funcional biopsicosocial de las personas, y efectuar tratamiento de las disfunciones ocupacionales como medio de integraci\u00f3n personal, laboral, educativa y social\u201d , entre otros.<\/span><\/li><\/ul><p><span style=\"font-weight: 400;\">\u00a0<\/span><span style=\"font-weight: 400;\">Asimismo, de acuerdo a la OIT y la OMS se define a la salud ocupacional como &#8221; la promoci\u00f3n y mantenimiento del mayor grado de bienestar f\u00edsico, mental y social de los trabajadores en todas las ocupaciones mediante la prevenci\u00f3n de las desviaciones de la salud, control de riesgos y la adaptaci\u00f3n del trabajo a la gente, y la gente a sus puestos de trabajo&#8221; . La terapia ocupacional integra el campo multidisciplinar de la salud ocupacional a partir de sus conocimientos propios y de la articulaci\u00f3n con otras disciplinas.<\/span><\/p><p><span style=\"font-weight: 400;\">Es a partir de ello que se propone la generaci\u00f3n del Cap\u00edtulo de Terapia Ocupacional (TO) en el \u00c1mbito Laboral como parte de la Asociaci\u00f3n Argentina de Terapistas Ocupacionales (AATO), buscando reunir a aquellas y aquellos colegas que trabajan en la materia y est\u00e1n interesadas e interesados en reflexionar y trabajar en conjunto en pos de visibilizar las distintas pr\u00e1cticas que se est\u00e1n llevando a cabo actualmente en el pa\u00eds, y poder debatir acerca de los desaf\u00edos actuales que enfrentamos como cuerpo de profesionales.<\/span><\/p><p><span style=\"font-weight: 400;\">\u00a0<\/span><span style=\"font-weight: 400;\">Al nuclearse en este cap\u00edtulo las y los profesionales que desarrollan intervenciones en el \u00e1rea, circular\u00e1 informaci\u00f3n relevante para fomentar las buenas pr\u00e1cticas y el cont\u00ednuo aprendizaje. El di\u00e1logo respecto del rol de las y los profesionales de la TO en el \u00e1mbito laboral es necesario si buscamos potenciar nuestros aportes y oportunidades de acci\u00f3n tanto en las acciones de alcance p\u00fablico como privado.<\/span><\/p>\t\t\t\t\t\t<\/div>\n\t\t\t\t<\/div>\n\t\t\t\t\t<\/div>\n\t\t<\/div>\n\t\t\t\t\t<\/div>\n\t\t<\/section>\n\t\t\t\t<section class=\"elementor-section elementor-inner-section elementor-element elementor-element-244cbc9a elementor-section-content-middle elementor-section-boxed elementor-section-height-default elementor-section-height-default\" data-id=\"244cbc9a\" data-element_type=\"section\">\n\t\t\t\t\t\t<div class=\"elementor-container elementor-column-gap-no\">\n\t\t\t\t\t<div class=\"elementor-column elementor-col-100 elementor-inner-column elementor-element elementor-element-2e14c3fb\" data-id=\"2e14c3fb\" data-element_type=\"column\" data-settings=\"{&quot;background_background&quot;:&quot;classic&quot;}\">\n\t\t\t<div class=\"elementor-widget-wrap elementor-element-populated\">\n\t\t\t\t\t\t<div class=\"elementor-element elementor-element-0a208a8 elementor-widget elementor-widget-heading\" data-id=\"0a208a8\" data-element_type=\"widget\" data-widget_type=\"heading.default\">\n\t\t\t\t<div class=\"elementor-widget-container\">\n\t\t\t<h4 class=\"elementor-heading-title elementor-size-default\">Objetivos:<\/h4>\t\t<\/div>\n\t\t\t\t<\/div>\n\t\t\t\t<div class=\"elementor-element elementor-element-f3c4d8c elementor-icon-list--layout-traditional elementor-list-item-link-full_width elementor-widget elementor-widget-icon-list\" data-id=\"f3c4d8c\" data-element_type=\"widget\" data-widget_type=\"icon-list.default\">\n\t\t\t\t<div class=\"elementor-widget-container\">\n\t\t\t\t\t<ul class=\"elementor-icon-list-items\">\n\t\t\t\t\t\t\t<li class=\"elementor-icon-list-item\">\n\t\t\t\t\t\t\t\t\t\t\t<span class=\"elementor-icon-list-icon\">\n\t\t\t\t\t\t\t<i aria-hidden=\"true\" class=\"fas fa-check\"><\/i>\t\t\t\t\t\t<\/span>\n\t\t\t\t\t\t\t\t\t\t<span class=\"elementor-icon-list-text\">Nuclear a profesionales de terapia ocupacional que trabajen en el \u00e1mbito laboral en distintos puntos del pa\u00eds.<\/span>\n\t\t\t\t\t\t\t\t\t<\/li>\n\t\t\t\t\t\t\t\t<li class=\"elementor-icon-list-item\">\n\t\t\t\t\t\t\t\t\t\t\t<span class=\"elementor-icon-list-icon\">\n\t\t\t\t\t\t\t<i aria-hidden=\"true\" class=\"fas fa-check\"><\/i>\t\t\t\t\t\t<\/span>\n\t\t\t\t\t\t\t\t\t\t<span class=\"elementor-icon-list-text\">Visibilizar las pr\u00e1cticas que realizan profesionales de terapia ocupacional que trabajan en el \u00e1mbito laboral en distintos puntos del pa\u00eds.<\/span>\n\t\t\t\t\t\t\t\t\t<\/li>\n\t\t\t\t\t\t\t\t<li class=\"elementor-icon-list-item\">\n\t\t\t\t\t\t\t\t\t\t\t<span class=\"elementor-icon-list-icon\">\n\t\t\t\t\t\t\t<i aria-hidden=\"true\" class=\"fas fa-check\"><\/i>\t\t\t\t\t\t<\/span>\n\t\t\t\t\t\t\t\t\t\t<span class=\"elementor-icon-list-text\">Reflexionar acerca de las pr\u00e1cticas y desaf\u00edos actuales que transitan las y los profesionales de terapia ocupacional que trabajan en el \u00e1mbito laboral.<\/span>\n\t\t\t\t\t\t\t\t\t<\/li>\n\t\t\t\t\t\t\t\t<li class=\"elementor-icon-list-item\">\n\t\t\t\t\t\t\t\t\t\t\t<span class=\"elementor-icon-list-icon\">\n\t\t\t\t\t\t\t<i aria-hidden=\"true\" class=\"fas fa-check\"><\/i>\t\t\t\t\t\t<\/span>\n\t\t\t\t\t\t\t\t\t\t<span class=\"elementor-icon-list-text\">Circular el conocimiento disciplinar que permita revisar el rol profesional y potenciar las buenas pr\u00e1cticas.<\/span>\n\t\t\t\t\t\t\t\t\t<\/li>\n\t\t\t\t\t\t\t\t<li class=\"elementor-icon-list-item\">\n\t\t\t\t\t\t\t\t\t\t\t<span class=\"elementor-icon-list-icon\">\n\t\t\t\t\t\t\t<i aria-hidden=\"true\" class=\"fas fa-check\"><\/i>\t\t\t\t\t\t<\/span>\n\t\t\t\t\t\t\t\t\t\t<span class=\"elementor-icon-list-text\">Gestionar oportunidades de aprendizaje y actualizaci\u00f3n, valorando la formaci\u00f3n como recurso de apoyo a las y los profesionales que se desempe\u00f1an en el \u00e1rea.<\/span>\n\t\t\t\t\t\t\t\t\t<\/li>\n\t\t\t\t\t\t\t\t<li class=\"elementor-icon-list-item\">\n\t\t\t\t\t\t\t\t\t\t\t<span class=\"elementor-icon-list-icon\">\n\t\t\t\t\t\t\t<i aria-hidden=\"true\" class=\"fas fa-check\"><\/i>\t\t\t\t\t\t<\/span>\n\t\t\t\t\t\t\t\t\t\t<span class=\"elementor-icon-list-text\">Promover la publicaci\u00f3n y presentaci\u00f3n del conocimiento espec\u00edfico del campo profesional en el \u00e1mbito laboral.<\/span>\n\t\t\t\t\t\t\t\t\t<\/li>\n\t\t\t\t\t\t\t\t<li class=\"elementor-icon-list-item\">\n\t\t\t\t\t\t\t\t\t\t\t<span class=\"elementor-icon-list-icon\">\n\t\t\t\t\t\t\t<i aria-hidden=\"true\" class=\"fas fa-check\"><\/i>\t\t\t\t\t\t<\/span>\n\t\t\t\t\t\t\t\t\t\t<span class=\"elementor-icon-list-text\">Difundir y promover los aportes de la terapia ocupacional en el \u00e1rea para acompa\u00f1ar el desarrollo de pol\u00edticas en los distintos niveles del Estado.<\/span>\n\t\t\t\t\t\t\t\t\t<\/li>\n\t\t\t\t\t\t<\/ul>\n\t\t\t\t<\/div>\n\t\t\t\t<\/div>\n\t\t\t\t\t<\/div>\n\t\t<\/div>\n\t\t\t\t\t<\/div>\n\t\t<\/section>\n\t\t\t\t\t<\/div>\n\t\t<\/div>\n\t\t\t\t\t<\/div>\n\t\t<\/section>\n\t\t\t\t<\/div>\n\t\t","protected":false},"excerpt":{"rendered":"<p>TO En \u00c1mbito Laboral Integrantes: Coordinadoras: Celeste Sarrautte y Agostina Ciampa. Integrantes:\u00a0\u00a0Brenda Vieyra, Agostina Ciampa, Silvina Solari, Natalia Soledad \u00c1lvarez, Liliana Sbriller, Mar\u00eda Alejandra Ferrero, Mar\u00eda Esperanza Barcos, Mariana Buitron, Julia Vicari, Rosana Adinolfi, Eliana Walker, Mariana Navarro, Constanza Poveda, Victoria Araujo, Lorena Alegre,\u00a0 Cora Testa, Celeste Sarrautte, Silvia Uzqueda, Laura Hauresz. Fundamentacion Desde la &hellip;<\/p>\n<p class=\"read-more\"> <a class=\"\" href=\"https:\/\/terapia-ocupacional.org.ar\/?page_id=1595\"> <span class=\"screen-reader-text\">TO en \u00e1mbito laboral<\/span> Leer m\u00e1s &raquo;<\/a><\/p>\n","protected":false},"author":26,"featured_media":0,"parent":0,"menu_order":0,"comment_status":"closed","ping_status":"closed","template":"","meta":{"_uag_custom_page_level_css":"","footnotes":""},"uagb_featured_image_src":{"full":false,"thumbnail":false,"medium":false,"medium_large":false,"large":false,"1536x1536":false,"2048x2048":false},"uagb_author_info":{"display_name":"admin AATO","author_link":"https:\/\/terapia-ocupacional.org.ar\/?author=26"},"uagb_comment_info":0,"uagb_excerpt":"TO En \u00c1mbito Laboral Integrantes: Coordinadoras: Celeste Sarrautte y Agostina Ciampa. Integrantes:\u00a0\u00a0Brenda Vieyra, Agostina Ciampa, Silvina Solari, Natalia Soledad \u00c1lvarez, Liliana Sbriller, Mar\u00eda Alejandra Ferrero, Mar\u00eda Esperanza Barcos, Mariana Buitron, Julia Vicari, Rosana Adinolfi, Eliana Walker, Mariana Navarro, Constanza Poveda, Victoria Araujo, Lorena Alegre,\u00a0 Cora Testa, Celeste Sarrautte, Silvia Uzqueda, Laura Hauresz. Fundamentacion Desde la&hellip;","_links":{"self":[{"href":"https:\/\/terapia-ocupacional.org.ar\/index.php?rest_route=\/wp\/v2\/pages\/1595"}],"collection":[{"href":"https:\/\/terapia-ocupacional.org.ar\/index.php?rest_route=\/wp\/v2\/pages"}],"about":[{"href":"https:\/\/terapia-ocupacional.org.ar\/index.php?rest_route=\/wp\/v2\/types\/page"}],"author":[{"embeddable":true,"href":"https:\/\/terapia-ocupacional.org.ar\/index.php?rest_route=\/wp\/v2\/users\/26"}],"replies":[{"embeddable":true,"href":"https:\/\/terapia-ocupacional.org.ar\/index.php?rest_route=%2Fwp%2Fv2%2Fcomments&post=1595"}],"version-history":[{"count":16,"href":"https:\/\/terapia-ocupacional.org.ar\/index.php?rest_route=\/wp\/v2\/pages\/1595\/revisions"}],"predecessor-version":[{"id":2129,"href":"https:\/\/terapia-ocupacional.org.ar\/index.php?rest_route=\/wp\/v2\/pages\/1595\/revisions\/2129"}],"wp:attachment":[{"href":"https:\/\/terapia-ocupacional.org.ar\/index.php?rest_route=%2Fwp%2Fv2%2Fmedia&parent=1595"}],"curies":[{"name":"wp","href":"https:\/\/api.w.org\/{rel}","templated":true}]}}