{"id":1199,"date":"2020-07-22T19:33:04","date_gmt":"2020-07-22T19:33:04","guid":{"rendered":"http:\/\/c2112278.ferozo.com\/?page_id=1199"},"modified":"2025-10-10T14:05:17","modified_gmt":"2025-10-10T14:05:17","slug":"cuidados-paliativos","status":"publish","type":"page","link":"https:\/\/terapia-ocupacional.org.ar\/?page_id=1199","title":{"rendered":"Cuidados Paliativos"},"content":{"rendered":"<h1>Cuidados Paliativos<\/h1>\n<p><strong><u>INTEGRANTES<\/u><\/strong>: Carla Mondelo (coordinadora), Ma. Carla Pesce, Ariana C\u00f3rdoba, Pilar Mu\u00f1oz, Silvina Oudshoorn, Agustina Delgado, Liliana Cristiani, Guillermina Alebuena, Silvina Montilla.<\/p>\n<p><strong><u>Fundamentaci\u00f3n<\/u><\/strong><\/p>\n<p>La historia del Cap\u00edtulo de Cuidados Paliativos se inicia en el a\u00f1o 2008, cuando B\u00e1rbara Peuvri\u00e9 convoca a un grupo de terapistas ocupacionales para elaborar la \u201cNorma de Funcionamiento de Terapia Ocupacional en Cuidados Paliativos\u201d. Es as\u00ed que, junto con Julieta Pavoni, Mercedes Kruse, Pilar Mu\u00f1oz y Guillermina Alebuena crean la Comisi\u00f3n de Cuidados Paliativos en la AATO, la cual contin\u00faa trabajando, con la colaboraci\u00f3n de diferentes colegas, hasta el a\u00f1o 2016.<\/p>\n<p>En el a\u00f1o 2019 surge la inquietud de retomar el Cap\u00edtulo y con el aporte de Pilar Mu\u00f1oz, Virginia Sosena, Silvina Oudshoorn, Guillermina Alebuena, Julieta Pavoni, y Silvina Montilla se presenta a AATO un nuevo proyecto. Se reabre as\u00ed la convocatoria siempre abierta a la incorporaci\u00f3n de colegas y estudiantes de Terapia Ocupacional que tengan inter\u00e9s en los Cuidados Paliativos.<\/p>\n<p>Como grupo de trabajo nos proponemos ser un <i>equipo abierto, inclusivo y con una visi\u00f3n multidimensional de nuestra pr\u00e1ctica<\/i>.<\/p>\n<p>Para m\u00e1s info, complet\u00e1 el siguiente formulario: https:\/\/forms.gle\/6f5LNXX5Tt7NWKNz5<\/p>\n<ul>\n<li aria-level=\"1\"><b>PROP\u00d3SITO:\u00a0<\/b><\/li>\n<\/ul>\n<p><b><\/b><br \/>\nConsideramos que formar parte de este Cap\u00edtulo en AATO <b>es una oportunidad y un desaf\u00edo para promover el desarrollo de la Terapia Ocupacional en esta \u00e1rea,<\/b> fortalecer el trabajo cooperativo entre colegas, brindar espacios para la formaci\u00f3n conjunta y promover un mayor alcance a la comunidad de los Cuidados Paliativos.<\/p>\n<ul>\n<li aria-level=\"1\"><b>EJES ARTICULADORES DE LA ACCI\u00d3N:<\/b><\/li>\n<\/ul>\n<p>Se han planteado los siguientes ejes\u00a0articuladores para delinear y establecer los objetivos del Cap\u00edtulo, en tanto proponen dimensiones a partir de las cuales organizar las acciones:<\/p>\n<ul>\n<li style=\"font-weight: 400;\" aria-level=\"1\">Formaci\u00f3n<\/li>\n<li style=\"font-weight: 400;\" aria-level=\"1\">Investigaci\u00f3n<\/li>\n<li style=\"font-weight: 400;\" aria-level=\"1\">Reflexi\u00f3n<\/li>\n<li style=\"font-weight: 400;\" aria-level=\"1\">Acci\u00f3n<\/li>\n<\/ul>\n<h2>Objetivos<\/h2>\n<p>Las acciones propuestas tienen como objetivo <b>reflexionar sobre el abordaje de la Terapia Ocupacional para lograr competencia y compromiso profesional<\/b>. Adem\u00e1s, aspiramos a la<b> innovaci\u00f3n y a promover la investigaci\u00f3n y formaci\u00f3n continua<\/b> <b>para mejorar la calidad de vida de las personas con enfermedades que amenazan su vida y de sus familias.\u00a0<\/b><\/p>\n<ul>\n<li>Conformar un grupo colaborativo, de formaci\u00f3n, investigaci\u00f3n, supervisi\u00f3n y reflexi\u00f3n centrado en programas de calidad de intervenci\u00f3n entre los integrantes del cap\u00edtulo y abiertos a la comunidad.<\/li>\n<li>Planificar y llevara a cabo una agenda de actividades virtuales y presenciales entre los miembros del cap\u00edtulo para mantener una comunicaci\u00f3n peri\u00f3dica y efectiva.<\/li>\n<li>Establecer v\u00ednculos estrat\u00e9gicos con Asociaciones, Fundaciones Nacionales e Internacionales y con colegas argentinos y extranjeros referentes en Cuidados Paliativos.<\/li>\n<li>Promover la producci\u00f3n nacional de investigaciones y el desarrollo de intervenciones comunitarias de Terapia Ocupacional en Cuidados Paliativos.<\/li>\n<li>Ampliar la difusi\u00f3n del desarrollo de la Terapia Ocupacional en Cuidados Paliativos en Argentina.<\/li>\n<li>Participar en capacitaciones, jornadas y congresos como representantes de la AATO.<\/li>\n<li>Gestionar una base de datos sobre profesionales que se desempe\u00f1en en el \u00e1rea a nivel municipal, provincial, nacional y pr\u00e1ctica privada.<\/li>\n<li>Mantener actualizada el material bibliogr\u00e1fico referente a Cuidados Paliativos de la biblioteca de la AATO.<\/li>\n<\/ul>\n<h2>Informaci\u00f3n<\/h2>\n<h4 style=\"font-size: 1.33333rem; font-style: normal; white-space-collapse: collapse;\">Tejer caminos: Historia de Terapia Ocupacional en Cuidados Paliativos en Argentina<\/h4>\n<p><a style=\"font-size: 15px; font-style: normal; font-weight: inherit; white-space-collapse: collapse; background-color: #ffffff; color: #80cbc4;\" href=\"https:\/\/terapia-ocupacional.org.ar\/wp-content\/uploads\/2025\/10\/Tejer-caminos_-Historia-de-Terapia-Ocupacional-en-Cuidados-Paliativos-en-Argentina.docx-2-comprimido.pdf\">https:\/\/terapia-ocupacional.org.ar\/wp-content\/uploads\/2025\/10\/Tejer-caminos_-Historia-de-Terapia-Ocupacional-en-Cuidados-Paliativos-en-Argentina.docx-2-comprimido.pdf<\/a><\/p>\n","protected":false},"excerpt":{"rendered":"<p>Cuidados Paliativos INTEGRANTES: Carla Mondelo (coordinadora), Ma. Carla Pesce, Ariana C\u00f3rdoba, Pilar Mu\u00f1oz, Silvina Oudshoorn, Agustina Delgado, Liliana Cristiani, Guillermina Alebuena, Silvina Montilla. Fundamentaci\u00f3n La historia del Cap\u00edtulo de Cuidados Paliativos se inicia en el a\u00f1o 2008, cuando B\u00e1rbara Peuvri\u00e9 convoca a un grupo de terapistas ocupacionales para elaborar la \u201cNorma de Funcionamiento de Terapia &hellip;<\/p>\n<p class=\"read-more\"> <a class=\"\" href=\"https:\/\/terapia-ocupacional.org.ar\/?page_id=1199\"> <span class=\"screen-reader-text\">Cuidados Paliativos<\/span> Leer m\u00e1s &raquo;<\/a><\/p>\n","protected":false},"author":18,"featured_media":0,"parent":0,"menu_order":0,"comment_status":"closed","ping_status":"closed","template":"","meta":{"_uag_custom_page_level_css":"","footnotes":""},"uagb_featured_image_src":{"full":false,"thumbnail":false,"medium":false,"medium_large":false,"large":false,"1536x1536":false,"2048x2048":false},"uagb_author_info":{"display_name":"","author_link":"https:\/\/terapia-ocupacional.org.ar\/?author=18"},"uagb_comment_info":0,"uagb_excerpt":"Cuidados Paliativos INTEGRANTES: Carla Mondelo (coordinadora), Ma. Carla Pesce, Ariana C\u00f3rdoba, Pilar Mu\u00f1oz, Silvina Oudshoorn, Agustina Delgado, Liliana Cristiani, Guillermina Alebuena, Silvina Montilla. Fundamentaci\u00f3n La historia del Cap\u00edtulo de Cuidados Paliativos se inicia en el a\u00f1o 2008, cuando B\u00e1rbara Peuvri\u00e9 convoca a un grupo de terapistas ocupacionales para elaborar la \u201cNorma de Funcionamiento de Terapia&hellip;","_links":{"self":[{"href":"https:\/\/terapia-ocupacional.org.ar\/index.php?rest_route=\/wp\/v2\/pages\/1199"}],"collection":[{"href":"https:\/\/terapia-ocupacional.org.ar\/index.php?rest_route=\/wp\/v2\/pages"}],"about":[{"href":"https:\/\/terapia-ocupacional.org.ar\/index.php?rest_route=\/wp\/v2\/types\/page"}],"author":[{"embeddable":true,"href":"https:\/\/terapia-ocupacional.org.ar\/index.php?rest_route=\/wp\/v2\/users\/18"}],"replies":[{"embeddable":true,"href":"https:\/\/terapia-ocupacional.org.ar\/index.php?rest_route=%2Fwp%2Fv2%2Fcomments&post=1199"}],"version-history":[{"count":30,"href":"https:\/\/terapia-ocupacional.org.ar\/index.php?rest_route=\/wp\/v2\/pages\/1199\/revisions"}],"predecessor-version":[{"id":2708,"href":"https:\/\/terapia-ocupacional.org.ar\/index.php?rest_route=\/wp\/v2\/pages\/1199\/revisions\/2708"}],"wp:attachment":[{"href":"https:\/\/terapia-ocupacional.org.ar\/index.php?rest_route=%2Fwp%2Fv2%2Fmedia&parent=1199"}],"curies":[{"name":"wp","href":"https:\/\/api.w.org\/{rel}","templated":true}]}}