{"id":1081,"date":"2020-07-08T18:29:31","date_gmt":"2020-07-08T18:29:31","guid":{"rendered":"http:\/\/c2112278.ferozo.com\/?page_id=1081"},"modified":"2025-10-08T21:40:31","modified_gmt":"2025-10-08T21:40:31","slug":"articulos-y-documentos","status":"publish","type":"page","link":"https:\/\/terapia-ocupacional.org.ar\/?page_id=1081","title":{"rendered":"Articulos y Documentos"},"content":{"rendered":"<h1>Art\u00edculos y documentos<\/h1>\n<h6><a href=\"https:\/\/terapia-ocupacional.org.ar\/wp-content\/uploads\/2025\/10\/Tejer-caminos_-Historia-de-Terapia-Ocupacional-en-Cuidados-Paliativos-en-Argentina.docx-2-comprimido-1.pdf\"><strong>Tejer Caminos: Historia de Terapia Ocupacional en Cuidados Paliativos en Argentina<\/strong><\/a><\/h6>\n<article data-id=\"1647\">\n<header>\n<h6><a title=\"1\u00b0 Jornada de TO en el \u00e1mbito laboral\" href=\"https:\/\/terapia-ocupacional.org.ar\/?p=1647\">1\u00b0 Jornada de TO en el \u00e1mbito laboral<\/a><\/h6>\n<\/header>\n<\/article>\n<article data-id=\"1367\">\n<header>\n<h6><a title=\"Evaluaci\u00f3n de actividades de la vida diaria\" href=\"https:\/\/terapia-ocupacional.org.ar\/?p=1367\">Evaluaci\u00f3n de actividades de la vida diaria<\/a><\/h6>\n<\/header>\n<\/article>\n<article data-id=\"1365\">\n<header>\n<h6><a title=\"Declaraci\u00f3n de Posicionamiento Teletrabajo TO\" href=\"https:\/\/terapia-ocupacional.org.ar\/?p=1365\">Declaraci\u00f3n de Posicionamiento Teletrabajo TO<\/a><\/h6>\n<\/header>\n<\/article>\n<article data-id=\"1363\">\n<header>\n<h6><a title=\"Presentaci\u00f3n Ramugondo \u2013 Congreso 2018\" href=\"https:\/\/terapia-ocupacional.org.ar\/?p=1363\">Presentaci\u00f3n Ramugondo \u2013 Congreso 2018<\/a><\/h6>\n<\/header>\n<\/article>\n<article data-id=\"1257\">\n<header>\n<h6><a title=\"Manual del\/la Terapista ocupacional prestador\/ade discapacidad\" href=\"https:\/\/terapia-ocupacional.org.ar\/?p=1257\">Manual del\/la Terapista ocupacional prestador\/A de discapacidad<\/a><\/h6>\n<\/header>\n<\/article>\n","protected":false},"excerpt":{"rendered":"<p>Art\u00edculos y documentos Tejer Caminos: Historia de Terapia Ocupacional en Cuidados Paliativos en Argentina 1\u00b0 Jornada de TO en el \u00e1mbito laboral Evaluaci\u00f3n de actividades de la vida diaria Declaraci\u00f3n de Posicionamiento Teletrabajo TO Presentaci\u00f3n Ramugondo \u2013 Congreso 2018 Manual del\/la Terapista ocupacional prestador\/A de discapacidad<\/p>\n","protected":false},"author":18,"featured_media":0,"parent":0,"menu_order":0,"comment_status":"closed","ping_status":"closed","template":"","meta":{"_uag_custom_page_level_css":"","footnotes":""},"uagb_featured_image_src":{"full":false,"thumbnail":false,"medium":false,"medium_large":false,"large":false,"1536x1536":false,"2048x2048":false},"uagb_author_info":{"display_name":"","author_link":"https:\/\/terapia-ocupacional.org.ar\/?author=18"},"uagb_comment_info":0,"uagb_excerpt":"Art\u00edculos y documentos Tejer Caminos: Historia de Terapia Ocupacional en Cuidados Paliativos en Argentina 1\u00b0 Jornada de TO en el \u00e1mbito laboral Evaluaci\u00f3n de actividades de la vida diaria Declaraci\u00f3n de Posicionamiento Teletrabajo TO Presentaci\u00f3n Ramugondo \u2013 Congreso 2018 Manual del\/la Terapista ocupacional prestador\/A de discapacidad","_links":{"self":[{"href":"https:\/\/terapia-ocupacional.org.ar\/index.php?rest_route=\/wp\/v2\/pages\/1081"}],"collection":[{"href":"https:\/\/terapia-ocupacional.org.ar\/index.php?rest_route=\/wp\/v2\/pages"}],"about":[{"href":"https:\/\/terapia-ocupacional.org.ar\/index.php?rest_route=\/wp\/v2\/types\/page"}],"author":[{"embeddable":true,"href":"https:\/\/terapia-ocupacional.org.ar\/index.php?rest_route=\/wp\/v2\/users\/18"}],"replies":[{"embeddable":true,"href":"https:\/\/terapia-ocupacional.org.ar\/index.php?rest_route=%2Fwp%2Fv2%2Fcomments&post=1081"}],"version-history":[{"count":25,"href":"https:\/\/terapia-ocupacional.org.ar\/index.php?rest_route=\/wp\/v2\/pages\/1081\/revisions"}],"predecessor-version":[{"id":2707,"href":"https:\/\/terapia-ocupacional.org.ar\/index.php?rest_route=\/wp\/v2\/pages\/1081\/revisions\/2707"}],"wp:attachment":[{"href":"https:\/\/terapia-ocupacional.org.ar\/index.php?rest_route=%2Fwp%2Fv2%2Fmedia&parent=1081"}],"curies":[{"name":"wp","href":"https:\/\/api.w.org\/{rel}","templated":true}]}}